{"id":1012,"date":"2018-02-08T10:17:31","date_gmt":"2018-02-08T09:17:31","guid":{"rendered":"http:\/\/kralovany.ecavlos.sk\/?page_id=1012"},"modified":"2020-09-04T06:07:32","modified_gmt":"2020-09-04T04:07:32","slug":"2017-2","status":"publish","type":"page","link":"https:\/\/kralovany.ecavlos.sk\/?page_id=1012","title":{"rendered":"2017"},"content":{"rendered":"<p><span style=\"color: #000000;\">Pootvorme dvere r. 2017 a nahliadnime, \u010do sme v \u0148om pre\u017eili.<\/span><\/p>\n","protected":false},"excerpt":{"rendered":"<p>Pootvorme dvere r. 2017 a nahliadnime, \u010do sme v \u0148om pre\u017eili.<\/p>\n","protected":false},"author":1,"featured_media":0,"parent":550,"menu_order":0,"comment_status":"closed","ping_status":"closed","template":"","meta":{"footnotes":""},"class_list":["post-1012","page","type-page","status-publish","hentry"],"_links":{"self":[{"href":"https:\/\/kralovany.ecavlos.sk\/index.php?rest_route=\/wp\/v2\/pages\/1012"}],"collection":[{"href":"https:\/\/kralovany.ecavlos.sk\/index.php?rest_route=\/wp\/v2\/pages"}],"about":[{"href":"https:\/\/kralovany.ecavlos.sk\/index.php?rest_route=\/wp\/v2\/types\/page"}],"author":[{"embeddable":true,"href":"https:\/\/kralovany.ecavlos.sk\/index.php?rest_route=\/wp\/v2\/users\/1"}],"replies":[{"embeddable":true,"href":"https:\/\/kralovany.ecavlos.sk\/index.php?rest_route=%2Fwp%2Fv2%2Fcomments&post=1012"}],"version-history":[{"count":2,"href":"https:\/\/kralovany.ecavlos.sk\/index.php?rest_route=\/wp\/v2\/pages\/1012\/revisions"}],"predecessor-version":[{"id":2311,"href":"https:\/\/kralovany.ecavlos.sk\/index.php?rest_route=\/wp\/v2\/pages\/1012\/revisions\/2311"}],"up":[{"embeddable":true,"href":"https:\/\/kralovany.ecavlos.sk\/index.php?rest_route=\/wp\/v2\/pages\/550"}],"wp:attachment":[{"href":"https:\/\/kralovany.ecavlos.sk\/index.php?rest_route=%2Fwp%2Fv2%2Fmedia&parent=1012"}],"curies":[{"name":"wp","href":"https:\/\/api.w.org\/{rel}","templated":true}]}}