{"id":1019,"date":"2018-02-08T19:40:29","date_gmt":"2018-02-08T18:40:29","guid":{"rendered":"http:\/\/kralovany.ecavlos.sk\/?page_id=1019"},"modified":"2018-02-08T19:44:54","modified_gmt":"2018-02-08T18:44:54","slug":"reformacne-slavnosti-kralovany","status":"publish","type":"page","link":"https:\/\/kralovany.ecavlos.sk\/?page_id=1019","title":{"rendered":"Reforma\u010dn\u00e9 sl\u00e1vnosti Kra\u013eovany"},"content":{"rendered":"<p>&nbsp;<\/p>\n<p><span style=\"color: #000000;\">V\u00fdznamn\u00e9 jubileum\u00a0 &#8211; 500. v\u00fdro\u010die reform\u00e1cie sme si pripom\u00ednali aj v\u00a0na\u0161om cirkevnom zbore.<\/span><\/p>\n<p><span style=\"color: #000000;\">Od apr\u00edla do decembra bol nad vchodom do chr\u00e1mu nai\u0161talovan\u00fd <strong>baner<\/strong> s\u00a0Lutherovou ru\u017eou uprostred a\u00a0s\u00a0v\u00fdznamn\u00fdmi jubilejn\u00fdmi rokmi.<\/span><\/p>\n<p><span style=\"color: #000000;\"><strong>Na biblick\u00fdch hodin\u00e1ch dospel\u00fdch<\/strong> sme sa venovali reform\u00e1cii a\u00a0reforma\u010dn\u00fdm princ\u00edpom u\u017e dlh\u0161iu dobu a\u00a0v\u00a0jeseni sme sa zozn\u00e1mili s\u00a095. v\u00fdpovediami Dr. Martina Luthera. Odkazy reform\u00e1cie zazneli aj na nejedn\u00fdch slu\u017eb\u00e1ch Bo\u017e\u00edch. \u00a0\u00a0<\/span><\/p>\n<p><span style=\"color: #000000;\">D\u0148a 31. okt\u00f3bra sa v\u00a0na\u0161om chr\u00e1me konali ra\u0148aj\u0161ie sl\u00e1vnostn\u00e9 Slu\u017eby Bo\u017eie, na ktor\u00fdch bola odhalen\u00e1 <strong>pam\u00e4tn\u00e1 tabu\u013ea<\/strong> k\u00a0tomuto v\u00fdro\u010diu. Po Slu\u017eb\u00e1ch Bo\u017e\u00edch bol v\u00a0z\u00e1hrade za kostolom zasaden\u00fd <strong>Strom reform\u00e1cie<\/strong>.<\/span><\/p>\n<p><span style=\"color: #000000;\">Na\u0161u v\u010fa\u010dnos\u0165 za Bo\u017eie dielo medzi nami sme do modlitieb a\u00a0piesn\u00ed vlo\u017eili aj na ve\u010dern\u00fdch Slu\u017eb\u00e1ch Bo\u017e\u00edch, v\u00a0r\u00e1mci ktor\u00fdch bol premietan\u00fd <strong>dokument\u00e1rny film Po stop\u00e1ch Dr. Martina Luthera<\/strong>.<\/span><\/p>\n<p><span style=\"color: #000000;\">Poci\u0165ujeme ve\u013ek\u00fa v\u010fa\u010dnos\u0165 P\u00e1nu Bohu, \u017ee sme sa mohli do\u017ei\u0165 tak\u00e9ho v\u00fdznamn\u00e9ho jubilea. Vid\u00edme v \u0148om \u00fa\u017easn\u00fa milos\u0165 Bo\u017eiu, ktor\u00fa na n\u00e1s P\u00e1n Boh zosiela v na\u0161ej cirkvi, v na\u0161om cirkevnom zbore, v na\u0161ich rodin\u00e1ch i v na\u0161om \u017eivote.<\/span><\/p>\n<p>&nbsp;<\/p>\n<p><img loading=\"lazy\" decoding=\"async\" class=\"alignnone size-medium wp-image-1040\" src=\"http:\/\/kralovany.ecavlos.sk\/wp-content\/uploads\/2018\/02\/Sn\u00edmka-300x199.png\" alt=\"\" width=\"300\" height=\"199\" srcset=\"https:\/\/kralovany.ecavlos.sk\/wp-content\/uploads\/2018\/02\/Sn\u00edmka-300x199.png 300w, https:\/\/kralovany.ecavlos.sk\/wp-content\/uploads\/2018\/02\/Sn\u00edmka-768x510.png 768w, https:\/\/kralovany.ecavlos.sk\/wp-content\/uploads\/2018\/02\/Sn\u00edmka.png 933w\" sizes=\"(max-width: 300px) 100vw, 300px\" \/>\u00a0\u00a0\u00a0\u00a0\u00a0 <img loading=\"lazy\" decoding=\"async\" class=\"alignnone size-medium wp-image-1020\" src=\"http:\/\/kralovany.ecavlos.sk\/wp-content\/uploads\/2018\/02\/a1-300x225.jpg\" alt=\"\" width=\"300\" height=\"225\" srcset=\"https:\/\/kralovany.ecavlos.sk\/wp-content\/uploads\/2018\/02\/a1-300x225.jpg 300w, https:\/\/kralovany.ecavlos.sk\/wp-content\/uploads\/2018\/02\/a1-768x576.jpg 768w, https:\/\/kralovany.ecavlos.sk\/wp-content\/uploads\/2018\/02\/a1-1024x768.jpg 1024w, https:\/\/kralovany.ecavlos.sk\/wp-content\/uploads\/2018\/02\/a1.jpg 2048w\" sizes=\"(max-width: 300px) 100vw, 300px\" \/>\u00a0\u00a0\u00a0\u00a0\u00a0\u00a0<img loading=\"lazy\" decoding=\"async\" class=\"alignnone size-medium wp-image-1022\" src=\"http:\/\/kralovany.ecavlos.sk\/wp-content\/uploads\/2018\/02\/a5-300x225.jpg\" alt=\"\" width=\"300\" height=\"225\" srcset=\"https:\/\/kralovany.ecavlos.sk\/wp-content\/uploads\/2018\/02\/a5-300x225.jpg 300w, https:\/\/kralovany.ecavlos.sk\/wp-content\/uploads\/2018\/02\/a5-768x576.jpg 768w, https:\/\/kralovany.ecavlos.sk\/wp-content\/uploads\/2018\/02\/a5-1024x768.jpg 1024w, https:\/\/kralovany.ecavlos.sk\/wp-content\/uploads\/2018\/02\/a5.jpg 2048w\" sizes=\"(max-width: 300px) 100vw, 300px\" \/>\u00a0\u00a0\u00a0\u00a0\u00a0\u00a0 <img loading=\"lazy\" decoding=\"async\" class=\"alignnone size-medium wp-image-1023\" src=\"http:\/\/kralovany.ecavlos.sk\/wp-content\/uploads\/2018\/02\/a6-300x225.jpg\" alt=\"\" width=\"300\" height=\"225\" srcset=\"https:\/\/kralovany.ecavlos.sk\/wp-content\/uploads\/2018\/02\/a6-300x225.jpg 300w, https:\/\/kralovany.ecavlos.sk\/wp-content\/uploads\/2018\/02\/a6-768x576.jpg 768w, https:\/\/kralovany.ecavlos.sk\/wp-content\/uploads\/2018\/02\/a6-1024x768.jpg 1024w, https:\/\/kralovany.ecavlos.sk\/wp-content\/uploads\/2018\/02\/a6.jpg 2048w\" sizes=\"(max-width: 300px) 100vw, 300px\" \/>\u00a0\u00a0\u00a0\u00a0\u00a0\u00a0 <img loading=\"lazy\" decoding=\"async\" class=\"alignnone size-medium wp-image-1024\" src=\"http:\/\/kralovany.ecavlos.sk\/wp-content\/uploads\/2018\/02\/IMG_4703-300x225.jpg\" alt=\"\" width=\"300\" height=\"225\" srcset=\"https:\/\/kralovany.ecavlos.sk\/wp-content\/uploads\/2018\/02\/IMG_4703-300x225.jpg 300w, https:\/\/kralovany.ecavlos.sk\/wp-content\/uploads\/2018\/02\/IMG_4703-768x576.jpg 768w, https:\/\/kralovany.ecavlos.sk\/wp-content\/uploads\/2018\/02\/IMG_4703-1024x768.jpg 1024w, https:\/\/kralovany.ecavlos.sk\/wp-content\/uploads\/2018\/02\/IMG_4703.jpg 2048w\" sizes=\"(max-width: 300px) 100vw, 300px\" \/> \u00a0 \u00a0 \u00a0 <img loading=\"lazy\" decoding=\"async\" class=\"alignnone size-medium wp-image-1025\" src=\"http:\/\/kralovany.ecavlos.sk\/wp-content\/uploads\/2018\/02\/IMG_4721-300x225.jpg\" alt=\"\" width=\"300\" height=\"225\" srcset=\"https:\/\/kralovany.ecavlos.sk\/wp-content\/uploads\/2018\/02\/IMG_4721-300x225.jpg 300w, https:\/\/kralovany.ecavlos.sk\/wp-content\/uploads\/2018\/02\/IMG_4721-768x576.jpg 768w, https:\/\/kralovany.ecavlos.sk\/wp-content\/uploads\/2018\/02\/IMG_4721-1024x768.jpg 1024w, https:\/\/kralovany.ecavlos.sk\/wp-content\/uploads\/2018\/02\/IMG_4721.jpg 2048w\" sizes=\"(max-width: 300px) 100vw, 300px\" \/> \u00a0 \u00a0 \u00a0 <img loading=\"lazy\" decoding=\"async\" class=\"alignnone size-medium wp-image-1026\" src=\"http:\/\/kralovany.ecavlos.sk\/wp-content\/uploads\/2018\/02\/IMG_4725-300x225.jpg\" alt=\"\" width=\"300\" height=\"225\" srcset=\"https:\/\/kralovany.ecavlos.sk\/wp-content\/uploads\/2018\/02\/IMG_4725-300x225.jpg 300w, https:\/\/kralovany.ecavlos.sk\/wp-content\/uploads\/2018\/02\/IMG_4725-768x576.jpg 768w, https:\/\/kralovany.ecavlos.sk\/wp-content\/uploads\/2018\/02\/IMG_4725-1024x768.jpg 1024w, https:\/\/kralovany.ecavlos.sk\/wp-content\/uploads\/2018\/02\/IMG_4725.jpg 2048w\" sizes=\"(max-width: 300px) 100vw, 300px\" \/>\u00a0\u00a0\u00a0\u00a0\u00a0\u00a0 <img loading=\"lazy\" decoding=\"async\" class=\"alignnone size-medium wp-image-1027\" src=\"http:\/\/kralovany.ecavlos.sk\/wp-content\/uploads\/2018\/02\/IMG_4729-300x225.jpg\" alt=\"\" width=\"300\" height=\"225\" srcset=\"https:\/\/kralovany.ecavlos.sk\/wp-content\/uploads\/2018\/02\/IMG_4729-300x225.jpg 300w, https:\/\/kralovany.ecavlos.sk\/wp-content\/uploads\/2018\/02\/IMG_4729-768x576.jpg 768w, https:\/\/kralovany.ecavlos.sk\/wp-content\/uploads\/2018\/02\/IMG_4729-1024x768.jpg 1024w, https:\/\/kralovany.ecavlos.sk\/wp-content\/uploads\/2018\/02\/IMG_4729.jpg 2048w\" sizes=\"(max-width: 300px) 100vw, 300px\" \/>\u00a0\u00a0\u00a0\u00a0\u00a0\u00a0 <img loading=\"lazy\" decoding=\"async\" class=\"alignnone size-medium wp-image-1028\" src=\"http:\/\/kralovany.ecavlos.sk\/wp-content\/uploads\/2018\/02\/IMG_4731-300x225.jpg\" alt=\"\" width=\"300\" height=\"225\" srcset=\"https:\/\/kralovany.ecavlos.sk\/wp-content\/uploads\/2018\/02\/IMG_4731-300x225.jpg 300w, https:\/\/kralovany.ecavlos.sk\/wp-content\/uploads\/2018\/02\/IMG_4731-768x576.jpg 768w, https:\/\/kralovany.ecavlos.sk\/wp-content\/uploads\/2018\/02\/IMG_4731-1024x768.jpg 1024w, https:\/\/kralovany.ecavlos.sk\/wp-content\/uploads\/2018\/02\/IMG_4731.jpg 2048w\" sizes=\"(max-width: 300px) 100vw, 300px\" \/>\u00a0\u00a0\u00a0\u00a0\u00a0 <img loading=\"lazy\" decoding=\"async\" class=\"alignnone size-medium wp-image-1029\" src=\"http:\/\/kralovany.ecavlos.sk\/wp-content\/uploads\/2018\/02\/IMG_4735-300x225.jpg\" alt=\"\" width=\"300\" height=\"225\" srcset=\"https:\/\/kralovany.ecavlos.sk\/wp-content\/uploads\/2018\/02\/IMG_4735-300x225.jpg 300w, https:\/\/kralovany.ecavlos.sk\/wp-content\/uploads\/2018\/02\/IMG_4735-768x576.jpg 768w, https:\/\/kralovany.ecavlos.sk\/wp-content\/uploads\/2018\/02\/IMG_4735-1024x768.jpg 1024w, https:\/\/kralovany.ecavlos.sk\/wp-content\/uploads\/2018\/02\/IMG_4735.jpg 2048w\" sizes=\"(max-width: 300px) 100vw, 300px\" \/>\u00a0\u00a0\u00a0\u00a0\u00a0\u00a0 <img loading=\"lazy\" decoding=\"async\" class=\"alignnone size-medium wp-image-1030\" src=\"http:\/\/kralovany.ecavlos.sk\/wp-content\/uploads\/2018\/02\/IMG_4737-300x225.jpg\" alt=\"\" width=\"300\" height=\"225\" srcset=\"https:\/\/kralovany.ecavlos.sk\/wp-content\/uploads\/2018\/02\/IMG_4737-300x225.jpg 300w, https:\/\/kralovany.ecavlos.sk\/wp-content\/uploads\/2018\/02\/IMG_4737-768x576.jpg 768w, https:\/\/kralovany.ecavlos.sk\/wp-content\/uploads\/2018\/02\/IMG_4737-1024x768.jpg 1024w, https:\/\/kralovany.ecavlos.sk\/wp-content\/uploads\/2018\/02\/IMG_4737.jpg 2048w\" sizes=\"(max-width: 300px) 100vw, 300px\" \/>\u00a0\u00a0\u00a0\u00a0\u00a0 <img loading=\"lazy\" decoding=\"async\" class=\"alignnone size-medium wp-image-1031\" src=\"http:\/\/kralovany.ecavlos.sk\/wp-content\/uploads\/2018\/02\/IMG_4739-300x225.jpg\" alt=\"\" width=\"300\" height=\"225\" srcset=\"https:\/\/kralovany.ecavlos.sk\/wp-content\/uploads\/2018\/02\/IMG_4739-300x225.jpg 300w, https:\/\/kralovany.ecavlos.sk\/wp-content\/uploads\/2018\/02\/IMG_4739-768x576.jpg 768w, https:\/\/kralovany.ecavlos.sk\/wp-content\/uploads\/2018\/02\/IMG_4739-1024x768.jpg 1024w, https:\/\/kralovany.ecavlos.sk\/wp-content\/uploads\/2018\/02\/IMG_4739.jpg 2048w\" sizes=\"(max-width: 300px) 100vw, 300px\" \/>\u00a0\u00a0\u00a0\u00a0\u00a0\u00a0 <img loading=\"lazy\" decoding=\"async\" class=\"alignnone size-medium wp-image-1032\" src=\"http:\/\/kralovany.ecavlos.sk\/wp-content\/uploads\/2018\/02\/IMG_4741-300x225.jpg\" alt=\"\" width=\"300\" height=\"225\" srcset=\"https:\/\/kralovany.ecavlos.sk\/wp-content\/uploads\/2018\/02\/IMG_4741-300x225.jpg 300w, https:\/\/kralovany.ecavlos.sk\/wp-content\/uploads\/2018\/02\/IMG_4741-768x576.jpg 768w, https:\/\/kralovany.ecavlos.sk\/wp-content\/uploads\/2018\/02\/IMG_4741-1024x768.jpg 1024w, https:\/\/kralovany.ecavlos.sk\/wp-content\/uploads\/2018\/02\/IMG_4741.jpg 2048w\" sizes=\"(max-width: 300px) 100vw, 300px\" \/>\u00a0 \u00a0\u00a0\u00a0 <img loading=\"lazy\" decoding=\"async\" class=\"alignnone size-medium wp-image-1033\" src=\"http:\/\/kralovany.ecavlos.sk\/wp-content\/uploads\/2018\/02\/IMG_4743-300x225.jpg\" alt=\"\" width=\"300\" height=\"225\" srcset=\"https:\/\/kralovany.ecavlos.sk\/wp-content\/uploads\/2018\/02\/IMG_4743-300x225.jpg 300w, https:\/\/kralovany.ecavlos.sk\/wp-content\/uploads\/2018\/02\/IMG_4743-768x576.jpg 768w, https:\/\/kralovany.ecavlos.sk\/wp-content\/uploads\/2018\/02\/IMG_4743-1024x768.jpg 1024w, https:\/\/kralovany.ecavlos.sk\/wp-content\/uploads\/2018\/02\/IMG_4743.jpg 2048w\" sizes=\"(max-width: 300px) 100vw, 300px\" \/> \u00a0 \u00a0 \u00a0 <img loading=\"lazy\" decoding=\"async\" class=\"alignnone size-medium wp-image-1034\" src=\"http:\/\/kralovany.ecavlos.sk\/wp-content\/uploads\/2018\/02\/IMG_4750-300x225.jpg\" alt=\"\" width=\"300\" height=\"225\" srcset=\"https:\/\/kralovany.ecavlos.sk\/wp-content\/uploads\/2018\/02\/IMG_4750-300x225.jpg 300w, https:\/\/kralovany.ecavlos.sk\/wp-content\/uploads\/2018\/02\/IMG_4750-768x576.jpg 768w, https:\/\/kralovany.ecavlos.sk\/wp-content\/uploads\/2018\/02\/IMG_4750-1024x768.jpg 1024w, https:\/\/kralovany.ecavlos.sk\/wp-content\/uploads\/2018\/02\/IMG_4750.jpg 2048w\" sizes=\"(max-width: 300px) 100vw, 300px\" \/>\u00a0\u00a0\u00a0\u00a0\u00a0 <img loading=\"lazy\" decoding=\"async\" class=\"alignnone size-medium wp-image-1035\" src=\"http:\/\/kralovany.ecavlos.sk\/wp-content\/uploads\/2018\/02\/IMG_4756-300x225.jpg\" alt=\"\" width=\"300\" height=\"225\" srcset=\"https:\/\/kralovany.ecavlos.sk\/wp-content\/uploads\/2018\/02\/IMG_4756-300x225.jpg 300w, https:\/\/kralovany.ecavlos.sk\/wp-content\/uploads\/2018\/02\/IMG_4756-768x576.jpg 768w, https:\/\/kralovany.ecavlos.sk\/wp-content\/uploads\/2018\/02\/IMG_4756-1024x768.jpg 1024w, https:\/\/kralovany.ecavlos.sk\/wp-content\/uploads\/2018\/02\/IMG_4756.jpg 2048w\" sizes=\"(max-width: 300px) 100vw, 300px\" \/> \u00a0 \u00a0 \u00a0 <img loading=\"lazy\" decoding=\"async\" class=\"alignnone size-medium wp-image-1036\" src=\"http:\/\/kralovany.ecavlos.sk\/wp-content\/uploads\/2018\/02\/IMG_4784-225x300.jpg\" alt=\"\" width=\"225\" height=\"300\" srcset=\"https:\/\/kralovany.ecavlos.sk\/wp-content\/uploads\/2018\/02\/IMG_4784-225x300.jpg 225w, https:\/\/kralovany.ecavlos.sk\/wp-content\/uploads\/2018\/02\/IMG_4784-768x1024.jpg 768w, https:\/\/kralovany.ecavlos.sk\/wp-content\/uploads\/2018\/02\/IMG_4784.jpg 1536w\" sizes=\"(max-width: 225px) 100vw, 225px\" \/> \u00a0\u00a0\u00a0\u00a0 <img loading=\"lazy\" decoding=\"async\" class=\"alignnone wp-image-1038\" src=\"http:\/\/kralovany.ecavlos.sk\/wp-content\/uploads\/2018\/02\/IMG_4771-300x225.jpg\" alt=\"\" width=\"327\" height=\"245\" srcset=\"https:\/\/kralovany.ecavlos.sk\/wp-content\/uploads\/2018\/02\/IMG_4771-300x225.jpg 300w, https:\/\/kralovany.ecavlos.sk\/wp-content\/uploads\/2018\/02\/IMG_4771-768x576.jpg 768w, https:\/\/kralovany.ecavlos.sk\/wp-content\/uploads\/2018\/02\/IMG_4771-1024x768.jpg 1024w, https:\/\/kralovany.ecavlos.sk\/wp-content\/uploads\/2018\/02\/IMG_4771.jpg 2048w\" sizes=\"(max-width: 327px) 100vw, 327px\" \/><\/p>\n","protected":false},"excerpt":{"rendered":"<p>&nbsp; V\u00fdznamn\u00e9 jubileum\u00a0 &#8211; 500. v\u00fdro\u010die reform\u00e1cie sme si pripom\u00ednali aj v\u00a0na\u0161om cirkevnom zbore. Od apr\u00edla do decembra bol nad vchodom do chr\u00e1mu nai\u0161talovan\u00fd baner s\u00a0Lutherovou ru\u017eou uprostred a\u00a0s\u00a0v\u00fdznamn\u00fdmi jubilejn\u00fdmi rokmi. Na biblick\u00fdch hodin\u00e1ch dospel\u00fdch sme sa venovali reform\u00e1cii a\u00a0reforma\u010dn\u00fdm princ\u00edpom u\u017e dlh\u0161iu dobu a\u00a0v\u00a0jeseni sme sa zozn\u00e1mili s\u00a095. v\u00fdpovediami Dr. Martina Luthera. Odkazy reform\u00e1cie [&hellip;]<\/p>\n","protected":false},"author":1,"featured_media":0,"parent":629,"menu_order":0,"comment_status":"closed","ping_status":"closed","template":"","meta":{"footnotes":""},"class_list":["post-1019","page","type-page","status-publish","hentry"],"_links":{"self":[{"href":"https:\/\/kralovany.ecavlos.sk\/index.php?rest_route=\/wp\/v2\/pages\/1019"}],"collection":[{"href":"https:\/\/kralovany.ecavlos.sk\/index.php?rest_route=\/wp\/v2\/pages"}],"about":[{"href":"https:\/\/kralovany.ecavlos.sk\/index.php?rest_route=\/wp\/v2\/types\/page"}],"author":[{"embeddable":true,"href":"https:\/\/kralovany.ecavlos.sk\/index.php?rest_route=\/wp\/v2\/users\/1"}],"replies":[{"embeddable":true,"href":"https:\/\/kralovany.ecavlos.sk\/index.php?rest_route=%2Fwp%2Fv2%2Fcomments&post=1019"}],"version-history":[{"count":2,"href":"https:\/\/kralovany.ecavlos.sk\/index.php?rest_route=\/wp\/v2\/pages\/1019\/revisions"}],"predecessor-version":[{"id":1045,"href":"https:\/\/kralovany.ecavlos.sk\/index.php?rest_route=\/wp\/v2\/pages\/1019\/revisions\/1045"}],"up":[{"embeddable":true,"href":"https:\/\/kralovany.ecavlos.sk\/index.php?rest_route=\/wp\/v2\/pages\/629"}],"wp:attachment":[{"href":"https:\/\/kralovany.ecavlos.sk\/index.php?rest_route=%2Fwp%2Fv2%2Fmedia&parent=1019"}],"curies":[{"name":"wp","href":"https:\/\/api.w.org\/{rel}","templated":true}]}}