{"id":1083,"date":"2018-02-10T17:58:48","date_gmt":"2018-02-10T16:58:48","guid":{"rendered":"http:\/\/kralovany.ecavlos.sk\/?page_id=1083"},"modified":"2018-02-10T17:58:48","modified_gmt":"2018-02-10T16:58:48","slug":"pomoc-socialne-slabsim-rodinam","status":"publish","type":"page","link":"https:\/\/kralovany.ecavlos.sk\/?page_id=1083","title":{"rendered":"Pomoc soci\u00e1lne slab\u0161\u00edm rodin\u00e1m"},"content":{"rendered":"<p>&nbsp;<\/p>\n<p><span style=\"color: #000000;\">Druh\u00fd rok sa nieko\u013eko \u010dlenov n\u00e1\u0161ho cirkevn\u00e9ho zboru zapojilo do projektu <strong>KO\u013dKO L\u00c1SKY SA ZMEST\u00cd DO KRABICE OD TOP\u00c1NOK.<\/strong> Tento projekt podporuje deti zo soci\u00e1lne slab\u0161\u00edch rod\u00edn v Srbsku. Hoci sme deti osobne nepoznali, pomocou poskytnut\u00fdch inform\u00e1ci\u00ed sme pre ne s l\u00e1skou pripravili viano\u010dn\u00e9 dar\u010deky. Ver\u00edme, \u017ee roz\u017eiarili detsk\u00e9 o\u010dk\u00e1 a ich srdie\u010dka naplnili \u00faprimnou rados\u0165ou.<\/span><\/p>\n<p><img loading=\"lazy\" decoding=\"async\" class=\"alignnone size-medium wp-image-1084\" src=\"http:\/\/kralovany.ecavlos.sk\/wp-content\/uploads\/2018\/02\/IMG_5276-300x198.jpg\" alt=\"\" width=\"300\" height=\"198\" srcset=\"https:\/\/kralovany.ecavlos.sk\/wp-content\/uploads\/2018\/02\/IMG_5276-300x198.jpg 300w, https:\/\/kralovany.ecavlos.sk\/wp-content\/uploads\/2018\/02\/IMG_5276-768x508.jpg 768w, https:\/\/kralovany.ecavlos.sk\/wp-content\/uploads\/2018\/02\/IMG_5276-1024x677.jpg 1024w, https:\/\/kralovany.ecavlos.sk\/wp-content\/uploads\/2018\/02\/IMG_5276.jpg 1732w\" sizes=\"(max-width: 300px) 100vw, 300px\" \/><\/p>\n","protected":false},"excerpt":{"rendered":"<p>&nbsp; Druh\u00fd rok sa nieko\u013eko \u010dlenov n\u00e1\u0161ho cirkevn\u00e9ho zboru zapojilo do projektu KO\u013dKO L\u00c1SKY SA ZMEST\u00cd DO KRABICE OD TOP\u00c1NOK. Tento projekt podporuje deti zo soci\u00e1lne slab\u0161\u00edch rod\u00edn v Srbsku. Hoci sme deti osobne nepoznali, pomocou poskytnut\u00fdch inform\u00e1ci\u00ed sme pre ne s l\u00e1skou pripravili viano\u010dn\u00e9 dar\u010deky. Ver\u00edme, \u017ee roz\u017eiarili detsk\u00e9 o\u010dk\u00e1 a ich srdie\u010dka naplnili [&hellip;]<\/p>\n","protected":false},"author":1,"featured_media":0,"parent":1012,"menu_order":0,"comment_status":"closed","ping_status":"closed","template":"","meta":{"footnotes":""},"class_list":["post-1083","page","type-page","status-publish","hentry"],"_links":{"self":[{"href":"https:\/\/kralovany.ecavlos.sk\/index.php?rest_route=\/wp\/v2\/pages\/1083"}],"collection":[{"href":"https:\/\/kralovany.ecavlos.sk\/index.php?rest_route=\/wp\/v2\/pages"}],"about":[{"href":"https:\/\/kralovany.ecavlos.sk\/index.php?rest_route=\/wp\/v2\/types\/page"}],"author":[{"embeddable":true,"href":"https:\/\/kralovany.ecavlos.sk\/index.php?rest_route=\/wp\/v2\/users\/1"}],"replies":[{"embeddable":true,"href":"https:\/\/kralovany.ecavlos.sk\/index.php?rest_route=%2Fwp%2Fv2%2Fcomments&post=1083"}],"version-history":[{"count":1,"href":"https:\/\/kralovany.ecavlos.sk\/index.php?rest_route=\/wp\/v2\/pages\/1083\/revisions"}],"predecessor-version":[{"id":1085,"href":"https:\/\/kralovany.ecavlos.sk\/index.php?rest_route=\/wp\/v2\/pages\/1083\/revisions\/1085"}],"up":[{"embeddable":true,"href":"https:\/\/kralovany.ecavlos.sk\/index.php?rest_route=\/wp\/v2\/pages\/1012"}],"wp:attachment":[{"href":"https:\/\/kralovany.ecavlos.sk\/index.php?rest_route=%2Fwp%2Fv2%2Fmedia&parent=1083"}],"curies":[{"name":"wp","href":"https:\/\/api.w.org\/{rel}","templated":true}]}}