{"id":117,"date":"2017-04-18T16:55:34","date_gmt":"2017-04-18T14:55:34","guid":{"rendered":"http:\/\/kralovany.ecavlos.sk\/?page_id=117"},"modified":"2023-10-30T20:28:18","modified_gmt":"2023-10-30T19:28:18","slug":"sluzby-bozie","status":"publish","type":"page","link":"https:\/\/kralovany.ecavlos.sk\/?page_id=117","title":{"rendered":"Slu\u017eby Bo\u017eie"},"content":{"rendered":"<p><span style=\"color: #000000;\"><strong>SLU\u017dBY BO\u017dIE<\/strong> sa konaj\u00fa na dvoch bohoslu\u017eobn\u00fdch miestach<\/span><\/p>\n<p><span style=\"color: #000000;\">ka\u017ed\u00fa nede\u013eu o 8.30 hod<\/span><span style=\"color: #000000;\">.\u00a0 \u00a0 \u00a0 \u00a0 \u00a0 \u00a0 \u00a0 \u00a0 \u00a0 \u00a0 \u00a0 \u00a0chr\u00e1m Bo\u017e\u00ed v Kra\u013eovanoch<\/span><\/p>\n<p><span style=\"color: #000000;\">nep\u00e1rnu nede\u013eu o 10.00 hod.\u00a0 \u00a0 \u00a0 \u00a0 \u00a0 \u00a0 \u00a0 \u00a0 \u00a0 na 2. poschod\u00ed Obecn\u00e9ho \u00faradu v \u013dubochni<\/span><\/p>\n<p><span style=\"color: #000000;\">Od septembra 2020 sa v\u017edy <strong>posledn\u00fa nede\u013eu v mesiaci o 11.00 hod. v\u00a0 chr\u00e1me Bo\u017eom v Kra\u013eovanoch<\/strong> bud\u00fa kona\u0165 <strong>detsk\u00e9 Slu\u017eby Bo\u017eie<\/strong>.<\/span><\/p>\n<p><span style=\"color: #000000;\">Od septembra 2023 sa v\u017edy <strong>druh\u00fa nede\u013eu v mesiaci o 8.30 hod. v chr\u00e1me Bo\u017eom<\/strong> konaj\u00fa <strong>konfislu\u017eby<\/strong>. S\u00fa to slu\u017eby Bo\u017eie, ktor\u00e9 organizuj\u00fa a ved\u00fa na\u0161i konfirmandi.<\/span><\/p>\n<p><span style=\"color: #000000;\"><strong><img loading=\"lazy\" decoding=\"async\" class=\"wp-image-248 alignright\" src=\"http:\/\/kralovany.ecavlos.sk\/wp-content\/uploads\/2017\/04\/IMG_7805-1-300x225.jpg\" alt=\"\" width=\"301\" height=\"226\" srcset=\"https:\/\/kralovany.ecavlos.sk\/wp-content\/uploads\/2017\/04\/IMG_7805-1-300x225.jpg 300w, https:\/\/kralovany.ecavlos.sk\/wp-content\/uploads\/2017\/04\/IMG_7805-1-768x576.jpg 768w, https:\/\/kralovany.ecavlos.sk\/wp-content\/uploads\/2017\/04\/IMG_7805-1-1024x768.jpg 1024w, https:\/\/kralovany.ecavlos.sk\/wp-content\/uploads\/2017\/04\/IMG_7805-1-700x525.jpg 700w, https:\/\/kralovany.ecavlos.sk\/wp-content\/uploads\/2017\/04\/IMG_7805-1.jpg 2048w\" sizes=\"(max-width: 301px) 100vw, 301px\" \/>Prisluhovanie sviatosti Ve\u010dere P\u00e1novej <\/strong><\/span><\/p>\n<p><span style=\"color: #000000;\">1. febru\u00e1rov\u00e1 nede\u013ea<\/span><\/p>\n<p><span style=\"color: #000000;\">4. p\u00f4stna nede\u013ea<\/span><\/p>\n<p><span style=\"color: #000000;\">Zelen\u00fd \u0161tvrtok<\/span><\/p>\n<p><span style=\"color: #000000;\">Konfirma\u010dn\u00e1 sl\u00e1vnos\u0165<\/span><\/p>\n<p><span style=\"color: #000000;\">De\u0148 pok\u00e1nia<\/span><\/p>\n<p><span style=\"color: #000000;\">Kaj\u00faca nede\u013ea<\/span><\/p>\n<p><span style=\"color: #000000;\">1. okt\u00f3brov\u00e1 nede\u013ea<\/span><span style=\"color: #000000;\"><img loading=\"lazy\" decoding=\"async\" class=\"size-medium wp-image-505 alignright\" src=\"http:\/\/kralovany.ecavlos.sk\/wp-content\/uploads\/2017\/04\/IMG_8765-300x225.jpg\" alt=\"\" width=\"300\" height=\"225\" srcset=\"https:\/\/kralovany.ecavlos.sk\/wp-content\/uploads\/2017\/04\/IMG_8765-300x225.jpg 300w, https:\/\/kralovany.ecavlos.sk\/wp-content\/uploads\/2017\/04\/IMG_8765-768x576.jpg 768w, https:\/\/kralovany.ecavlos.sk\/wp-content\/uploads\/2017\/04\/IMG_8765-1024x768.jpg 1024w, https:\/\/kralovany.ecavlos.sk\/wp-content\/uploads\/2017\/04\/IMG_8765.jpg 2048w\" sizes=\"(max-width: 300px) 100vw, 300px\" \/><\/span><\/p>\n<p><span style=\"color: #000000;\">3. adventn\u00e1 nede\u013ea<\/span><\/p>\n<p><span style=\"color: #000000;\">4. adventn\u00e1 nede\u013ea<\/span><\/p>\n<p><span style=\"color: #000000;\">\u00a0<\/span><\/p>\n<p><span style=\"color: #000000;\"><strong>\u00a0<\/strong><\/span><\/p>\n\n\n<figure class=\"wp-block-gallery has-nested-images columns-default is-cropped wp-block-gallery-1 is-layout-flex wp-block-gallery-is-layout-flex\">\n<figure class=\"wp-block-image size-large\"><img loading=\"lazy\" decoding=\"async\" width=\"1024\" height=\"766\" data-id=\"3091\" src=\"http:\/\/kralovany.ecavlos.sk\/wp-content\/uploads\/2023\/10\/383818064_1407295449820594_3011757582070543386_n-1024x766.jpg\" alt=\"\" class=\"wp-image-3091\" srcset=\"https:\/\/kralovany.ecavlos.sk\/wp-content\/uploads\/2023\/10\/383818064_1407295449820594_3011757582070543386_n-1024x766.jpg 1024w, https:\/\/kralovany.ecavlos.sk\/wp-content\/uploads\/2023\/10\/383818064_1407295449820594_3011757582070543386_n-300x224.jpg 300w, https:\/\/kralovany.ecavlos.sk\/wp-content\/uploads\/2023\/10\/383818064_1407295449820594_3011757582070543386_n-768x574.jpg 768w, https:\/\/kralovany.ecavlos.sk\/wp-content\/uploads\/2023\/10\/383818064_1407295449820594_3011757582070543386_n-1536x1149.jpg 1536w, https:\/\/kralovany.ecavlos.sk\/wp-content\/uploads\/2023\/10\/383818064_1407295449820594_3011757582070543386_n.jpg 2000w\" sizes=\"(max-width: 1024px) 100vw, 1024px\" \/><\/figure>\n\n\n\n<figure class=\"wp-block-image size-large\"><img loading=\"lazy\" decoding=\"async\" width=\"1024\" height=\"766\" data-id=\"3093\" src=\"http:\/\/kralovany.ecavlos.sk\/wp-content\/uploads\/2023\/10\/387214919_1414118522471620_1694093899102194448_n-1024x766.jpg\" alt=\"\" class=\"wp-image-3093\" srcset=\"https:\/\/kralovany.ecavlos.sk\/wp-content\/uploads\/2023\/10\/387214919_1414118522471620_1694093899102194448_n-1024x766.jpg 1024w, https:\/\/kralovany.ecavlos.sk\/wp-content\/uploads\/2023\/10\/387214919_1414118522471620_1694093899102194448_n-300x224.jpg 300w, https:\/\/kralovany.ecavlos.sk\/wp-content\/uploads\/2023\/10\/387214919_1414118522471620_1694093899102194448_n-768x574.jpg 768w, https:\/\/kralovany.ecavlos.sk\/wp-content\/uploads\/2023\/10\/387214919_1414118522471620_1694093899102194448_n-1536x1149.jpg 1536w, https:\/\/kralovany.ecavlos.sk\/wp-content\/uploads\/2023\/10\/387214919_1414118522471620_1694093899102194448_n.jpg 2000w\" sizes=\"(max-width: 1024px) 100vw, 1024px\" \/><\/figure>\n\n\n\n<figure class=\"wp-block-image size-large\"><img loading=\"lazy\" decoding=\"async\" width=\"1024\" height=\"766\" data-id=\"3094\" src=\"http:\/\/kralovany.ecavlos.sk\/wp-content\/uploads\/2023\/10\/387830292_1414118425804963_6860560384288461569_n-1024x766.jpg\" alt=\"\" class=\"wp-image-3094\" srcset=\"https:\/\/kralovany.ecavlos.sk\/wp-content\/uploads\/2023\/10\/387830292_1414118425804963_6860560384288461569_n-1024x766.jpg 1024w, https:\/\/kralovany.ecavlos.sk\/wp-content\/uploads\/2023\/10\/387830292_1414118425804963_6860560384288461569_n-300x224.jpg 300w, https:\/\/kralovany.ecavlos.sk\/wp-content\/uploads\/2023\/10\/387830292_1414118425804963_6860560384288461569_n-768x574.jpg 768w, https:\/\/kralovany.ecavlos.sk\/wp-content\/uploads\/2023\/10\/387830292_1414118425804963_6860560384288461569_n-1536x1149.jpg 1536w, https:\/\/kralovany.ecavlos.sk\/wp-content\/uploads\/2023\/10\/387830292_1414118425804963_6860560384288461569_n.jpg 2000w\" sizes=\"(max-width: 1024px) 100vw, 1024px\" \/><\/figure>\n<\/figure>\n\n\n\n<figure class=\"wp-block-gallery has-nested-images columns-default is-cropped wp-block-gallery-2 is-layout-flex wp-block-gallery-is-layout-flex\">\n<figure class=\"wp-block-image size-large\"><img loading=\"lazy\" decoding=\"async\" width=\"768\" height=\"1024\" data-id=\"3147\" src=\"http:\/\/kralovany.ecavlos.sk\/wp-content\/uploads\/2023\/10\/367297653_701856255326066_3787119608266442681_n-768x1024.jpg\" alt=\"\" class=\"wp-image-3147\" srcset=\"https:\/\/kralovany.ecavlos.sk\/wp-content\/uploads\/2023\/10\/367297653_701856255326066_3787119608266442681_n-768x1024.jpg 768w, https:\/\/kralovany.ecavlos.sk\/wp-content\/uploads\/2023\/10\/367297653_701856255326066_3787119608266442681_n-225x300.jpg 225w, https:\/\/kralovany.ecavlos.sk\/wp-content\/uploads\/2023\/10\/367297653_701856255326066_3787119608266442681_n-1152x1536.jpg 1152w, https:\/\/kralovany.ecavlos.sk\/wp-content\/uploads\/2023\/10\/367297653_701856255326066_3787119608266442681_n.jpg 1500w\" sizes=\"(max-width: 768px) 100vw, 768px\" \/><\/figure>\n\n\n\n<figure class=\"wp-block-image size-large\"><img loading=\"lazy\" decoding=\"async\" width=\"768\" height=\"1024\" data-id=\"3146\" src=\"http:\/\/kralovany.ecavlos.sk\/wp-content\/uploads\/2023\/10\/371510771_6976956222367941_3925221361728023932_n-768x1024.jpg\" alt=\"\" class=\"wp-image-3146\" srcset=\"https:\/\/kralovany.ecavlos.sk\/wp-content\/uploads\/2023\/10\/371510771_6976956222367941_3925221361728023932_n-768x1024.jpg 768w, https:\/\/kralovany.ecavlos.sk\/wp-content\/uploads\/2023\/10\/371510771_6976956222367941_3925221361728023932_n-225x300.jpg 225w, https:\/\/kralovany.ecavlos.sk\/wp-content\/uploads\/2023\/10\/371510771_6976956222367941_3925221361728023932_n-1152x1536.jpg 1152w, https:\/\/kralovany.ecavlos.sk\/wp-content\/uploads\/2023\/10\/371510771_6976956222367941_3925221361728023932_n.jpg 1500w\" sizes=\"(max-width: 768px) 100vw, 768px\" \/><\/figure>\n\n\n\n<figure class=\"wp-block-image size-large\"><img loading=\"lazy\" decoding=\"async\" width=\"768\" height=\"1024\" data-id=\"3145\" src=\"http:\/\/kralovany.ecavlos.sk\/wp-content\/uploads\/2023\/10\/380266156_174163752418408_5414671993024492430_n-768x1024.jpg\" alt=\"\" class=\"wp-image-3145\" srcset=\"https:\/\/kralovany.ecavlos.sk\/wp-content\/uploads\/2023\/10\/380266156_174163752418408_5414671993024492430_n-768x1024.jpg 768w, https:\/\/kralovany.ecavlos.sk\/wp-content\/uploads\/2023\/10\/380266156_174163752418408_5414671993024492430_n-225x300.jpg 225w, https:\/\/kralovany.ecavlos.sk\/wp-content\/uploads\/2023\/10\/380266156_174163752418408_5414671993024492430_n-1152x1536.jpg 1152w, https:\/\/kralovany.ecavlos.sk\/wp-content\/uploads\/2023\/10\/380266156_174163752418408_5414671993024492430_n.jpg 1524w\" sizes=\"(max-width: 768px) 100vw, 768px\" \/><\/figure>\n\n\n\n<figure class=\"wp-block-image size-large\"><img loading=\"lazy\" decoding=\"async\" width=\"768\" height=\"1024\" data-id=\"3150\" src=\"http:\/\/kralovany.ecavlos.sk\/wp-content\/uploads\/2023\/10\/380377536_1355911475331313_5918225166548669976_n-768x1024.jpg\" alt=\"\" class=\"wp-image-3150\" srcset=\"https:\/\/kralovany.ecavlos.sk\/wp-content\/uploads\/2023\/10\/380377536_1355911475331313_5918225166548669976_n-768x1024.jpg 768w, https:\/\/kralovany.ecavlos.sk\/wp-content\/uploads\/2023\/10\/380377536_1355911475331313_5918225166548669976_n-225x300.jpg 225w, https:\/\/kralovany.ecavlos.sk\/wp-content\/uploads\/2023\/10\/380377536_1355911475331313_5918225166548669976_n-1152x1536.jpg 1152w, https:\/\/kralovany.ecavlos.sk\/wp-content\/uploads\/2023\/10\/380377536_1355911475331313_5918225166548669976_n.jpg 1500w\" sizes=\"(max-width: 768px) 100vw, 768px\" \/><\/figure>\n\n\n\n<figure class=\"wp-block-image size-large\"><img loading=\"lazy\" decoding=\"async\" width=\"768\" height=\"1024\" data-id=\"3149\" src=\"http:\/\/kralovany.ecavlos.sk\/wp-content\/uploads\/2023\/10\/380377537_3658776467740126_3514425991309429140_n-768x1024.jpg\" alt=\"\" class=\"wp-image-3149\" srcset=\"https:\/\/kralovany.ecavlos.sk\/wp-content\/uploads\/2023\/10\/380377537_3658776467740126_3514425991309429140_n-768x1024.jpg 768w, https:\/\/kralovany.ecavlos.sk\/wp-content\/uploads\/2023\/10\/380377537_3658776467740126_3514425991309429140_n-225x300.jpg 225w, https:\/\/kralovany.ecavlos.sk\/wp-content\/uploads\/2023\/10\/380377537_3658776467740126_3514425991309429140_n-1152x1536.jpg 1152w, https:\/\/kralovany.ecavlos.sk\/wp-content\/uploads\/2023\/10\/380377537_3658776467740126_3514425991309429140_n.jpg 1500w\" sizes=\"(max-width: 768px) 100vw, 768px\" \/><\/figure>\n\n\n\n<figure class=\"wp-block-image size-large\"><img loading=\"lazy\" decoding=\"async\" width=\"768\" height=\"1024\" data-id=\"3148\" src=\"http:\/\/kralovany.ecavlos.sk\/wp-content\/uploads\/2023\/10\/380462317_894184878946817_3137065045132113411_n-768x1024.jpg\" alt=\"\" class=\"wp-image-3148\" srcset=\"https:\/\/kralovany.ecavlos.sk\/wp-content\/uploads\/2023\/10\/380462317_894184878946817_3137065045132113411_n-768x1024.jpg 768w, https:\/\/kralovany.ecavlos.sk\/wp-content\/uploads\/2023\/10\/380462317_894184878946817_3137065045132113411_n-225x300.jpg 225w, https:\/\/kralovany.ecavlos.sk\/wp-content\/uploads\/2023\/10\/380462317_894184878946817_3137065045132113411_n-1152x1536.jpg 1152w, https:\/\/kralovany.ecavlos.sk\/wp-content\/uploads\/2023\/10\/380462317_894184878946817_3137065045132113411_n.jpg 1500w\" sizes=\"(max-width: 768px) 100vw, 768px\" \/><\/figure>\n<\/figure>\n","protected":false},"excerpt":{"rendered":"<p>SLU\u017dBY BO\u017dIE sa konaj\u00fa na dvoch bohoslu\u017eobn\u00fdch miestach ka\u017ed\u00fa nede\u013eu o 8.30 hod.\u00a0 \u00a0 \u00a0 \u00a0 \u00a0 \u00a0 \u00a0 \u00a0 \u00a0 \u00a0 \u00a0 \u00a0chr\u00e1m Bo\u017e\u00ed v Kra\u013eovanoch nep\u00e1rnu nede\u013eu o 10.00 hod.\u00a0 \u00a0 \u00a0 \u00a0 \u00a0 \u00a0 \u00a0 \u00a0 \u00a0 na 2. poschod\u00ed Obecn\u00e9ho \u00faradu v \u013dubochni Od septembra 2020 sa v\u017edy posledn\u00fa nede\u013eu v [&hellip;]<\/p>\n","protected":false},"author":1,"featured_media":0,"parent":2,"menu_order":0,"comment_status":"closed","ping_status":"closed","template":"","meta":{"footnotes":""},"class_list":["post-117","page","type-page","status-publish","hentry"],"_links":{"self":[{"href":"https:\/\/kralovany.ecavlos.sk\/index.php?rest_route=\/wp\/v2\/pages\/117"}],"collection":[{"href":"https:\/\/kralovany.ecavlos.sk\/index.php?rest_route=\/wp\/v2\/pages"}],"about":[{"href":"https:\/\/kralovany.ecavlos.sk\/index.php?rest_route=\/wp\/v2\/types\/page"}],"author":[{"embeddable":true,"href":"https:\/\/kralovany.ecavlos.sk\/index.php?rest_route=\/wp\/v2\/users\/1"}],"replies":[{"embeddable":true,"href":"https:\/\/kralovany.ecavlos.sk\/index.php?rest_route=%2Fwp%2Fv2%2Fcomments&post=117"}],"version-history":[{"count":5,"href":"https:\/\/kralovany.ecavlos.sk\/index.php?rest_route=\/wp\/v2\/pages\/117\/revisions"}],"predecessor-version":[{"id":3151,"href":"https:\/\/kralovany.ecavlos.sk\/index.php?rest_route=\/wp\/v2\/pages\/117\/revisions\/3151"}],"up":[{"embeddable":true,"href":"https:\/\/kralovany.ecavlos.sk\/index.php?rest_route=\/wp\/v2\/pages\/2"}],"wp:attachment":[{"href":"https:\/\/kralovany.ecavlos.sk\/index.php?rest_route=%2Fwp%2Fv2%2Fmedia&parent=117"}],"curies":[{"name":"wp","href":"https:\/\/api.w.org\/{rel}","templated":true}]}}