{"id":118,"date":"2017-04-18T16:55:34","date_gmt":"2017-04-18T14:55:34","guid":{"rendered":"http:\/\/kralovany.ecavlos.sk\/?page_id=118"},"modified":"2023-10-25T08:12:46","modified_gmt":"2023-10-25T06:12:46","slug":"detska-besiedka","status":"publish","type":"page","link":"https:\/\/kralovany.ecavlos.sk\/?page_id=118","title":{"rendered":"Detsk\u00e1 besiedka"},"content":{"rendered":"<p>\u00a0<\/p>\n<p><span style=\"color: #000000;\">Aj die\u0165a potrebuje po\u010du\u0165 Bo\u017eie slovo a\u00a0n\u00e1js\u0165 si svoje miesto v\u00a0cirkevnom\u00a0zbore.<\/span><\/p>\n<p><span style=\"color: #000000;\">Preto sa v <strong>nede\u013eu o\u00a011.00 hod. na farskom \u00farade<\/strong> kon\u00e1 stretnutie det\u00ed.<\/span><\/p>\n<p><span style=\"color: #000000;\">Spolu sa modl\u00edme, spievame P\u00e1nu Bohu na chv\u00e1lu, spozn\u00e1vame Ho cez biblick\u00e9 pr\u00edbehy, vyr\u00e1bame zauj\u00edmav\u00e9 veci,\u00a0hr\u00e1me sa r\u00f4zne hry vo vn\u00fatri a\u00a0ak to po\u010dasie dovol\u00ed aj vonku.<\/span><\/p>\n<p><span style=\"color: #000000;\">Na za\u010diatku \u0161kolsk\u00e9ho roka prijmeme v chr\u00e1me Bo\u017eom po\u017eehnanie, radi vystupujeme na Slu\u017eb\u00e1ch Bo\u017e\u00edch. Ke\u010f f\u00faka dobr\u00fd<\/span><span style=\"color: #000000;\">\u00a0jesenn\u00fd vietor, p\u00fa\u0161\u0165ame si \u0161arkanov a ke\u010f je v zime dos\u0165 snehu, staviame si snehuliakov alebo sa s\u00e1nkujeme. V lete spolu tr\u00e1vime t\u00fd\u017ede\u0148 na zborovom detskom dennom t\u00e1bore. Radi chod\u00edme aj na senior\u00e1lne stretnutia det\u00ed. Pred Vianocami chod\u00edme koledova\u0165 s viano\u010dn\u00fdmi obl\u00e1tkami, ktor\u00e9 pe\u010d\u00fa na\u0161e dobr\u00e9 tety.<\/span>\u00a0 \u00a0 \u00a0 \u00a0\u00a0 \u00a0 \u00a0 \u00a0 \u00a0<\/p>\n\n\n<figure class=\"wp-block-gallery has-nested-images columns-default is-cropped wp-block-gallery-1 is-layout-flex wp-block-gallery-is-layout-flex\">\n<figure class=\"wp-block-image size-large\"><img loading=\"lazy\" decoding=\"async\" width=\"509\" height=\"364\" data-id=\"3053\" src=\"http:\/\/kralovany.ecavlos.sk\/wp-content\/uploads\/2023\/10\/371912809_1395585974324875_52516947654311012_n.jpg\" alt=\"\" class=\"wp-image-3053\" srcset=\"https:\/\/kralovany.ecavlos.sk\/wp-content\/uploads\/2023\/10\/371912809_1395585974324875_52516947654311012_n.jpg 509w, https:\/\/kralovany.ecavlos.sk\/wp-content\/uploads\/2023\/10\/371912809_1395585974324875_52516947654311012_n-300x215.jpg 300w\" sizes=\"(max-width: 509px) 100vw, 509px\" \/><\/figure>\n\n\n\n<figure class=\"wp-block-image size-large\"><img loading=\"lazy\" decoding=\"async\" width=\"640\" height=\"406\" data-id=\"3050\" src=\"http:\/\/kralovany.ecavlos.sk\/wp-content\/uploads\/2023\/10\/371831956_1394626317754174_1266067550007251222_n.jpg\" alt=\"\" class=\"wp-image-3050\" srcset=\"https:\/\/kralovany.ecavlos.sk\/wp-content\/uploads\/2023\/10\/371831956_1394626317754174_1266067550007251222_n.jpg 640w, https:\/\/kralovany.ecavlos.sk\/wp-content\/uploads\/2023\/10\/371831956_1394626317754174_1266067550007251222_n-300x190.jpg 300w\" sizes=\"(max-width: 640px) 100vw, 640px\" \/><\/figure>\n\n\n\n<figure class=\"wp-block-image size-large\"><img loading=\"lazy\" decoding=\"async\" width=\"1024\" height=\"673\" data-id=\"3049\" src=\"http:\/\/kralovany.ecavlos.sk\/wp-content\/uploads\/2023\/10\/371801807_1394159601134179_1209190716390764381_n-1024x673.jpg\" alt=\"\" class=\"wp-image-3049\" srcset=\"https:\/\/kralovany.ecavlos.sk\/wp-content\/uploads\/2023\/10\/371801807_1394159601134179_1209190716390764381_n-1024x673.jpg 1024w, https:\/\/kralovany.ecavlos.sk\/wp-content\/uploads\/2023\/10\/371801807_1394159601134179_1209190716390764381_n-300x197.jpg 300w, https:\/\/kralovany.ecavlos.sk\/wp-content\/uploads\/2023\/10\/371801807_1394159601134179_1209190716390764381_n-768x505.jpg 768w, https:\/\/kralovany.ecavlos.sk\/wp-content\/uploads\/2023\/10\/371801807_1394159601134179_1209190716390764381_n-1536x1009.jpg 1536w, https:\/\/kralovany.ecavlos.sk\/wp-content\/uploads\/2023\/10\/371801807_1394159601134179_1209190716390764381_n.jpg 1753w\" sizes=\"(max-width: 1024px) 100vw, 1024px\" \/><\/figure>\n\n\n\n<figure class=\"wp-block-image size-large\"><img loading=\"lazy\" decoding=\"async\" width=\"768\" height=\"1024\" data-id=\"3048\" src=\"http:\/\/kralovany.ecavlos.sk\/wp-content\/uploads\/2023\/10\/371783164_1394625924420880_1045020495023141040_n-768x1024.jpg\" alt=\"\" class=\"wp-image-3048\" srcset=\"https:\/\/kralovany.ecavlos.sk\/wp-content\/uploads\/2023\/10\/371783164_1394625924420880_1045020495023141040_n-768x1024.jpg 768w, https:\/\/kralovany.ecavlos.sk\/wp-content\/uploads\/2023\/10\/371783164_1394625924420880_1045020495023141040_n-225x300.jpg 225w, https:\/\/kralovany.ecavlos.sk\/wp-content\/uploads\/2023\/10\/371783164_1394625924420880_1045020495023141040_n-1152x1536.jpg 1152w, https:\/\/kralovany.ecavlos.sk\/wp-content\/uploads\/2023\/10\/371783164_1394625924420880_1045020495023141040_n.jpg 1500w\" sizes=\"(max-width: 768px) 100vw, 768px\" \/><\/figure>\n\n\n\n<figure class=\"wp-block-image size-large\"><img loading=\"lazy\" decoding=\"async\" width=\"767\" height=\"1024\" data-id=\"3047\" src=\"http:\/\/kralovany.ecavlos.sk\/wp-content\/uploads\/2023\/10\/371831119_1394159794467493_1262222624134228922_n-767x1024.jpg\" alt=\"\" class=\"wp-image-3047\" srcset=\"https:\/\/kralovany.ecavlos.sk\/wp-content\/uploads\/2023\/10\/371831119_1394159794467493_1262222624134228922_n-767x1024.jpg 767w, https:\/\/kralovany.ecavlos.sk\/wp-content\/uploads\/2023\/10\/371831119_1394159794467493_1262222624134228922_n-225x300.jpg 225w, https:\/\/kralovany.ecavlos.sk\/wp-content\/uploads\/2023\/10\/371831119_1394159794467493_1262222624134228922_n-768x1025.jpg 768w, https:\/\/kralovany.ecavlos.sk\/wp-content\/uploads\/2023\/10\/371831119_1394159794467493_1262222624134228922_n-1151x1536.jpg 1151w, https:\/\/kralovany.ecavlos.sk\/wp-content\/uploads\/2023\/10\/371831119_1394159794467493_1262222624134228922_n.jpg 1152w\" sizes=\"(max-width: 767px) 100vw, 767px\" \/><\/figure>\n\n\n\n<figure class=\"wp-block-image size-large\"><img loading=\"lazy\" decoding=\"async\" width=\"894\" height=\"1024\" data-id=\"3076\" src=\"http:\/\/kralovany.ecavlos.sk\/wp-content\/uploads\/2023\/10\/381990052_1405762776640528_4691643086702246591_n-894x1024.jpg\" alt=\"\" class=\"wp-image-3076\" srcset=\"https:\/\/kralovany.ecavlos.sk\/wp-content\/uploads\/2023\/10\/381990052_1405762776640528_4691643086702246591_n-894x1024.jpg 894w, https:\/\/kralovany.ecavlos.sk\/wp-content\/uploads\/2023\/10\/381990052_1405762776640528_4691643086702246591_n-262x300.jpg 262w, https:\/\/kralovany.ecavlos.sk\/wp-content\/uploads\/2023\/10\/381990052_1405762776640528_4691643086702246591_n-768x880.jpg 768w, https:\/\/kralovany.ecavlos.sk\/wp-content\/uploads\/2023\/10\/381990052_1405762776640528_4691643086702246591_n.jpg 1046w\" sizes=\"(max-width: 894px) 100vw, 894px\" \/><\/figure>\n\n\n\n<figure class=\"wp-block-image size-large\"><img loading=\"lazy\" decoding=\"async\" width=\"1024\" height=\"938\" data-id=\"3077\" src=\"http:\/\/kralovany.ecavlos.sk\/wp-content\/uploads\/2023\/10\/382007256_1405762809973858_4454305416489750988_n-1024x938.jpg\" alt=\"\" class=\"wp-image-3077\" srcset=\"https:\/\/kralovany.ecavlos.sk\/wp-content\/uploads\/2023\/10\/382007256_1405762809973858_4454305416489750988_n-1024x938.jpg 1024w, https:\/\/kralovany.ecavlos.sk\/wp-content\/uploads\/2023\/10\/382007256_1405762809973858_4454305416489750988_n-300x275.jpg 300w, https:\/\/kralovany.ecavlos.sk\/wp-content\/uploads\/2023\/10\/382007256_1405762809973858_4454305416489750988_n-768x703.jpg 768w, https:\/\/kralovany.ecavlos.sk\/wp-content\/uploads\/2023\/10\/382007256_1405762809973858_4454305416489750988_n.jpg 1296w\" sizes=\"(max-width: 1024px) 100vw, 1024px\" \/><\/figure>\n\n\n\n<figure class=\"wp-block-image size-large\"><img loading=\"lazy\" decoding=\"async\" width=\"1024\" height=\"983\" data-id=\"3078\" src=\"http:\/\/kralovany.ecavlos.sk\/wp-content\/uploads\/2023\/10\/382065521_1405762856640520_1414911177331017643_n-1024x983.jpg\" alt=\"\" class=\"wp-image-3078\" srcset=\"https:\/\/kralovany.ecavlos.sk\/wp-content\/uploads\/2023\/10\/382065521_1405762856640520_1414911177331017643_n-1024x983.jpg 1024w, https:\/\/kralovany.ecavlos.sk\/wp-content\/uploads\/2023\/10\/382065521_1405762856640520_1414911177331017643_n-300x288.jpg 300w, https:\/\/kralovany.ecavlos.sk\/wp-content\/uploads\/2023\/10\/382065521_1405762856640520_1414911177331017643_n-768x738.jpg 768w, https:\/\/kralovany.ecavlos.sk\/wp-content\/uploads\/2023\/10\/382065521_1405762856640520_1414911177331017643_n.jpg 1083w\" sizes=\"(max-width: 1024px) 100vw, 1024px\" \/><\/figure>\n\n\n\n<figure class=\"wp-block-image size-large\"><img loading=\"lazy\" decoding=\"async\" width=\"549\" height=\"1024\" data-id=\"3079\" src=\"http:\/\/kralovany.ecavlos.sk\/wp-content\/uploads\/2023\/10\/374769859_1395585874324885_3186124903252587504_n-549x1024.jpg\" alt=\"\" class=\"wp-image-3079\" srcset=\"https:\/\/kralovany.ecavlos.sk\/wp-content\/uploads\/2023\/10\/374769859_1395585874324885_3186124903252587504_n-549x1024.jpg 549w, https:\/\/kralovany.ecavlos.sk\/wp-content\/uploads\/2023\/10\/374769859_1395585874324885_3186124903252587504_n-161x300.jpg 161w, https:\/\/kralovany.ecavlos.sk\/wp-content\/uploads\/2023\/10\/374769859_1395585874324885_3186124903252587504_n-768x1432.jpg 768w, https:\/\/kralovany.ecavlos.sk\/wp-content\/uploads\/2023\/10\/374769859_1395585874324885_3186124903252587504_n-824x1536.jpg 824w, https:\/\/kralovany.ecavlos.sk\/wp-content\/uploads\/2023\/10\/374769859_1395585874324885_3186124903252587504_n.jpg 1011w\" sizes=\"(max-width: 549px) 100vw, 549px\" \/><\/figure>\n<\/figure>\n","protected":false},"excerpt":{"rendered":"<p>\u00a0 Aj die\u0165a potrebuje po\u010du\u0165 Bo\u017eie slovo a\u00a0n\u00e1js\u0165 si svoje miesto v\u00a0cirkevnom\u00a0zbore. Preto sa v nede\u013eu o\u00a011.00 hod. na farskom \u00farade kon\u00e1 stretnutie det\u00ed. Spolu sa modl\u00edme, spievame P\u00e1nu Bohu na chv\u00e1lu, spozn\u00e1vame Ho cez biblick\u00e9 pr\u00edbehy, vyr\u00e1bame zauj\u00edmav\u00e9 veci,\u00a0hr\u00e1me sa r\u00f4zne hry vo vn\u00fatri a\u00a0ak to po\u010dasie dovol\u00ed aj vonku. Na za\u010diatku \u0161kolsk\u00e9ho roka [&hellip;]<\/p>\n","protected":false},"author":1,"featured_media":0,"parent":2,"menu_order":0,"comment_status":"closed","ping_status":"closed","template":"","meta":{"footnotes":""},"class_list":["post-118","page","type-page","status-publish","hentry"],"_links":{"self":[{"href":"https:\/\/kralovany.ecavlos.sk\/index.php?rest_route=\/wp\/v2\/pages\/118"}],"collection":[{"href":"https:\/\/kralovany.ecavlos.sk\/index.php?rest_route=\/wp\/v2\/pages"}],"about":[{"href":"https:\/\/kralovany.ecavlos.sk\/index.php?rest_route=\/wp\/v2\/types\/page"}],"author":[{"embeddable":true,"href":"https:\/\/kralovany.ecavlos.sk\/index.php?rest_route=\/wp\/v2\/users\/1"}],"replies":[{"embeddable":true,"href":"https:\/\/kralovany.ecavlos.sk\/index.php?rest_route=%2Fwp%2Fv2%2Fcomments&post=118"}],"version-history":[{"count":5,"href":"https:\/\/kralovany.ecavlos.sk\/index.php?rest_route=\/wp\/v2\/pages\/118\/revisions"}],"predecessor-version":[{"id":3080,"href":"https:\/\/kralovany.ecavlos.sk\/index.php?rest_route=\/wp\/v2\/pages\/118\/revisions\/3080"}],"up":[{"embeddable":true,"href":"https:\/\/kralovany.ecavlos.sk\/index.php?rest_route=\/wp\/v2\/pages\/2"}],"wp:attachment":[{"href":"https:\/\/kralovany.ecavlos.sk\/index.php?rest_route=%2Fwp%2Fv2%2Fmedia&parent=118"}],"curies":[{"name":"wp","href":"https:\/\/api.w.org\/{rel}","templated":true}]}}