{"id":120,"date":"2017-04-18T16:55:34","date_gmt":"2017-04-18T14:55:34","guid":{"rendered":"http:\/\/kralovany.ecavlos.sk\/?page_id=120"},"modified":"2020-09-04T06:02:54","modified_gmt":"2020-09-04T04:02:54","slug":"biblicke-hodiny-dospelych","status":"publish","type":"page","link":"https:\/\/kralovany.ecavlos.sk\/?page_id=120","title":{"rendered":"Biblick\u00e9 hodiny dospel\u00fdch"},"content":{"rendered":"<p><span style=\"color: #000000;\">Ke\u010f\u017ee aj n\u00e1\u0161mu telu doprajeme pokrm aj \u010dastej\u0161ie ako raz do t\u00fd\u017ed\u0148a, n\u00e1\u0161ho ducha t\u00fa\u017eime s\u00fdti\u0165 Bo\u017e\u00edm slovom nielen v nede\u013eu. Preto sa stret\u00e1vame na biblick\u00fdch hodin\u00e1ch dospel\u00fdch <strong>vo \u0161tvrtok o 18.00 hod. na fare<\/strong>.<br \/>\n<\/span><\/p>\n<p><span style=\"color: #000000;\">V adventnom a v p\u00f4stnom obdob\u00ed sa namiesto biblick\u00fdch hod\u00edn konaj\u00fa v rovnakom \u010dase ve\u010dierne v chr\u00e1me Bo\u017eom. <\/span><\/p>\n<p><span style=\"color: #000000;\">Poz\u00fdvame aj teba, pr\u00ed\u010f a spozn\u00e1vaj Ho s nami!<\/span><\/p>\n","protected":false},"excerpt":{"rendered":"<p>Ke\u010f\u017ee aj n\u00e1\u0161mu telu doprajeme pokrm aj \u010dastej\u0161ie ako raz do t\u00fd\u017ed\u0148a, n\u00e1\u0161ho ducha t\u00fa\u017eime s\u00fdti\u0165 Bo\u017e\u00edm slovom nielen v nede\u013eu. Preto sa stret\u00e1vame na biblick\u00fdch hodin\u00e1ch dospel\u00fdch vo \u0161tvrtok o 18.00 hod. na fare. V adventnom a v p\u00f4stnom obdob\u00ed sa namiesto biblick\u00fdch hod\u00edn konaj\u00fa v rovnakom \u010dase ve\u010dierne v chr\u00e1me Bo\u017eom. Poz\u00fdvame aj [&hellip;]<\/p>\n","protected":false},"author":1,"featured_media":0,"parent":2,"menu_order":0,"comment_status":"closed","ping_status":"closed","template":"","meta":{"footnotes":""},"class_list":["post-120","page","type-page","status-publish","hentry"],"_links":{"self":[{"href":"https:\/\/kralovany.ecavlos.sk\/index.php?rest_route=\/wp\/v2\/pages\/120"}],"collection":[{"href":"https:\/\/kralovany.ecavlos.sk\/index.php?rest_route=\/wp\/v2\/pages"}],"about":[{"href":"https:\/\/kralovany.ecavlos.sk\/index.php?rest_route=\/wp\/v2\/types\/page"}],"author":[{"embeddable":true,"href":"https:\/\/kralovany.ecavlos.sk\/index.php?rest_route=\/wp\/v2\/users\/1"}],"replies":[{"embeddable":true,"href":"https:\/\/kralovany.ecavlos.sk\/index.php?rest_route=%2Fwp%2Fv2%2Fcomments&post=120"}],"version-history":[{"count":5,"href":"https:\/\/kralovany.ecavlos.sk\/index.php?rest_route=\/wp\/v2\/pages\/120\/revisions"}],"predecessor-version":[{"id":2308,"href":"https:\/\/kralovany.ecavlos.sk\/index.php?rest_route=\/wp\/v2\/pages\/120\/revisions\/2308"}],"up":[{"embeddable":true,"href":"https:\/\/kralovany.ecavlos.sk\/index.php?rest_route=\/wp\/v2\/pages\/2"}],"wp:attachment":[{"href":"https:\/\/kralovany.ecavlos.sk\/index.php?rest_route=%2Fwp%2Fv2%2Fmedia&parent=120"}],"curies":[{"name":"wp","href":"https:\/\/api.w.org\/{rel}","templated":true}]}}