{"id":122,"date":"2017-04-18T16:55:34","date_gmt":"2017-04-18T14:55:34","guid":{"rendered":"http:\/\/kralovany.ecavlos.sk\/?page_id=122"},"modified":"2018-02-08T09:48:10","modified_gmt":"2018-02-08T08:48:10","slug":"zborovy-statut","status":"publish","type":"page","link":"https:\/\/kralovany.ecavlos.sk\/?page_id=122","title":{"rendered":"Zborov\u00fd \u0161tat\u00fat"},"content":{"rendered":"<p>&nbsp;<\/p>\n<p><a href=\"http:\/\/kralovany.ecavlos.sk\/wp-content\/uploads\/2017\/04\/\u0160tat\u00fat-CZ-1.docx\">\u0160tat\u00fat CZ<\/a><\/p>\n","protected":false},"excerpt":{"rendered":"<p>&nbsp; \u0160tat\u00fat CZ<\/p>\n","protected":false},"author":1,"featured_media":0,"parent":176,"menu_order":0,"comment_status":"closed","ping_status":"closed","template":"","meta":{"footnotes":""},"class_list":["post-122","page","type-page","status-publish","hentry"],"_links":{"self":[{"href":"https:\/\/kralovany.ecavlos.sk\/index.php?rest_route=\/wp\/v2\/pages\/122"}],"collection":[{"href":"https:\/\/kralovany.ecavlos.sk\/index.php?rest_route=\/wp\/v2\/pages"}],"about":[{"href":"https:\/\/kralovany.ecavlos.sk\/index.php?rest_route=\/wp\/v2\/types\/page"}],"author":[{"embeddable":true,"href":"https:\/\/kralovany.ecavlos.sk\/index.php?rest_route=\/wp\/v2\/users\/1"}],"replies":[{"embeddable":true,"href":"https:\/\/kralovany.ecavlos.sk\/index.php?rest_route=%2Fwp%2Fv2%2Fcomments&post=122"}],"version-history":[{"count":6,"href":"https:\/\/kralovany.ecavlos.sk\/index.php?rest_route=\/wp\/v2\/pages\/122\/revisions"}],"predecessor-version":[{"id":999,"href":"https:\/\/kralovany.ecavlos.sk\/index.php?rest_route=\/wp\/v2\/pages\/122\/revisions\/999"}],"up":[{"embeddable":true,"href":"https:\/\/kralovany.ecavlos.sk\/index.php?rest_route=\/wp\/v2\/pages\/176"}],"wp:attachment":[{"href":"https:\/\/kralovany.ecavlos.sk\/index.php?rest_route=%2Fwp%2Fv2%2Fmedia&parent=122"}],"curies":[{"name":"wp","href":"https:\/\/api.w.org\/{rel}","templated":true}]}}