{"id":125,"date":"2017-04-18T16:55:34","date_gmt":"2017-04-18T14:55:34","guid":{"rendered":"http:\/\/kralovany.ecavlos.sk\/?page_id=125"},"modified":"2023-10-25T04:31:15","modified_gmt":"2023-10-25T02:31:15","slug":"sucasnost-cirkevneho-zboru","status":"publish","type":"page","link":"https:\/\/kralovany.ecavlos.sk\/?page_id=125","title":{"rendered":"S\u00fa\u010dasnos\u0165 cirkevn\u00e9ho zboru"},"content":{"rendered":"<p><strong><img loading=\"lazy\" decoding=\"async\" class=\"wp-image-195 alignright\" src=\"http:\/\/kralovany.ecavlos.sk\/wp-content\/uploads\/2017\/04\/DSCN5137-225x300.jpg\" alt=\"\" width=\"148\" height=\"198\" srcset=\"https:\/\/kralovany.ecavlos.sk\/wp-content\/uploads\/2017\/04\/DSCN5137-225x300.jpg 225w, https:\/\/kralovany.ecavlos.sk\/wp-content\/uploads\/2017\/04\/DSCN5137-768x1024.jpg 768w, https:\/\/kralovany.ecavlos.sk\/wp-content\/uploads\/2017\/04\/DSCN5137-700x933.jpg 700w\" sizes=\"(max-width: 148px) 100vw, 148px\" \/><\/strong><\/p>\n<p><span style=\"color: #000000;\">Cirkevn\u00fd zbor patr\u00ed medzi men\u0161ie cirkevn\u00e9 zbory Liptovsko-oravsk\u00e9ho senior\u00e1tu. <\/span><\/p>\n<p><span style=\"color: #000000;\">Tvoria ho obce Kra\u013eovany, Rojkov, Stankovany, \u0160vo\u0161ov, \u013duboch\u0148a a Hubov\u00e1 a 271 \u010dlenov (k 31.10.2023). <\/span><\/p>\n<p><span style=\"color: #000000;\">O\u00a0aktivit\u00e1ch v\u00a0cirkevnom zbore m\u00f4\u017eete n\u00e1js\u0165 inform\u00e1cie v \u201e\u017divot v\u00a0zbore\u201c.<\/span><\/p>\n","protected":false},"excerpt":{"rendered":"<p>Cirkevn\u00fd zbor patr\u00ed medzi men\u0161ie cirkevn\u00e9 zbory Liptovsko-oravsk\u00e9ho senior\u00e1tu. Tvoria ho obce Kra\u013eovany, Rojkov, Stankovany, \u0160vo\u0161ov, \u013duboch\u0148a a Hubov\u00e1 a 271 \u010dlenov (k 31.10.2023). O\u00a0aktivit\u00e1ch v\u00a0cirkevnom zbore m\u00f4\u017eete n\u00e1js\u0165 inform\u00e1cie v \u201e\u017divot v\u00a0zbore\u201c.<\/p>\n","protected":false},"author":1,"featured_media":0,"parent":72,"menu_order":0,"comment_status":"closed","ping_status":"closed","template":"","meta":{"footnotes":""},"class_list":["post-125","page","type-page","status-publish","hentry"],"_links":{"self":[{"href":"https:\/\/kralovany.ecavlos.sk\/index.php?rest_route=\/wp\/v2\/pages\/125"}],"collection":[{"href":"https:\/\/kralovany.ecavlos.sk\/index.php?rest_route=\/wp\/v2\/pages"}],"about":[{"href":"https:\/\/kralovany.ecavlos.sk\/index.php?rest_route=\/wp\/v2\/types\/page"}],"author":[{"embeddable":true,"href":"https:\/\/kralovany.ecavlos.sk\/index.php?rest_route=\/wp\/v2\/users\/1"}],"replies":[{"embeddable":true,"href":"https:\/\/kralovany.ecavlos.sk\/index.php?rest_route=%2Fwp%2Fv2%2Fcomments&post=125"}],"version-history":[{"count":6,"href":"https:\/\/kralovany.ecavlos.sk\/index.php?rest_route=\/wp\/v2\/pages\/125\/revisions"}],"predecessor-version":[{"id":3032,"href":"https:\/\/kralovany.ecavlos.sk\/index.php?rest_route=\/wp\/v2\/pages\/125\/revisions\/3032"}],"up":[{"embeddable":true,"href":"https:\/\/kralovany.ecavlos.sk\/index.php?rest_route=\/wp\/v2\/pages\/72"}],"wp:attachment":[{"href":"https:\/\/kralovany.ecavlos.sk\/index.php?rest_route=%2Fwp%2Fv2%2Fmedia&parent=125"}],"curies":[{"name":"wp","href":"https:\/\/api.w.org\/{rel}","templated":true}]}}