{"id":1551,"date":"2019-03-01T09:17:20","date_gmt":"2019-03-01T08:17:20","guid":{"rendered":"http:\/\/kralovany.ecavlos.sk\/?page_id=1551"},"modified":"2019-03-01T10:38:10","modified_gmt":"2019-03-01T09:38:10","slug":"biblicka-olympiada-2018","status":"publish","type":"page","link":"https:\/\/kralovany.ecavlos.sk\/?page_id=1551","title":{"rendered":"Biblick\u00e1 olympi\u00e1da 2018"},"content":{"rendered":"<p>&nbsp;<\/p>\n<p>&nbsp;<\/p>\n<p><span style=\"color: #000000;\">D\u0148a 20. apr\u00edla 2018 sa v\u00a0budove Evanjelickej\u00a0 z\u00e1kladnej \u0161koly Jura Jano\u0161ku v\u00a0Liptovskom Mikul\u00e1\u0161i konala <strong>Biblick\u00e1 olympi\u00e1da<\/strong>.\u00a0 Z\u00fa\u010dastnilo sa jej 85 \u017eiakov z\u00a0Liptova a\u00a0Oravy, ktor\u00ed s\u00fa\u0165a\u017eili v\u00a04 kateg\u00f3ri\u00e1ch.<\/span><\/p>\n<p><span style=\"color: #000000;\">N\u00e1\u0161 cirkevn\u00fd zbor zastupovali Daniel Brdiar (3. ro\u010dn\u00edk), Ter\u00e9zia Hadov\u00e1 (7. ro\u010dn\u00edk) a\u00a0Samuel Taba\u010d\u00e1k (7. ro\u010dn\u00edk).<\/span><\/p>\n<p><span style=\"color: #000000;\">Daniel sa umiestnil na 2. mieste a\u00a0Ter\u00e9zia na 3. mieste vo svojej kateg\u00f3rii. <\/span><\/p>\n<p><span style=\"color: #000000;\">Blaho\u017eel\u00e1me a\u00a0prajeme im, aby ich aj na\u010falej P\u00e1n Boh nap\u013a\u0148al m\u00fadros\u0165ou.<\/span><\/p>\n<p>&nbsp;<\/p>\n<p><img loading=\"lazy\" decoding=\"async\" class=\"alignnone size-medium wp-image-1552\" src=\"http:\/\/kralovany.ecavlos.sk\/wp-content\/uploads\/2019\/03\/Biblicka-olympiada-2018-5-300x169.jpg\" alt=\"\" width=\"300\" height=\"169\" srcset=\"https:\/\/kralovany.ecavlos.sk\/wp-content\/uploads\/2019\/03\/Biblicka-olympiada-2018-5-300x169.jpg 300w, https:\/\/kralovany.ecavlos.sk\/wp-content\/uploads\/2019\/03\/Biblicka-olympiada-2018-5-768x432.jpg 768w, https:\/\/kralovany.ecavlos.sk\/wp-content\/uploads\/2019\/03\/Biblicka-olympiada-2018-5-1024x576.jpg 1024w, https:\/\/kralovany.ecavlos.sk\/wp-content\/uploads\/2019\/03\/Biblicka-olympiada-2018-5.jpg 1800w\" sizes=\"(max-width: 300px) 100vw, 300px\" \/>\u00a0 <img loading=\"lazy\" decoding=\"async\" class=\"alignnone size-medium wp-image-1553\" src=\"http:\/\/kralovany.ecavlos.sk\/wp-content\/uploads\/2019\/03\/Biblicka-olympiada-2018-14-300x169.jpg\" alt=\"\" width=\"300\" height=\"169\" srcset=\"https:\/\/kralovany.ecavlos.sk\/wp-content\/uploads\/2019\/03\/Biblicka-olympiada-2018-14-300x169.jpg 300w, https:\/\/kralovany.ecavlos.sk\/wp-content\/uploads\/2019\/03\/Biblicka-olympiada-2018-14-768x432.jpg 768w, https:\/\/kralovany.ecavlos.sk\/wp-content\/uploads\/2019\/03\/Biblicka-olympiada-2018-14-1024x576.jpg 1024w, https:\/\/kralovany.ecavlos.sk\/wp-content\/uploads\/2019\/03\/Biblicka-olympiada-2018-14.jpg 1800w\" sizes=\"(max-width: 300px) 100vw, 300px\" \/><\/p>\n","protected":false},"excerpt":{"rendered":"<p>&nbsp; &nbsp; D\u0148a 20. apr\u00edla 2018 sa v\u00a0budove Evanjelickej\u00a0 z\u00e1kladnej \u0161koly Jura Jano\u0161ku v\u00a0Liptovskom Mikul\u00e1\u0161i konala Biblick\u00e1 olympi\u00e1da.\u00a0 Z\u00fa\u010dastnilo sa jej 85 \u017eiakov z\u00a0Liptova a\u00a0Oravy, ktor\u00ed s\u00fa\u0165a\u017eili v\u00a04 kateg\u00f3ri\u00e1ch. N\u00e1\u0161 cirkevn\u00fd zbor zastupovali Daniel Brdiar (3. ro\u010dn\u00edk), Ter\u00e9zia Hadov\u00e1 (7. ro\u010dn\u00edk) a\u00a0Samuel Taba\u010d\u00e1k (7. ro\u010dn\u00edk). Daniel sa umiestnil na 2. mieste a\u00a0Ter\u00e9zia na 3. mieste [&hellip;]<\/p>\n","protected":false},"author":1,"featured_media":0,"parent":1542,"menu_order":0,"comment_status":"closed","ping_status":"closed","template":"","meta":{"footnotes":""},"class_list":["post-1551","page","type-page","status-publish","hentry"],"_links":{"self":[{"href":"https:\/\/kralovany.ecavlos.sk\/index.php?rest_route=\/wp\/v2\/pages\/1551"}],"collection":[{"href":"https:\/\/kralovany.ecavlos.sk\/index.php?rest_route=\/wp\/v2\/pages"}],"about":[{"href":"https:\/\/kralovany.ecavlos.sk\/index.php?rest_route=\/wp\/v2\/types\/page"}],"author":[{"embeddable":true,"href":"https:\/\/kralovany.ecavlos.sk\/index.php?rest_route=\/wp\/v2\/users\/1"}],"replies":[{"embeddable":true,"href":"https:\/\/kralovany.ecavlos.sk\/index.php?rest_route=%2Fwp%2Fv2%2Fcomments&post=1551"}],"version-history":[{"count":2,"href":"https:\/\/kralovany.ecavlos.sk\/index.php?rest_route=\/wp\/v2\/pages\/1551\/revisions"}],"predecessor-version":[{"id":1556,"href":"https:\/\/kralovany.ecavlos.sk\/index.php?rest_route=\/wp\/v2\/pages\/1551\/revisions\/1556"}],"up":[{"embeddable":true,"href":"https:\/\/kralovany.ecavlos.sk\/index.php?rest_route=\/wp\/v2\/pages\/1542"}],"wp:attachment":[{"href":"https:\/\/kralovany.ecavlos.sk\/index.php?rest_route=%2Fwp%2Fv2%2Fmedia&parent=1551"}],"curies":[{"name":"wp","href":"https:\/\/api.w.org\/{rel}","templated":true}]}}