{"id":1588,"date":"2019-03-01T10:31:32","date_gmt":"2019-03-01T09:31:32","guid":{"rendered":"http:\/\/kralovany.ecavlos.sk\/?page_id=1588"},"modified":"2019-03-01T10:36:09","modified_gmt":"2019-03-01T09:36:09","slug":"stretnutie-deti-oravy-2018","status":"publish","type":"page","link":"https:\/\/kralovany.ecavlos.sk\/?page_id=1588","title":{"rendered":"Stretnutie det\u00ed Oravy 2018"},"content":{"rendered":"<p>&nbsp;<\/p>\n<p><span style=\"color: #000000;\">V\u00a0nede\u013eu 23. septembra sme sa s de\u0165mi n\u00e1\u0161ho cirkevn\u00e9ho zboru z\u00fa\u010dastnili <strong>Stretnutia det\u00ed cirkevn\u00fdch zborov Oravy<\/strong>, ktor\u00e9 sa konalo v\u00a0Dolnom Kub\u00edne. <\/span><\/p>\n<p><span style=\"color: #000000;\">T\u00e9mou stretnutia boli Zvieratk\u00e1 z\u00a0d\u017eungle, cez pr\u00edbeh ktor\u00fdch zaznela zves\u0165 o\u00a0P\u00e1nu Bohu.<\/span><\/p>\n<p><img loading=\"lazy\" decoding=\"async\" class=\"alignnone size-medium wp-image-1589\" src=\"http:\/\/kralovany.ecavlos.sk\/wp-content\/uploads\/2019\/03\/DSC02829-225x300.jpg\" alt=\"\" width=\"225\" height=\"300\" srcset=\"https:\/\/kralovany.ecavlos.sk\/wp-content\/uploads\/2019\/03\/DSC02829-225x300.jpg 225w, https:\/\/kralovany.ecavlos.sk\/wp-content\/uploads\/2019\/03\/DSC02829-768x1024.jpg 768w\" sizes=\"(max-width: 225px) 100vw, 225px\" \/>\u00a0 <img loading=\"lazy\" decoding=\"async\" class=\"alignnone size-medium wp-image-1590\" src=\"http:\/\/kralovany.ecavlos.sk\/wp-content\/uploads\/2019\/03\/DSC02835-225x300.jpg\" alt=\"\" width=\"225\" height=\"300\" srcset=\"https:\/\/kralovany.ecavlos.sk\/wp-content\/uploads\/2019\/03\/DSC02835-225x300.jpg 225w, https:\/\/kralovany.ecavlos.sk\/wp-content\/uploads\/2019\/03\/DSC02835-768x1024.jpg 768w\" sizes=\"(max-width: 225px) 100vw, 225px\" \/>\u00a0 <img loading=\"lazy\" decoding=\"async\" class=\"alignnone size-medium wp-image-1591\" src=\"http:\/\/kralovany.ecavlos.sk\/wp-content\/uploads\/2019\/03\/DSC02836-225x300.jpg\" alt=\"\" width=\"225\" height=\"300\" srcset=\"https:\/\/kralovany.ecavlos.sk\/wp-content\/uploads\/2019\/03\/DSC02836-225x300.jpg 225w, https:\/\/kralovany.ecavlos.sk\/wp-content\/uploads\/2019\/03\/DSC02836-768x1024.jpg 768w\" sizes=\"(max-width: 225px) 100vw, 225px\" \/> \u00a0 <img loading=\"lazy\" decoding=\"async\" class=\"alignnone size-medium wp-image-1592\" src=\"http:\/\/kralovany.ecavlos.sk\/wp-content\/uploads\/2019\/03\/DSC02840-225x300.jpg\" alt=\"\" width=\"225\" height=\"300\" srcset=\"https:\/\/kralovany.ecavlos.sk\/wp-content\/uploads\/2019\/03\/DSC02840-225x300.jpg 225w, https:\/\/kralovany.ecavlos.sk\/wp-content\/uploads\/2019\/03\/DSC02840-768x1024.jpg 768w\" sizes=\"(max-width: 225px) 100vw, 225px\" \/>\u00a0 <img loading=\"lazy\" decoding=\"async\" class=\"alignnone size-medium wp-image-1594\" src=\"http:\/\/kralovany.ecavlos.sk\/wp-content\/uploads\/2019\/03\/DSC02851-225x300.jpg\" alt=\"\" width=\"225\" height=\"300\" srcset=\"https:\/\/kralovany.ecavlos.sk\/wp-content\/uploads\/2019\/03\/DSC02851-225x300.jpg 225w, https:\/\/kralovany.ecavlos.sk\/wp-content\/uploads\/2019\/03\/DSC02851-768x1024.jpg 768w\" sizes=\"(max-width: 225px) 100vw, 225px\" \/>\u00a0 <img loading=\"lazy\" decoding=\"async\" class=\"alignnone size-medium wp-image-1596\" src=\"http:\/\/kralovany.ecavlos.sk\/wp-content\/uploads\/2019\/03\/DSC02856-225x300.jpg\" alt=\"\" width=\"225\" height=\"300\" srcset=\"https:\/\/kralovany.ecavlos.sk\/wp-content\/uploads\/2019\/03\/DSC02856-225x300.jpg 225w, https:\/\/kralovany.ecavlos.sk\/wp-content\/uploads\/2019\/03\/DSC02856-768x1024.jpg 768w\" sizes=\"(max-width: 225px) 100vw, 225px\" \/>\u00a0 <img loading=\"lazy\" decoding=\"async\" class=\"alignnone  wp-image-1593\" src=\"http:\/\/kralovany.ecavlos.sk\/wp-content\/uploads\/2019\/03\/DSC02848-300x225.jpg\" alt=\"\" width=\"379\" height=\"284\" srcset=\"https:\/\/kralovany.ecavlos.sk\/wp-content\/uploads\/2019\/03\/DSC02848-300x225.jpg 300w, https:\/\/kralovany.ecavlos.sk\/wp-content\/uploads\/2019\/03\/DSC02848-768x576.jpg 768w, https:\/\/kralovany.ecavlos.sk\/wp-content\/uploads\/2019\/03\/DSC02848-1024x768.jpg 1024w\" sizes=\"(max-width: 379px) 100vw, 379px\" \/><\/p>\n","protected":false},"excerpt":{"rendered":"<p>&nbsp; V\u00a0nede\u013eu 23. septembra sme sa s de\u0165mi n\u00e1\u0161ho cirkevn\u00e9ho zboru z\u00fa\u010dastnili Stretnutia det\u00ed cirkevn\u00fdch zborov Oravy, ktor\u00e9 sa konalo v\u00a0Dolnom Kub\u00edne. T\u00e9mou stretnutia boli Zvieratk\u00e1 z\u00a0d\u017eungle, cez pr\u00edbeh ktor\u00fdch zaznela zves\u0165 o\u00a0P\u00e1nu Bohu. \u00a0 \u00a0 \u00a0 \u00a0 \u00a0 \u00a0<\/p>\n","protected":false},"author":1,"featured_media":0,"parent":1542,"menu_order":0,"comment_status":"closed","ping_status":"closed","template":"","meta":{"footnotes":""},"class_list":["post-1588","page","type-page","status-publish","hentry"],"_links":{"self":[{"href":"https:\/\/kralovany.ecavlos.sk\/index.php?rest_route=\/wp\/v2\/pages\/1588"}],"collection":[{"href":"https:\/\/kralovany.ecavlos.sk\/index.php?rest_route=\/wp\/v2\/pages"}],"about":[{"href":"https:\/\/kralovany.ecavlos.sk\/index.php?rest_route=\/wp\/v2\/types\/page"}],"author":[{"embeddable":true,"href":"https:\/\/kralovany.ecavlos.sk\/index.php?rest_route=\/wp\/v2\/users\/1"}],"replies":[{"embeddable":true,"href":"https:\/\/kralovany.ecavlos.sk\/index.php?rest_route=%2Fwp%2Fv2%2Fcomments&post=1588"}],"version-history":[{"count":2,"href":"https:\/\/kralovany.ecavlos.sk\/index.php?rest_route=\/wp\/v2\/pages\/1588\/revisions"}],"predecessor-version":[{"id":1601,"href":"https:\/\/kralovany.ecavlos.sk\/index.php?rest_route=\/wp\/v2\/pages\/1588\/revisions\/1601"}],"up":[{"embeddable":true,"href":"https:\/\/kralovany.ecavlos.sk\/index.php?rest_route=\/wp\/v2\/pages\/1542"}],"wp:attachment":[{"href":"https:\/\/kralovany.ecavlos.sk\/index.php?rest_route=%2Fwp%2Fv2%2Fmedia&parent=1588"}],"curies":[{"name":"wp","href":"https:\/\/api.w.org\/{rel}","templated":true}]}}