{"id":1603,"date":"2019-03-01T10:46:08","date_gmt":"2019-03-01T09:46:08","guid":{"rendered":"http:\/\/kralovany.ecavlos.sk\/?page_id=1603"},"modified":"2019-03-01T11:09:06","modified_gmt":"2019-03-01T10:09:06","slug":"koledovanie-2018","status":"publish","type":"page","link":"https:\/\/kralovany.ecavlos.sk\/?page_id=1603","title":{"rendered":"Koledovanie 2018"},"content":{"rendered":"<p>&nbsp;<\/p>\n<p>&nbsp;<\/p>\n<p><span style=\"color: #000000;\">Ochotn\u00e9 sestry aj tento rok napiekli viano\u010dn\u00e9 obl\u00e1tky pre dom\u00e1cnosti n\u00e1\u0161ho cirkevn\u00e9ho zboru.<\/span><\/p>\n<p><span style=\"color: #000000;\">Deti, dorast a ml\u00e1de\u017e ich s vin\u0161om na per\u00e1ch rozniesli v 3. adventn\u00fa nede\u013eu.<\/span><\/p>\n<p><img loading=\"lazy\" decoding=\"async\" class=\"alignnone size-medium wp-image-1615\" src=\"http:\/\/kralovany.ecavlos.sk\/wp-content\/uploads\/2019\/03\/DSC02934-300x225.jpg\" alt=\"\" width=\"300\" height=\"225\" srcset=\"https:\/\/kralovany.ecavlos.sk\/wp-content\/uploads\/2019\/03\/DSC02934-300x225.jpg 300w, https:\/\/kralovany.ecavlos.sk\/wp-content\/uploads\/2019\/03\/DSC02934-768x576.jpg 768w, https:\/\/kralovany.ecavlos.sk\/wp-content\/uploads\/2019\/03\/DSC02934-1024x768.jpg 1024w\" sizes=\"(max-width: 300px) 100vw, 300px\" \/>\u00a0 <img loading=\"lazy\" decoding=\"async\" class=\"alignnone size-medium wp-image-1604\" src=\"http:\/\/kralovany.ecavlos.sk\/wp-content\/uploads\/2019\/03\/DSC02935-300x225.jpg\" alt=\"\" width=\"300\" height=\"225\" srcset=\"https:\/\/kralovany.ecavlos.sk\/wp-content\/uploads\/2019\/03\/DSC02935-300x225.jpg 300w, https:\/\/kralovany.ecavlos.sk\/wp-content\/uploads\/2019\/03\/DSC02935-768x576.jpg 768w, https:\/\/kralovany.ecavlos.sk\/wp-content\/uploads\/2019\/03\/DSC02935-1024x768.jpg 1024w\" sizes=\"(max-width: 300px) 100vw, 300px\" \/>\u00a0 <img loading=\"lazy\" decoding=\"async\" class=\"alignnone size-medium wp-image-1605\" src=\"http:\/\/kralovany.ecavlos.sk\/wp-content\/uploads\/2019\/03\/DSC02937-300x225.jpg\" alt=\"\" width=\"300\" height=\"225\" srcset=\"https:\/\/kralovany.ecavlos.sk\/wp-content\/uploads\/2019\/03\/DSC02937-300x225.jpg 300w, https:\/\/kralovany.ecavlos.sk\/wp-content\/uploads\/2019\/03\/DSC02937-768x576.jpg 768w, https:\/\/kralovany.ecavlos.sk\/wp-content\/uploads\/2019\/03\/DSC02937-1024x768.jpg 1024w\" sizes=\"(max-width: 300px) 100vw, 300px\" \/> \u00a0 <img loading=\"lazy\" decoding=\"async\" class=\"alignnone size-medium wp-image-1606\" src=\"http:\/\/kralovany.ecavlos.sk\/wp-content\/uploads\/2019\/03\/DSC02938-300x225.jpg\" alt=\"\" width=\"300\" height=\"225\" srcset=\"https:\/\/kralovany.ecavlos.sk\/wp-content\/uploads\/2019\/03\/DSC02938-300x225.jpg 300w, https:\/\/kralovany.ecavlos.sk\/wp-content\/uploads\/2019\/03\/DSC02938-768x576.jpg 768w, https:\/\/kralovany.ecavlos.sk\/wp-content\/uploads\/2019\/03\/DSC02938-1024x768.jpg 1024w\" sizes=\"(max-width: 300px) 100vw, 300px\" \/>\u00a0 <img loading=\"lazy\" decoding=\"async\" class=\"alignnone size-medium wp-image-1607\" src=\"http:\/\/kralovany.ecavlos.sk\/wp-content\/uploads\/2019\/03\/DSC02939-300x225.jpg\" alt=\"\" width=\"300\" height=\"225\" srcset=\"https:\/\/kralovany.ecavlos.sk\/wp-content\/uploads\/2019\/03\/DSC02939-300x225.jpg 300w, https:\/\/kralovany.ecavlos.sk\/wp-content\/uploads\/2019\/03\/DSC02939-768x576.jpg 768w, https:\/\/kralovany.ecavlos.sk\/wp-content\/uploads\/2019\/03\/DSC02939-1024x768.jpg 1024w\" sizes=\"(max-width: 300px) 100vw, 300px\" \/><\/p>\n<p>&nbsp;<\/p>\n","protected":false},"excerpt":{"rendered":"<p>&nbsp; &nbsp; Ochotn\u00e9 sestry aj tento rok napiekli viano\u010dn\u00e9 obl\u00e1tky pre dom\u00e1cnosti n\u00e1\u0161ho cirkevn\u00e9ho zboru. Deti, dorast a ml\u00e1de\u017e ich s vin\u0161om na per\u00e1ch rozniesli v 3. adventn\u00fa nede\u013eu. \u00a0 \u00a0 \u00a0 \u00a0 &nbsp;<\/p>\n","protected":false},"author":1,"featured_media":0,"parent":1542,"menu_order":0,"comment_status":"closed","ping_status":"closed","template":"","meta":{"footnotes":""},"class_list":["post-1603","page","type-page","status-publish","hentry"],"_links":{"self":[{"href":"https:\/\/kralovany.ecavlos.sk\/index.php?rest_route=\/wp\/v2\/pages\/1603"}],"collection":[{"href":"https:\/\/kralovany.ecavlos.sk\/index.php?rest_route=\/wp\/v2\/pages"}],"about":[{"href":"https:\/\/kralovany.ecavlos.sk\/index.php?rest_route=\/wp\/v2\/types\/page"}],"author":[{"embeddable":true,"href":"https:\/\/kralovany.ecavlos.sk\/index.php?rest_route=\/wp\/v2\/users\/1"}],"replies":[{"embeddable":true,"href":"https:\/\/kralovany.ecavlos.sk\/index.php?rest_route=%2Fwp%2Fv2%2Fcomments&post=1603"}],"version-history":[{"count":3,"href":"https:\/\/kralovany.ecavlos.sk\/index.php?rest_route=\/wp\/v2\/pages\/1603\/revisions"}],"predecessor-version":[{"id":1616,"href":"https:\/\/kralovany.ecavlos.sk\/index.php?rest_route=\/wp\/v2\/pages\/1603\/revisions\/1616"}],"up":[{"embeddable":true,"href":"https:\/\/kralovany.ecavlos.sk\/index.php?rest_route=\/wp\/v2\/pages\/1542"}],"wp:attachment":[{"href":"https:\/\/kralovany.ecavlos.sk\/index.php?rest_route=%2Fwp%2Fv2%2Fmedia&parent=1603"}],"curies":[{"name":"wp","href":"https:\/\/api.w.org\/{rel}","templated":true}]}}