{"id":1617,"date":"2019-03-01T11:20:30","date_gmt":"2019-03-01T10:20:30","guid":{"rendered":"http:\/\/kralovany.ecavlos.sk\/?page_id=1617"},"modified":"2019-03-01T21:53:03","modified_gmt":"2019-03-01T20:53:03","slug":"vystupenia-2018","status":"publish","type":"page","link":"https:\/\/kralovany.ecavlos.sk\/?page_id=1617","title":{"rendered":"Vyst\u00fapenia 2018"},"content":{"rendered":"<p>&nbsp;<\/p>\n<p><span style=\"color: #000000;\">V prv\u00fa okt\u00f3brov\u00fa nede\u013eu, d\u0148a 7. okt\u00f3bra 2018, sme ako Bo\u017e\u00ed v\u010fa\u010dn\u00fd \u013eud P\u00e1nu Bohu \u010fakovali za Jeho po\u017eehnanie, ktor\u00e9 spo\u010dinulo aj na tohtoro\u010dnej \u00farode. <\/span><\/p>\n<p><span style=\"color: #000000;\">Pri tej pr\u00edle\u017eitosti vyst\u00fapil n\u00e1\u0161 zborov\u00fd spevokol. <\/span><\/p>\n<p><img loading=\"lazy\" decoding=\"async\" class=\"alignnone size-medium wp-image-1650\" src=\"http:\/\/kralovany.ecavlos.sk\/wp-content\/uploads\/2019\/03\/DSC02872-300x225.jpg\" alt=\"\" width=\"300\" height=\"225\" srcset=\"https:\/\/kralovany.ecavlos.sk\/wp-content\/uploads\/2019\/03\/DSC02872-300x225.jpg 300w, https:\/\/kralovany.ecavlos.sk\/wp-content\/uploads\/2019\/03\/DSC02872-768x576.jpg 768w, https:\/\/kralovany.ecavlos.sk\/wp-content\/uploads\/2019\/03\/DSC02872-1024x768.jpg 1024w\" sizes=\"(max-width: 300px) 100vw, 300px\" \/>\u00a0 <img loading=\"lazy\" decoding=\"async\" class=\"alignnone  wp-image-1651\" src=\"http:\/\/kralovany.ecavlos.sk\/wp-content\/uploads\/2019\/03\/DSC02873-225x300.jpg\" alt=\"\" width=\"169\" height=\"225\" srcset=\"https:\/\/kralovany.ecavlos.sk\/wp-content\/uploads\/2019\/03\/DSC02873-225x300.jpg 225w, https:\/\/kralovany.ecavlos.sk\/wp-content\/uploads\/2019\/03\/DSC02873-768x1024.jpg 768w\" sizes=\"(max-width: 169px) 100vw, 169px\" \/>\u00a0 <img loading=\"lazy\" decoding=\"async\" class=\"alignnone size-medium wp-image-1652\" src=\"http:\/\/kralovany.ecavlos.sk\/wp-content\/uploads\/2019\/03\/DSC02874-300x225.jpg\" alt=\"\" width=\"300\" height=\"225\" srcset=\"https:\/\/kralovany.ecavlos.sk\/wp-content\/uploads\/2019\/03\/DSC02874-300x225.jpg 300w, https:\/\/kralovany.ecavlos.sk\/wp-content\/uploads\/2019\/03\/DSC02874-768x576.jpg 768w, https:\/\/kralovany.ecavlos.sk\/wp-content\/uploads\/2019\/03\/DSC02874-1024x768.jpg 1024w\" sizes=\"(max-width: 300px) 100vw, 300px\" \/> \u00a0 <img loading=\"lazy\" decoding=\"async\" class=\"alignnone  wp-image-1653\" src=\"http:\/\/kralovany.ecavlos.sk\/wp-content\/uploads\/2019\/03\/DSC02875-225x300.jpg\" alt=\"\" width=\"176\" height=\"235\" srcset=\"https:\/\/kralovany.ecavlos.sk\/wp-content\/uploads\/2019\/03\/DSC02875-225x300.jpg 225w, https:\/\/kralovany.ecavlos.sk\/wp-content\/uploads\/2019\/03\/DSC02875-768x1024.jpg 768w\" sizes=\"(max-width: 176px) 100vw, 176px\" \/>\u00a0 <img loading=\"lazy\" decoding=\"async\" class=\"alignnone  wp-image-1618\" src=\"http:\/\/kralovany.ecavlos.sk\/wp-content\/uploads\/2019\/03\/DSC02876-300x225.jpg\" alt=\"\" width=\"312\" height=\"234\" srcset=\"https:\/\/kralovany.ecavlos.sk\/wp-content\/uploads\/2019\/03\/DSC02876-300x225.jpg 300w, https:\/\/kralovany.ecavlos.sk\/wp-content\/uploads\/2019\/03\/DSC02876-768x576.jpg 768w, https:\/\/kralovany.ecavlos.sk\/wp-content\/uploads\/2019\/03\/DSC02876-1024x768.jpg 1024w\" sizes=\"(max-width: 312px) 100vw, 312px\" \/>\u00a0 <img loading=\"lazy\" decoding=\"async\" class=\"alignnone  wp-image-1619\" src=\"http:\/\/kralovany.ecavlos.sk\/wp-content\/uploads\/2019\/03\/DSC02877-300x225.jpg\" alt=\"\" width=\"311\" height=\"233\" srcset=\"https:\/\/kralovany.ecavlos.sk\/wp-content\/uploads\/2019\/03\/DSC02877-300x225.jpg 300w, https:\/\/kralovany.ecavlos.sk\/wp-content\/uploads\/2019\/03\/DSC02877-768x576.jpg 768w, https:\/\/kralovany.ecavlos.sk\/wp-content\/uploads\/2019\/03\/DSC02877-1024x768.jpg 1024w\" sizes=\"(max-width: 311px) 100vw, 311px\" \/><\/p>\n<p>&nbsp;<\/p>\n<p><span style=\"color: #000000;\">D\u0148a 21. okt\u00f3bra 2018 sme si pripomenuli 105. v\u00fdro\u010die posv\u00e4tenia chr\u00e1mu Bo\u017eieho. <\/span><\/p>\n<p><span style=\"color: #000000;\">Pri tejto milej sl\u00e1vnosti so svojimi pies\u0148ami a b\u00e1s\u0148ami vyst\u00fapili deti.<\/span><\/p>\n<p><img loading=\"lazy\" decoding=\"async\" class=\"alignnone size-medium wp-image-1620\" src=\"http:\/\/kralovany.ecavlos.sk\/wp-content\/uploads\/2019\/03\/DSC02883-300x225.jpg\" alt=\"\" width=\"300\" height=\"225\" srcset=\"https:\/\/kralovany.ecavlos.sk\/wp-content\/uploads\/2019\/03\/DSC02883-300x225.jpg 300w, https:\/\/kralovany.ecavlos.sk\/wp-content\/uploads\/2019\/03\/DSC02883-768x576.jpg 768w, https:\/\/kralovany.ecavlos.sk\/wp-content\/uploads\/2019\/03\/DSC02883-1024x768.jpg 1024w\" sizes=\"(max-width: 300px) 100vw, 300px\" \/>\u00a0 <img loading=\"lazy\" decoding=\"async\" class=\"alignnone size-medium wp-image-1655\" src=\"http:\/\/kralovany.ecavlos.sk\/wp-content\/uploads\/2019\/03\/DSC02879-300x225.jpg\" alt=\"\" width=\"300\" height=\"225\" srcset=\"https:\/\/kralovany.ecavlos.sk\/wp-content\/uploads\/2019\/03\/DSC02879-300x225.jpg 300w, https:\/\/kralovany.ecavlos.sk\/wp-content\/uploads\/2019\/03\/DSC02879-768x576.jpg 768w, https:\/\/kralovany.ecavlos.sk\/wp-content\/uploads\/2019\/03\/DSC02879-1024x768.jpg 1024w\" sizes=\"(max-width: 300px) 100vw, 300px\" \/><\/p>\n<p>&nbsp;<\/p>\n<p><span style=\"color: #000000;\">Deti, dorast a zborov\u00fd spevokol spestril program sl\u00e1vnostn\u00fdch slu\u017eieb Bo\u017e\u00edch aj po\u010das viano\u010dn\u00fdch sviatkov. <\/span><\/p>\n<p><span style=\"color: #000000;\">Ve\u010f ka\u017ed\u00fd z n\u00e1s m\u00e1 za \u010do P\u00e1nu Bohu \u010fakova\u0165, ka\u017ed\u00fd z n\u00e1s Ho m\u00e1 za \u010do oslavova\u0165.<\/span><\/p>\n<p><img loading=\"lazy\" decoding=\"async\" class=\"alignnone size-medium wp-image-1621\" src=\"http:\/\/kralovany.ecavlos.sk\/wp-content\/uploads\/2019\/03\/DSC03000-300x225.jpg\" alt=\"\" width=\"300\" height=\"225\" srcset=\"https:\/\/kralovany.ecavlos.sk\/wp-content\/uploads\/2019\/03\/DSC03000-300x225.jpg 300w, https:\/\/kralovany.ecavlos.sk\/wp-content\/uploads\/2019\/03\/DSC03000-768x576.jpg 768w, https:\/\/kralovany.ecavlos.sk\/wp-content\/uploads\/2019\/03\/DSC03000-1024x768.jpg 1024w\" sizes=\"(max-width: 300px) 100vw, 300px\" \/>\u00a0\u00a0 <img loading=\"lazy\" decoding=\"async\" class=\"alignnone size-medium wp-image-1622\" src=\"http:\/\/kralovany.ecavlos.sk\/wp-content\/uploads\/2019\/03\/DSC03004-300x225.jpg\" alt=\"\" width=\"300\" height=\"225\" srcset=\"https:\/\/kralovany.ecavlos.sk\/wp-content\/uploads\/2019\/03\/DSC03004-300x225.jpg 300w, https:\/\/kralovany.ecavlos.sk\/wp-content\/uploads\/2019\/03\/DSC03004-768x576.jpg 768w, https:\/\/kralovany.ecavlos.sk\/wp-content\/uploads\/2019\/03\/DSC03004-1024x768.jpg 1024w\" sizes=\"(max-width: 300px) 100vw, 300px\" \/>\u00a0 <img loading=\"lazy\" decoding=\"async\" class=\"alignnone size-medium wp-image-1623\" src=\"http:\/\/kralovany.ecavlos.sk\/wp-content\/uploads\/2019\/03\/DSC02946-300x225.jpg\" alt=\"\" width=\"300\" height=\"225\" srcset=\"https:\/\/kralovany.ecavlos.sk\/wp-content\/uploads\/2019\/03\/DSC02946-300x225.jpg 300w, https:\/\/kralovany.ecavlos.sk\/wp-content\/uploads\/2019\/03\/DSC02946-768x576.jpg 768w, https:\/\/kralovany.ecavlos.sk\/wp-content\/uploads\/2019\/03\/DSC02946-1024x768.jpg 1024w\" sizes=\"(max-width: 300px) 100vw, 300px\" \/><\/p>\n<p>&nbsp;<\/p>\n","protected":false},"excerpt":{"rendered":"<p>&nbsp; V prv\u00fa okt\u00f3brov\u00fa nede\u013eu, d\u0148a 7. okt\u00f3bra 2018, sme ako Bo\u017e\u00ed v\u010fa\u010dn\u00fd \u013eud P\u00e1nu Bohu \u010fakovali za Jeho po\u017eehnanie, ktor\u00e9 spo\u010dinulo aj na tohtoro\u010dnej \u00farode. Pri tej pr\u00edle\u017eitosti vyst\u00fapil n\u00e1\u0161 zborov\u00fd spevokol. \u00a0 \u00a0 \u00a0 \u00a0 \u00a0 &nbsp; D\u0148a 21. okt\u00f3bra 2018 sme si pripomenuli 105. v\u00fdro\u010die posv\u00e4tenia chr\u00e1mu Bo\u017eieho. Pri tejto milej sl\u00e1vnosti [&hellip;]<\/p>\n","protected":false},"author":1,"featured_media":0,"parent":1542,"menu_order":0,"comment_status":"closed","ping_status":"closed","template":"","meta":{"footnotes":""},"class_list":["post-1617","page","type-page","status-publish","hentry"],"_links":{"self":[{"href":"https:\/\/kralovany.ecavlos.sk\/index.php?rest_route=\/wp\/v2\/pages\/1617"}],"collection":[{"href":"https:\/\/kralovany.ecavlos.sk\/index.php?rest_route=\/wp\/v2\/pages"}],"about":[{"href":"https:\/\/kralovany.ecavlos.sk\/index.php?rest_route=\/wp\/v2\/types\/page"}],"author":[{"embeddable":true,"href":"https:\/\/kralovany.ecavlos.sk\/index.php?rest_route=\/wp\/v2\/users\/1"}],"replies":[{"embeddable":true,"href":"https:\/\/kralovany.ecavlos.sk\/index.php?rest_route=%2Fwp%2Fv2%2Fcomments&post=1617"}],"version-history":[{"count":3,"href":"https:\/\/kralovany.ecavlos.sk\/index.php?rest_route=\/wp\/v2\/pages\/1617\/revisions"}],"predecessor-version":[{"id":1660,"href":"https:\/\/kralovany.ecavlos.sk\/index.php?rest_route=\/wp\/v2\/pages\/1617\/revisions\/1660"}],"up":[{"embeddable":true,"href":"https:\/\/kralovany.ecavlos.sk\/index.php?rest_route=\/wp\/v2\/pages\/1542"}],"wp:attachment":[{"href":"https:\/\/kralovany.ecavlos.sk\/index.php?rest_route=%2Fwp%2Fv2%2Fmedia&parent=1617"}],"curies":[{"name":"wp","href":"https:\/\/api.w.org\/{rel}","templated":true}]}}