{"id":1883,"date":"2019-08-15T10:42:01","date_gmt":"2019-08-15T08:42:01","guid":{"rendered":"http:\/\/kralovany.ecavlos.sk\/?page_id=1883"},"modified":"2019-08-15T10:46:30","modified_gmt":"2019-08-15T08:46:30","slug":"kralovska-detska-besiedka","status":"publish","type":"page","link":"https:\/\/kralovany.ecavlos.sk\/?page_id=1883","title":{"rendered":"Kr\u00e1\u013eovsk\u00e1 detsk\u00e1 besiedka"},"content":{"rendered":"<p>&nbsp;<\/p>\n<p><span style=\"color: #000000;\">Na z\u00e1ver \u0161kolsk\u00e9ho roka sme si urobili v\u00fdnimo\u010dn\u00fa detsk\u00fa besiedku. Pripomenuli sme si, \u017ee Hospodin je kr\u00e1\u013eom a my sme Jeho kr\u00e1\u013eovsk\u00fdmi de\u0165mi.<\/span><\/p>\n<p>&nbsp;<\/p>\n<p><img loading=\"lazy\" decoding=\"async\" class=\"alignnone size-medium wp-image-1885\" src=\"http:\/\/kralovany.ecavlos.sk\/wp-content\/uploads\/2019\/08\/DSC_4526-199x300.jpg\" alt=\"\" width=\"199\" height=\"300\" srcset=\"https:\/\/kralovany.ecavlos.sk\/wp-content\/uploads\/2019\/08\/DSC_4526-199x300.jpg 199w, https:\/\/kralovany.ecavlos.sk\/wp-content\/uploads\/2019\/08\/DSC_4526.jpg 435w\" sizes=\"(max-width: 199px) 100vw, 199px\" \/>\u00a0\u00a0 <img loading=\"lazy\" decoding=\"async\" class=\"alignnone size-medium wp-image-1888\" src=\"http:\/\/kralovany.ecavlos.sk\/wp-content\/uploads\/2019\/08\/DSC_4535-200x300.jpg\" alt=\"\" width=\"200\" height=\"300\" srcset=\"https:\/\/kralovany.ecavlos.sk\/wp-content\/uploads\/2019\/08\/DSC_4535-200x300.jpg 200w, https:\/\/kralovany.ecavlos.sk\/wp-content\/uploads\/2019\/08\/DSC_4535.jpg 438w\" sizes=\"(max-width: 200px) 100vw, 200px\" \/>\u00a0 <img loading=\"lazy\" decoding=\"async\" class=\"alignnone size-medium wp-image-1890\" src=\"http:\/\/kralovany.ecavlos.sk\/wp-content\/uploads\/2019\/08\/DSC_4544-200x300.jpg\" alt=\"\" width=\"200\" height=\"300\" srcset=\"https:\/\/kralovany.ecavlos.sk\/wp-content\/uploads\/2019\/08\/DSC_4544-200x300.jpg 200w, https:\/\/kralovany.ecavlos.sk\/wp-content\/uploads\/2019\/08\/DSC_4544.jpg 439w\" sizes=\"(max-width: 200px) 100vw, 200px\" \/>\u00a0 <img loading=\"lazy\" decoding=\"async\" class=\"alignnone size-medium wp-image-1892\" src=\"http:\/\/kralovany.ecavlos.sk\/wp-content\/uploads\/2019\/08\/DSC_4552-200x300.jpg\" alt=\"\" width=\"200\" height=\"300\" srcset=\"https:\/\/kralovany.ecavlos.sk\/wp-content\/uploads\/2019\/08\/DSC_4552-200x300.jpg 200w, https:\/\/kralovany.ecavlos.sk\/wp-content\/uploads\/2019\/08\/DSC_4552.jpg 438w\" sizes=\"(max-width: 200px) 100vw, 200px\" \/>\u00a0 <img loading=\"lazy\" decoding=\"async\" class=\"alignnone size-medium wp-image-1894\" src=\"http:\/\/kralovany.ecavlos.sk\/wp-content\/uploads\/2019\/08\/DSC_4560-200x300.jpg\" alt=\"\" width=\"200\" height=\"300\" srcset=\"https:\/\/kralovany.ecavlos.sk\/wp-content\/uploads\/2019\/08\/DSC_4560-200x300.jpg 200w, https:\/\/kralovany.ecavlos.sk\/wp-content\/uploads\/2019\/08\/DSC_4560.jpg 438w\" sizes=\"(max-width: 200px) 100vw, 200px\" \/> <img loading=\"lazy\" decoding=\"async\" class=\"alignnone size-medium wp-image-1895\" src=\"http:\/\/kralovany.ecavlos.sk\/wp-content\/uploads\/2019\/08\/DSC_4565-200x300.jpg\" alt=\"\" width=\"200\" height=\"300\" srcset=\"https:\/\/kralovany.ecavlos.sk\/wp-content\/uploads\/2019\/08\/DSC_4565-200x300.jpg 200w, https:\/\/kralovany.ecavlos.sk\/wp-content\/uploads\/2019\/08\/DSC_4565.jpg 439w\" sizes=\"(max-width: 200px) 100vw, 200px\" \/>\u00a0 <img loading=\"lazy\" decoding=\"async\" class=\"alignnone size-medium wp-image-1897\" src=\"http:\/\/kralovany.ecavlos.sk\/wp-content\/uploads\/2019\/08\/DSC_4572-200x300.jpg\" alt=\"\" width=\"200\" height=\"300\" srcset=\"https:\/\/kralovany.ecavlos.sk\/wp-content\/uploads\/2019\/08\/DSC_4572-200x300.jpg 200w, https:\/\/kralovany.ecavlos.sk\/wp-content\/uploads\/2019\/08\/DSC_4572.jpg 438w\" sizes=\"(max-width: 200px) 100vw, 200px\" \/>\u00a0 <img loading=\"lazy\" decoding=\"async\" class=\"alignnone size-medium wp-image-1899\" src=\"http:\/\/kralovany.ecavlos.sk\/wp-content\/uploads\/2019\/08\/DSC_4580-200x300.jpg\" alt=\"\" width=\"200\" height=\"300\" srcset=\"https:\/\/kralovany.ecavlos.sk\/wp-content\/uploads\/2019\/08\/DSC_4580-200x300.jpg 200w, https:\/\/kralovany.ecavlos.sk\/wp-content\/uploads\/2019\/08\/DSC_4580.jpg 438w\" sizes=\"(max-width: 200px) 100vw, 200px\" \/>\u00a0 <img loading=\"lazy\" decoding=\"async\" class=\"alignnone size-medium wp-image-1901\" src=\"http:\/\/kralovany.ecavlos.sk\/wp-content\/uploads\/2019\/08\/DSC_4586-200x300.jpg\" alt=\"\" width=\"200\" height=\"300\" srcset=\"https:\/\/kralovany.ecavlos.sk\/wp-content\/uploads\/2019\/08\/DSC_4586-200x300.jpg 200w, https:\/\/kralovany.ecavlos.sk\/wp-content\/uploads\/2019\/08\/DSC_4586.jpg 438w\" sizes=\"(max-width: 200px) 100vw, 200px\" \/>\u00a0 <img loading=\"lazy\" decoding=\"async\" class=\"alignnone size-medium wp-image-1903\" src=\"http:\/\/kralovany.ecavlos.sk\/wp-content\/uploads\/2019\/08\/DSC_4594-200x300.jpg\" alt=\"\" width=\"200\" height=\"300\" srcset=\"https:\/\/kralovany.ecavlos.sk\/wp-content\/uploads\/2019\/08\/DSC_4594-200x300.jpg 200w, https:\/\/kralovany.ecavlos.sk\/wp-content\/uploads\/2019\/08\/DSC_4594.jpg 439w\" sizes=\"(max-width: 200px) 100vw, 200px\" \/> <img loading=\"lazy\" decoding=\"async\" class=\"alignnone size-medium wp-image-1904\" src=\"http:\/\/kralovany.ecavlos.sk\/wp-content\/uploads\/2019\/08\/DSC_4595-200x300.jpg\" alt=\"\" width=\"200\" height=\"300\" srcset=\"https:\/\/kralovany.ecavlos.sk\/wp-content\/uploads\/2019\/08\/DSC_4595-200x300.jpg 200w, https:\/\/kralovany.ecavlos.sk\/wp-content\/uploads\/2019\/08\/DSC_4595.jpg 438w\" sizes=\"(max-width: 200px) 100vw, 200px\" \/>\u00a0\u00a0 <img loading=\"lazy\" decoding=\"async\" class=\"alignnone size-medium wp-image-1907\" src=\"http:\/\/kralovany.ecavlos.sk\/wp-content\/uploads\/2019\/08\/DSC_4604-200x300.jpg\" alt=\"\" width=\"200\" height=\"300\" srcset=\"https:\/\/kralovany.ecavlos.sk\/wp-content\/uploads\/2019\/08\/DSC_4604-200x300.jpg 200w, https:\/\/kralovany.ecavlos.sk\/wp-content\/uploads\/2019\/08\/DSC_4604.jpg 439w\" sizes=\"(max-width: 200px) 100vw, 200px\" \/>\u00a0 <img loading=\"lazy\" decoding=\"async\" class=\"alignnone size-medium wp-image-1932\" src=\"http:\/\/kralovany.ecavlos.sk\/wp-content\/uploads\/2019\/08\/DSC03627-225x300.jpg\" alt=\"\" width=\"225\" height=\"300\" srcset=\"https:\/\/kralovany.ecavlos.sk\/wp-content\/uploads\/2019\/08\/DSC03627-225x300.jpg 225w, https:\/\/kralovany.ecavlos.sk\/wp-content\/uploads\/2019\/08\/DSC03627-768x1024.jpg 768w\" sizes=\"(max-width: 225px) 100vw, 225px\" \/>\u00a0 <img loading=\"lazy\" decoding=\"async\" class=\"alignnone size-medium wp-image-1908\" src=\"http:\/\/kralovany.ecavlos.sk\/wp-content\/uploads\/2019\/08\/DSC_4607-300x200.jpg\" alt=\"\" width=\"300\" height=\"200\" srcset=\"https:\/\/kralovany.ecavlos.sk\/wp-content\/uploads\/2019\/08\/DSC_4607-300x200.jpg 300w, https:\/\/kralovany.ecavlos.sk\/wp-content\/uploads\/2019\/08\/DSC_4607-768x512.jpg 768w, https:\/\/kralovany.ecavlos.sk\/wp-content\/uploads\/2019\/08\/DSC_4607.jpg 985w\" sizes=\"(max-width: 300px) 100vw, 300px\" \/> <img loading=\"lazy\" decoding=\"async\" class=\"alignnone size-medium wp-image-1909\" src=\"http:\/\/kralovany.ecavlos.sk\/wp-content\/uploads\/2019\/08\/DSC_4609-199x300.jpg\" alt=\"\" width=\"199\" height=\"300\" srcset=\"https:\/\/kralovany.ecavlos.sk\/wp-content\/uploads\/2019\/08\/DSC_4609-199x300.jpg 199w, https:\/\/kralovany.ecavlos.sk\/wp-content\/uploads\/2019\/08\/DSC_4609.jpg 435w\" sizes=\"(max-width: 199px) 100vw, 199px\" \/> <img loading=\"lazy\" decoding=\"async\" class=\"alignnone size-medium wp-image-1910\" src=\"http:\/\/kralovany.ecavlos.sk\/wp-content\/uploads\/2019\/08\/DSC_4610-300x199.jpg\" alt=\"\" width=\"300\" height=\"199\" srcset=\"https:\/\/kralovany.ecavlos.sk\/wp-content\/uploads\/2019\/08\/DSC_4610-300x199.jpg 300w, https:\/\/kralovany.ecavlos.sk\/wp-content\/uploads\/2019\/08\/DSC_4610-768x509.jpg 768w, https:\/\/kralovany.ecavlos.sk\/wp-content\/uploads\/2019\/08\/DSC_4610.jpg 992w\" sizes=\"(max-width: 300px) 100vw, 300px\" \/> <img loading=\"lazy\" decoding=\"async\" class=\"alignnone size-medium wp-image-1911\" src=\"http:\/\/kralovany.ecavlos.sk\/wp-content\/uploads\/2019\/08\/DSC_4611-300x200.jpg\" alt=\"\" width=\"300\" height=\"200\" srcset=\"https:\/\/kralovany.ecavlos.sk\/wp-content\/uploads\/2019\/08\/DSC_4611-300x200.jpg 300w, https:\/\/kralovany.ecavlos.sk\/wp-content\/uploads\/2019\/08\/DSC_4611-768x512.jpg 768w, https:\/\/kralovany.ecavlos.sk\/wp-content\/uploads\/2019\/08\/DSC_4611.jpg 985w\" sizes=\"(max-width: 300px) 100vw, 300px\" \/> <img loading=\"lazy\" decoding=\"async\" class=\"alignnone size-medium wp-image-1912\" src=\"http:\/\/kralovany.ecavlos.sk\/wp-content\/uploads\/2019\/08\/DSC_4613-300x199.jpg\" alt=\"\" width=\"300\" height=\"199\" srcset=\"https:\/\/kralovany.ecavlos.sk\/wp-content\/uploads\/2019\/08\/DSC_4613-300x199.jpg 300w, https:\/\/kralovany.ecavlos.sk\/wp-content\/uploads\/2019\/08\/DSC_4613-768x509.jpg 768w, https:\/\/kralovany.ecavlos.sk\/wp-content\/uploads\/2019\/08\/DSC_4613.jpg 992w\" sizes=\"(max-width: 300px) 100vw, 300px\" \/> <img loading=\"lazy\" decoding=\"async\" class=\"alignnone size-medium wp-image-1913\" src=\"http:\/\/kralovany.ecavlos.sk\/wp-content\/uploads\/2019\/08\/DSC_4614-300x200.jpg\" alt=\"\" width=\"300\" height=\"200\" srcset=\"https:\/\/kralovany.ecavlos.sk\/wp-content\/uploads\/2019\/08\/DSC_4614-300x200.jpg 300w, https:\/\/kralovany.ecavlos.sk\/wp-content\/uploads\/2019\/08\/DSC_4614-768x512.jpg 768w, https:\/\/kralovany.ecavlos.sk\/wp-content\/uploads\/2019\/08\/DSC_4614.jpg 985w\" sizes=\"(max-width: 300px) 100vw, 300px\" \/> <img loading=\"lazy\" decoding=\"async\" class=\"alignnone size-medium wp-image-1914\" src=\"http:\/\/kralovany.ecavlos.sk\/wp-content\/uploads\/2019\/08\/DSC_4615-300x200.jpg\" alt=\"\" width=\"300\" height=\"200\" srcset=\"https:\/\/kralovany.ecavlos.sk\/wp-content\/uploads\/2019\/08\/DSC_4615-300x200.jpg 300w, https:\/\/kralovany.ecavlos.sk\/wp-content\/uploads\/2019\/08\/DSC_4615-768x512.jpg 768w, https:\/\/kralovany.ecavlos.sk\/wp-content\/uploads\/2019\/08\/DSC_4615.jpg 985w\" sizes=\"(max-width: 300px) 100vw, 300px\" \/> <img loading=\"lazy\" decoding=\"async\" class=\"alignnone size-medium wp-image-1915\" src=\"http:\/\/kralovany.ecavlos.sk\/wp-content\/uploads\/2019\/08\/DSC_4617-199x300.jpg\" alt=\"\" width=\"199\" height=\"300\" srcset=\"https:\/\/kralovany.ecavlos.sk\/wp-content\/uploads\/2019\/08\/DSC_4617-199x300.jpg 199w, https:\/\/kralovany.ecavlos.sk\/wp-content\/uploads\/2019\/08\/DSC_4617.jpg 435w\" sizes=\"(max-width: 199px) 100vw, 199px\" \/> <img loading=\"lazy\" decoding=\"async\" class=\"alignnone size-medium wp-image-1916\" src=\"http:\/\/kralovany.ecavlos.sk\/wp-content\/uploads\/2019\/08\/DSC_4618-199x300.jpg\" alt=\"\" width=\"199\" height=\"300\" srcset=\"https:\/\/kralovany.ecavlos.sk\/wp-content\/uploads\/2019\/08\/DSC_4618-199x300.jpg 199w, https:\/\/kralovany.ecavlos.sk\/wp-content\/uploads\/2019\/08\/DSC_4618.jpg 435w\" sizes=\"(max-width: 199px) 100vw, 199px\" \/> <img loading=\"lazy\" decoding=\"async\" class=\"alignnone size-medium wp-image-1917\" src=\"http:\/\/kralovany.ecavlos.sk\/wp-content\/uploads\/2019\/08\/DSC_4620-199x300.jpg\" alt=\"\" width=\"199\" height=\"300\" srcset=\"https:\/\/kralovany.ecavlos.sk\/wp-content\/uploads\/2019\/08\/DSC_4620-199x300.jpg 199w, https:\/\/kralovany.ecavlos.sk\/wp-content\/uploads\/2019\/08\/DSC_4620.jpg 435w\" sizes=\"(max-width: 199px) 100vw, 199px\" \/> <img loading=\"lazy\" decoding=\"async\" class=\"alignnone size-medium wp-image-1918\" src=\"http:\/\/kralovany.ecavlos.sk\/wp-content\/uploads\/2019\/08\/DSC_4622-300x199.jpg\" alt=\"\" width=\"300\" height=\"199\" srcset=\"https:\/\/kralovany.ecavlos.sk\/wp-content\/uploads\/2019\/08\/DSC_4622-300x199.jpg 300w, https:\/\/kralovany.ecavlos.sk\/wp-content\/uploads\/2019\/08\/DSC_4622-768x509.jpg 768w, https:\/\/kralovany.ecavlos.sk\/wp-content\/uploads\/2019\/08\/DSC_4622.jpg 992w\" sizes=\"(max-width: 300px) 100vw, 300px\" \/> <img loading=\"lazy\" decoding=\"async\" class=\"alignnone size-medium wp-image-1919\" src=\"http:\/\/kralovany.ecavlos.sk\/wp-content\/uploads\/2019\/08\/DSC_4625-200x300.jpg\" alt=\"\" width=\"200\" height=\"300\" srcset=\"https:\/\/kralovany.ecavlos.sk\/wp-content\/uploads\/2019\/08\/DSC_4625-200x300.jpg 200w, https:\/\/kralovany.ecavlos.sk\/wp-content\/uploads\/2019\/08\/DSC_4625.jpg 439w\" sizes=\"(max-width: 200px) 100vw, 200px\" \/> <img loading=\"lazy\" decoding=\"async\" class=\"alignnone size-medium wp-image-1920\" src=\"http:\/\/kralovany.ecavlos.sk\/wp-content\/uploads\/2019\/08\/DSC_4629-200x300.jpg\" alt=\"\" width=\"200\" height=\"300\" srcset=\"https:\/\/kralovany.ecavlos.sk\/wp-content\/uploads\/2019\/08\/DSC_4629-200x300.jpg 200w, https:\/\/kralovany.ecavlos.sk\/wp-content\/uploads\/2019\/08\/DSC_4629.jpg 439w\" sizes=\"(max-width: 200px) 100vw, 200px\" \/> <img loading=\"lazy\" decoding=\"async\" class=\"alignnone size-medium wp-image-1921\" src=\"http:\/\/kralovany.ecavlos.sk\/wp-content\/uploads\/2019\/08\/DSC_4631-199x300.jpg\" alt=\"\" width=\"199\" height=\"300\" srcset=\"https:\/\/kralovany.ecavlos.sk\/wp-content\/uploads\/2019\/08\/DSC_4631-199x300.jpg 199w, https:\/\/kralovany.ecavlos.sk\/wp-content\/uploads\/2019\/08\/DSC_4631.jpg 435w\" sizes=\"(max-width: 199px) 100vw, 199px\" \/> <img loading=\"lazy\" decoding=\"async\" class=\"alignnone size-medium wp-image-1922\" src=\"http:\/\/kralovany.ecavlos.sk\/wp-content\/uploads\/2019\/08\/DSC_4634-199x300.jpg\" alt=\"\" width=\"199\" height=\"300\" srcset=\"https:\/\/kralovany.ecavlos.sk\/wp-content\/uploads\/2019\/08\/DSC_4634-199x300.jpg 199w, https:\/\/kralovany.ecavlos.sk\/wp-content\/uploads\/2019\/08\/DSC_4634.jpg 435w\" sizes=\"(max-width: 199px) 100vw, 199px\" \/> <img loading=\"lazy\" decoding=\"async\" class=\"alignnone size-medium wp-image-1923\" src=\"http:\/\/kralovany.ecavlos.sk\/wp-content\/uploads\/2019\/08\/DSC_4636-199x300.jpg\" alt=\"\" width=\"199\" height=\"300\" srcset=\"https:\/\/kralovany.ecavlos.sk\/wp-content\/uploads\/2019\/08\/DSC_4636-199x300.jpg 199w, https:\/\/kralovany.ecavlos.sk\/wp-content\/uploads\/2019\/08\/DSC_4636.jpg 435w\" sizes=\"(max-width: 199px) 100vw, 199px\" \/> <img loading=\"lazy\" decoding=\"async\" class=\"alignnone size-medium wp-image-1924\" src=\"http:\/\/kralovany.ecavlos.sk\/wp-content\/uploads\/2019\/08\/DSC_4639-300x200.jpg\" alt=\"\" width=\"300\" height=\"200\" srcset=\"https:\/\/kralovany.ecavlos.sk\/wp-content\/uploads\/2019\/08\/DSC_4639-300x200.jpg 300w, https:\/\/kralovany.ecavlos.sk\/wp-content\/uploads\/2019\/08\/DSC_4639-768x512.jpg 768w, https:\/\/kralovany.ecavlos.sk\/wp-content\/uploads\/2019\/08\/DSC_4639.jpg 986w\" sizes=\"(max-width: 300px) 100vw, 300px\" \/><\/p>\n","protected":false},"excerpt":{"rendered":"<p>&nbsp; Na z\u00e1ver \u0161kolsk\u00e9ho roka sme si urobili v\u00fdnimo\u010dn\u00fa detsk\u00fa besiedku. Pripomenuli sme si, \u017ee Hospodin je kr\u00e1\u013eom a my sme Jeho kr\u00e1\u013eovsk\u00fdmi de\u0165mi. &nbsp; \u00a0\u00a0 \u00a0 \u00a0 \u00a0 \u00a0 \u00a0 \u00a0 \u00a0 \u00a0\u00a0 \u00a0 \u00a0<\/p>\n","protected":false},"author":1,"featured_media":0,"parent":1806,"menu_order":0,"comment_status":"closed","ping_status":"closed","template":"","meta":{"footnotes":""},"class_list":["post-1883","page","type-page","status-publish","hentry"],"_links":{"self":[{"href":"https:\/\/kralovany.ecavlos.sk\/index.php?rest_route=\/wp\/v2\/pages\/1883"}],"collection":[{"href":"https:\/\/kralovany.ecavlos.sk\/index.php?rest_route=\/wp\/v2\/pages"}],"about":[{"href":"https:\/\/kralovany.ecavlos.sk\/index.php?rest_route=\/wp\/v2\/types\/page"}],"author":[{"embeddable":true,"href":"https:\/\/kralovany.ecavlos.sk\/index.php?rest_route=\/wp\/v2\/users\/1"}],"replies":[{"embeddable":true,"href":"https:\/\/kralovany.ecavlos.sk\/index.php?rest_route=%2Fwp%2Fv2%2Fcomments&post=1883"}],"version-history":[{"count":2,"href":"https:\/\/kralovany.ecavlos.sk\/index.php?rest_route=\/wp\/v2\/pages\/1883\/revisions"}],"predecessor-version":[{"id":1935,"href":"https:\/\/kralovany.ecavlos.sk\/index.php?rest_route=\/wp\/v2\/pages\/1883\/revisions\/1935"}],"up":[{"embeddable":true,"href":"https:\/\/kralovany.ecavlos.sk\/index.php?rest_route=\/wp\/v2\/pages\/1806"}],"wp:attachment":[{"href":"https:\/\/kralovany.ecavlos.sk\/index.php?rest_route=%2Fwp%2Fv2%2Fmedia&parent=1883"}],"curies":[{"name":"wp","href":"https:\/\/api.w.org\/{rel}","templated":true}]}}