{"id":1948,"date":"2019-09-04T11:52:20","date_gmt":"2019-09-04T09:52:20","guid":{"rendered":"http:\/\/kralovany.ecavlos.sk\/?page_id=1948"},"modified":"2019-09-04T11:52:20","modified_gmt":"2019-09-04T09:52:20","slug":"pozehnanie-na-zaciatku-sk-roka","status":"publish","type":"page","link":"https:\/\/kralovany.ecavlos.sk\/?page_id=1948","title":{"rendered":"Po\u017eehnanie na za\u010diatku \u0161k. roka"},"content":{"rendered":"<p>&nbsp;<\/p>\n<p><span style=\"color: #000000;\">V prv\u00fa septembrov\u00fa nede\u013eu prijali \u017eiaci, \u0161tudenti a pedag\u00f3govia po\u017eehnanie, aby nov\u00fd \u0161kolsk\u00fd rok bol naplnen\u00fd \u00faspechom, vytrvalos\u0165ou, trpezlivos\u0165ou a rados\u0165ou z mo\u017enosti sa vzdel\u00e1va\u0165. <\/span><\/p>\n<p><span style=\"color: #000000;\">Ver\u00edme, \u017ee P\u00e1n Boh sa bude prizn\u00e1va\u0165 k ich \u00fasiliu.<\/span><\/p>\n<p>&nbsp;<\/p>\n<p><img loading=\"lazy\" decoding=\"async\" class=\"alignnone size-medium wp-image-1949\" src=\"http:\/\/kralovany.ecavlos.sk\/wp-content\/uploads\/2019\/09\/IMG_20190901_085513-169x300.jpg\" alt=\"\" width=\"169\" height=\"300\" srcset=\"https:\/\/kralovany.ecavlos.sk\/wp-content\/uploads\/2019\/09\/IMG_20190901_085513-169x300.jpg 169w, https:\/\/kralovany.ecavlos.sk\/wp-content\/uploads\/2019\/09\/IMG_20190901_085513-768x1364.jpg 768w, https:\/\/kralovany.ecavlos.sk\/wp-content\/uploads\/2019\/09\/IMG_20190901_085513-577x1024.jpg 577w\" sizes=\"(max-width: 169px) 100vw, 169px\" \/> <img loading=\"lazy\" decoding=\"async\" class=\"alignnone size-medium wp-image-1950\" src=\"http:\/\/kralovany.ecavlos.sk\/wp-content\/uploads\/2019\/09\/IMG_20190901_090116-300x169.jpg\" alt=\"\" width=\"300\" height=\"169\" srcset=\"https:\/\/kralovany.ecavlos.sk\/wp-content\/uploads\/2019\/09\/IMG_20190901_090116-300x169.jpg 300w, https:\/\/kralovany.ecavlos.sk\/wp-content\/uploads\/2019\/09\/IMG_20190901_090116-768x432.jpg 768w, https:\/\/kralovany.ecavlos.sk\/wp-content\/uploads\/2019\/09\/IMG_20190901_090116-1024x577.jpg 1024w\" sizes=\"(max-width: 300px) 100vw, 300px\" \/> <img loading=\"lazy\" decoding=\"async\" class=\"alignnone size-medium wp-image-1951\" src=\"http:\/\/kralovany.ecavlos.sk\/wp-content\/uploads\/2019\/09\/IMG_20190901_090119-300x169.jpg\" alt=\"\" width=\"300\" height=\"169\" srcset=\"https:\/\/kralovany.ecavlos.sk\/wp-content\/uploads\/2019\/09\/IMG_20190901_090119-300x169.jpg 300w, https:\/\/kralovany.ecavlos.sk\/wp-content\/uploads\/2019\/09\/IMG_20190901_090119-768x432.jpg 768w, https:\/\/kralovany.ecavlos.sk\/wp-content\/uploads\/2019\/09\/IMG_20190901_090119-1024x577.jpg 1024w\" sizes=\"(max-width: 300px) 100vw, 300px\" \/> <img loading=\"lazy\" decoding=\"async\" class=\"alignnone size-medium wp-image-1952\" src=\"http:\/\/kralovany.ecavlos.sk\/wp-content\/uploads\/2019\/09\/IMG_20190901_090123-300x169.jpg\" alt=\"\" width=\"300\" height=\"169\" srcset=\"https:\/\/kralovany.ecavlos.sk\/wp-content\/uploads\/2019\/09\/IMG_20190901_090123-300x169.jpg 300w, https:\/\/kralovany.ecavlos.sk\/wp-content\/uploads\/2019\/09\/IMG_20190901_090123-768x432.jpg 768w, https:\/\/kralovany.ecavlos.sk\/wp-content\/uploads\/2019\/09\/IMG_20190901_090123-1024x577.jpg 1024w\" sizes=\"(max-width: 300px) 100vw, 300px\" \/> <img loading=\"lazy\" decoding=\"async\" class=\"alignnone size-medium wp-image-1953\" src=\"http:\/\/kralovany.ecavlos.sk\/wp-content\/uploads\/2019\/09\/IMG_20190901_090126-300x169.jpg\" alt=\"\" width=\"300\" height=\"169\" srcset=\"https:\/\/kralovany.ecavlos.sk\/wp-content\/uploads\/2019\/09\/IMG_20190901_090126-300x169.jpg 300w, https:\/\/kralovany.ecavlos.sk\/wp-content\/uploads\/2019\/09\/IMG_20190901_090126-768x432.jpg 768w, https:\/\/kralovany.ecavlos.sk\/wp-content\/uploads\/2019\/09\/IMG_20190901_090126-1024x577.jpg 1024w\" sizes=\"(max-width: 300px) 100vw, 300px\" \/> <img loading=\"lazy\" decoding=\"async\" class=\"alignnone size-medium wp-image-1954\" src=\"http:\/\/kralovany.ecavlos.sk\/wp-content\/uploads\/2019\/09\/IMG_20190901_090131-300x169.jpg\" alt=\"\" width=\"300\" height=\"169\" srcset=\"https:\/\/kralovany.ecavlos.sk\/wp-content\/uploads\/2019\/09\/IMG_20190901_090131-300x169.jpg 300w, https:\/\/kralovany.ecavlos.sk\/wp-content\/uploads\/2019\/09\/IMG_20190901_090131-768x432.jpg 768w, https:\/\/kralovany.ecavlos.sk\/wp-content\/uploads\/2019\/09\/IMG_20190901_090131-1024x577.jpg 1024w\" sizes=\"(max-width: 300px) 100vw, 300px\" \/> <img loading=\"lazy\" decoding=\"async\" class=\"alignnone size-medium wp-image-1955\" src=\"http:\/\/kralovany.ecavlos.sk\/wp-content\/uploads\/2019\/09\/IMG_20190901_090134-300x169.jpg\" alt=\"\" width=\"300\" height=\"169\" srcset=\"https:\/\/kralovany.ecavlos.sk\/wp-content\/uploads\/2019\/09\/IMG_20190901_090134-300x169.jpg 300w, https:\/\/kralovany.ecavlos.sk\/wp-content\/uploads\/2019\/09\/IMG_20190901_090134-768x432.jpg 768w, https:\/\/kralovany.ecavlos.sk\/wp-content\/uploads\/2019\/09\/IMG_20190901_090134-1024x577.jpg 1024w\" sizes=\"(max-width: 300px) 100vw, 300px\" \/> <img loading=\"lazy\" decoding=\"async\" class=\"alignnone size-medium wp-image-1956\" src=\"http:\/\/kralovany.ecavlos.sk\/wp-content\/uploads\/2019\/09\/IMG_20190901_090137-300x169.jpg\" alt=\"\" width=\"300\" height=\"169\" srcset=\"https:\/\/kralovany.ecavlos.sk\/wp-content\/uploads\/2019\/09\/IMG_20190901_090137-300x169.jpg 300w, https:\/\/kralovany.ecavlos.sk\/wp-content\/uploads\/2019\/09\/IMG_20190901_090137-768x432.jpg 768w, https:\/\/kralovany.ecavlos.sk\/wp-content\/uploads\/2019\/09\/IMG_20190901_090137-1024x577.jpg 1024w\" sizes=\"(max-width: 300px) 100vw, 300px\" \/> <img loading=\"lazy\" decoding=\"async\" class=\"alignnone size-medium wp-image-1957\" src=\"http:\/\/kralovany.ecavlos.sk\/wp-content\/uploads\/2019\/09\/IMG_20190901_090140-300x169.jpg\" alt=\"\" width=\"300\" height=\"169\" srcset=\"https:\/\/kralovany.ecavlos.sk\/wp-content\/uploads\/2019\/09\/IMG_20190901_090140-300x169.jpg 300w, https:\/\/kralovany.ecavlos.sk\/wp-content\/uploads\/2019\/09\/IMG_20190901_090140-768x432.jpg 768w, https:\/\/kralovany.ecavlos.sk\/wp-content\/uploads\/2019\/09\/IMG_20190901_090140-1024x577.jpg 1024w\" sizes=\"(max-width: 300px) 100vw, 300px\" \/> <img loading=\"lazy\" decoding=\"async\" class=\"alignnone size-medium wp-image-1958\" src=\"http:\/\/kralovany.ecavlos.sk\/wp-content\/uploads\/2019\/09\/IMG_20190901_090153-300x169.jpg\" alt=\"\" width=\"300\" height=\"169\" srcset=\"https:\/\/kralovany.ecavlos.sk\/wp-content\/uploads\/2019\/09\/IMG_20190901_090153-300x169.jpg 300w, https:\/\/kralovany.ecavlos.sk\/wp-content\/uploads\/2019\/09\/IMG_20190901_090153-768x432.jpg 768w, https:\/\/kralovany.ecavlos.sk\/wp-content\/uploads\/2019\/09\/IMG_20190901_090153-1024x577.jpg 1024w\" sizes=\"(max-width: 300px) 100vw, 300px\" \/> <img loading=\"lazy\" decoding=\"async\" class=\"alignnone size-medium wp-image-1959\" src=\"http:\/\/kralovany.ecavlos.sk\/wp-content\/uploads\/2019\/09\/IMG_20190901_090214-300x169.jpg\" alt=\"\" width=\"300\" height=\"169\" srcset=\"https:\/\/kralovany.ecavlos.sk\/wp-content\/uploads\/2019\/09\/IMG_20190901_090214-300x169.jpg 300w, https:\/\/kralovany.ecavlos.sk\/wp-content\/uploads\/2019\/09\/IMG_20190901_090214-768x432.jpg 768w, https:\/\/kralovany.ecavlos.sk\/wp-content\/uploads\/2019\/09\/IMG_20190901_090214-1024x577.jpg 1024w\" sizes=\"(max-width: 300px) 100vw, 300px\" \/> <img loading=\"lazy\" decoding=\"async\" class=\"alignnone size-medium wp-image-1960\" src=\"http:\/\/kralovany.ecavlos.sk\/wp-content\/uploads\/2019\/09\/IMG_20190901_090216-300x169.jpg\" alt=\"\" width=\"300\" height=\"169\" srcset=\"https:\/\/kralovany.ecavlos.sk\/wp-content\/uploads\/2019\/09\/IMG_20190901_090216-300x169.jpg 300w, https:\/\/kralovany.ecavlos.sk\/wp-content\/uploads\/2019\/09\/IMG_20190901_090216-768x432.jpg 768w, https:\/\/kralovany.ecavlos.sk\/wp-content\/uploads\/2019\/09\/IMG_20190901_090216-1024x577.jpg 1024w\" sizes=\"(max-width: 300px) 100vw, 300px\" \/><\/p>\n","protected":false},"excerpt":{"rendered":"<p>&nbsp; V prv\u00fa septembrov\u00fa nede\u013eu prijali \u017eiaci, \u0161tudenti a pedag\u00f3govia po\u017eehnanie, aby nov\u00fd \u0161kolsk\u00fd rok bol naplnen\u00fd \u00faspechom, vytrvalos\u0165ou, trpezlivos\u0165ou a rados\u0165ou z mo\u017enosti sa vzdel\u00e1va\u0165. Ver\u00edme, \u017ee P\u00e1n Boh sa bude prizn\u00e1va\u0165 k ich \u00fasiliu. &nbsp;<\/p>\n","protected":false},"author":1,"featured_media":0,"parent":1806,"menu_order":0,"comment_status":"closed","ping_status":"closed","template":"","meta":{"footnotes":""},"class_list":["post-1948","page","type-page","status-publish","hentry"],"_links":{"self":[{"href":"https:\/\/kralovany.ecavlos.sk\/index.php?rest_route=\/wp\/v2\/pages\/1948"}],"collection":[{"href":"https:\/\/kralovany.ecavlos.sk\/index.php?rest_route=\/wp\/v2\/pages"}],"about":[{"href":"https:\/\/kralovany.ecavlos.sk\/index.php?rest_route=\/wp\/v2\/types\/page"}],"author":[{"embeddable":true,"href":"https:\/\/kralovany.ecavlos.sk\/index.php?rest_route=\/wp\/v2\/users\/1"}],"replies":[{"embeddable":true,"href":"https:\/\/kralovany.ecavlos.sk\/index.php?rest_route=%2Fwp%2Fv2%2Fcomments&post=1948"}],"version-history":[{"count":1,"href":"https:\/\/kralovany.ecavlos.sk\/index.php?rest_route=\/wp\/v2\/pages\/1948\/revisions"}],"predecessor-version":[{"id":1961,"href":"https:\/\/kralovany.ecavlos.sk\/index.php?rest_route=\/wp\/v2\/pages\/1948\/revisions\/1961"}],"up":[{"embeddable":true,"href":"https:\/\/kralovany.ecavlos.sk\/index.php?rest_route=\/wp\/v2\/pages\/1806"}],"wp:attachment":[{"href":"https:\/\/kralovany.ecavlos.sk\/index.php?rest_route=%2Fwp%2Fv2%2Fmedia&parent=1948"}],"curies":[{"name":"wp","href":"https:\/\/api.w.org\/{rel}","templated":true}]}}