{"id":2035,"date":"2019-11-06T14:19:43","date_gmt":"2019-11-06T13:19:43","guid":{"rendered":"http:\/\/kralovany.ecavlos.sk\/?page_id=2035"},"modified":"2019-12-04T07:20:16","modified_gmt":"2019-12-04T06:20:16","slug":"pomoc-socialne-slabsim-rodinam","status":"publish","type":"page","link":"https:\/\/kralovany.ecavlos.sk\/?page_id=2035","title":{"rendered":"Pomoc soci\u00e1lne slab\u0161\u00edm rodin\u00e1m"},"content":{"rendered":"<p>&nbsp;<\/p>\n<p>&nbsp;<\/p>\n<p><span style=\"color: #000000;\">P\u00e1n Boh je Darca mnoh\u00fdch \u0161tedr\u00fdch darov. Ka\u017ed\u00fd de\u0148 m\u00f4\u017eeme pozorova\u0165, \u010d\u00edm konkr\u00e9tne n\u00e1s alebo na\u0161u rodinu z l\u00e1sky obdar\u00fava. <\/span><\/p>\n<p><span style=\"color: #000000;\">Nieko\u013eko rod\u00edn z n\u00e1\u0161ho cirkevn\u00e9ho zboru sa rozhodlo z nebies darovan\u00e9ho darova\u0165 \u010falej. Zapojili sa do projektu <strong>Ko\u013eko l\u00e1sky sa zmest\u00ed do krabice od top\u00e1nok<\/strong>, ktor\u00fd u\u017e nieko\u013eko rokov podporuje soci\u00e1lne slab\u0161ie rodiny v Srbsku. <\/span><\/p>\n<p><span style=\"color: #000000;\">Dvadsa\u0165dva viano\u010dn\u00fdch bal\u00ed\u010dkov ver\u00edme pote\u0161\u00ed dvadsa\u0165dva mal\u00fdch detsk\u00fdch srdie\u010dok a na vy\u010dar\u00ed \u00fasmev na ich tv\u00e1r.<\/span><\/p>\n<p><span style=\"color: #000000;\">A tak ve\u013ek\u00e9 \u010fakujem patr\u00ed P\u00e1nu Bohu i obetav\u00fdm darcom.<\/span><\/p>\n<p>&nbsp;<\/p>\n<p><img loading=\"lazy\" decoding=\"async\" class=\"alignnone size-medium wp-image-2036\" src=\"http:\/\/kralovany.ecavlos.sk\/wp-content\/uploads\/2019\/11\/IMG_20191106_134334-300x252.jpg\" alt=\"\" width=\"300\" height=\"252\" srcset=\"https:\/\/kralovany.ecavlos.sk\/wp-content\/uploads\/2019\/11\/IMG_20191106_134334-300x252.jpg 300w, https:\/\/kralovany.ecavlos.sk\/wp-content\/uploads\/2019\/11\/IMG_20191106_134334-768x645.jpg 768w, https:\/\/kralovany.ecavlos.sk\/wp-content\/uploads\/2019\/11\/IMG_20191106_134334-1024x861.jpg 1024w\" sizes=\"(max-width: 300px) 100vw, 300px\" \/>\u00a0\u00a0 <img loading=\"lazy\" decoding=\"async\" class=\"alignnone size-medium wp-image-2064\" src=\"http:\/\/kralovany.ecavlos.sk\/wp-content\/uploads\/2019\/11\/77335666_10156597950026356_2509992777706635264_n-300x169.jpg\" alt=\"\" width=\"300\" height=\"169\" srcset=\"https:\/\/kralovany.ecavlos.sk\/wp-content\/uploads\/2019\/11\/77335666_10156597950026356_2509992777706635264_n-300x169.jpg 300w, https:\/\/kralovany.ecavlos.sk\/wp-content\/uploads\/2019\/11\/77335666_10156597950026356_2509992777706635264_n-768x432.jpg 768w, https:\/\/kralovany.ecavlos.sk\/wp-content\/uploads\/2019\/11\/77335666_10156597950026356_2509992777706635264_n.jpg 960w\" sizes=\"(max-width: 300px) 100vw, 300px\" \/> <img loading=\"lazy\" decoding=\"async\" class=\"alignnone size-medium wp-image-2065\" src=\"http:\/\/kralovany.ecavlos.sk\/wp-content\/uploads\/2019\/11\/78060003_10156597950206356_8397485435407826944_n-300x165.jpg\" alt=\"\" width=\"300\" height=\"165\" srcset=\"https:\/\/kralovany.ecavlos.sk\/wp-content\/uploads\/2019\/11\/78060003_10156597950206356_8397485435407826944_n-300x165.jpg 300w, https:\/\/kralovany.ecavlos.sk\/wp-content\/uploads\/2019\/11\/78060003_10156597950206356_8397485435407826944_n-768x422.jpg 768w, https:\/\/kralovany.ecavlos.sk\/wp-content\/uploads\/2019\/11\/78060003_10156597950206356_8397485435407826944_n.jpg 960w\" sizes=\"(max-width: 300px) 100vw, 300px\" \/>\u00a0\u00a0 <img loading=\"lazy\" decoding=\"async\" class=\"alignnone size-medium wp-image-2066\" src=\"http:\/\/kralovany.ecavlos.sk\/wp-content\/uploads\/2019\/11\/78319007_10156597949916356_7336510032327999488_n-300x169.jpg\" alt=\"\" width=\"300\" height=\"169\" srcset=\"https:\/\/kralovany.ecavlos.sk\/wp-content\/uploads\/2019\/11\/78319007_10156597949916356_7336510032327999488_n-300x169.jpg 300w, https:\/\/kralovany.ecavlos.sk\/wp-content\/uploads\/2019\/11\/78319007_10156597949916356_7336510032327999488_n-768x432.jpg 768w, https:\/\/kralovany.ecavlos.sk\/wp-content\/uploads\/2019\/11\/78319007_10156597949916356_7336510032327999488_n.jpg 960w\" sizes=\"(max-width: 300px) 100vw, 300px\" \/><\/p>\n<p>&nbsp;<\/p>\n","protected":false},"excerpt":{"rendered":"<p>&nbsp; &nbsp; P\u00e1n Boh je Darca mnoh\u00fdch \u0161tedr\u00fdch darov. Ka\u017ed\u00fd de\u0148 m\u00f4\u017eeme pozorova\u0165, \u010d\u00edm konkr\u00e9tne n\u00e1s alebo na\u0161u rodinu z l\u00e1sky obdar\u00fava. Nieko\u013eko rod\u00edn z n\u00e1\u0161ho cirkevn\u00e9ho zboru sa rozhodlo z nebies darovan\u00e9ho darova\u0165 \u010falej. Zapojili sa do projektu Ko\u013eko l\u00e1sky sa zmest\u00ed do krabice od top\u00e1nok, ktor\u00fd u\u017e nieko\u013eko rokov podporuje soci\u00e1lne slab\u0161ie rodiny [&hellip;]<\/p>\n","protected":false},"author":1,"featured_media":0,"parent":1806,"menu_order":0,"comment_status":"closed","ping_status":"closed","template":"","meta":{"footnotes":""},"class_list":["post-2035","page","type-page","status-publish","hentry"],"_links":{"self":[{"href":"https:\/\/kralovany.ecavlos.sk\/index.php?rest_route=\/wp\/v2\/pages\/2035"}],"collection":[{"href":"https:\/\/kralovany.ecavlos.sk\/index.php?rest_route=\/wp\/v2\/pages"}],"about":[{"href":"https:\/\/kralovany.ecavlos.sk\/index.php?rest_route=\/wp\/v2\/types\/page"}],"author":[{"embeddable":true,"href":"https:\/\/kralovany.ecavlos.sk\/index.php?rest_route=\/wp\/v2\/users\/1"}],"replies":[{"embeddable":true,"href":"https:\/\/kralovany.ecavlos.sk\/index.php?rest_route=%2Fwp%2Fv2%2Fcomments&post=2035"}],"version-history":[{"count":3,"href":"https:\/\/kralovany.ecavlos.sk\/index.php?rest_route=\/wp\/v2\/pages\/2035\/revisions"}],"predecessor-version":[{"id":2068,"href":"https:\/\/kralovany.ecavlos.sk\/index.php?rest_route=\/wp\/v2\/pages\/2035\/revisions\/2068"}],"up":[{"embeddable":true,"href":"https:\/\/kralovany.ecavlos.sk\/index.php?rest_route=\/wp\/v2\/pages\/1806"}],"wp:attachment":[{"href":"https:\/\/kralovany.ecavlos.sk\/index.php?rest_route=%2Fwp%2Fv2%2Fmedia&parent=2035"}],"curies":[{"name":"wp","href":"https:\/\/api.w.org\/{rel}","templated":true}]}}