{"id":2102,"date":"2019-12-27T21:01:43","date_gmt":"2019-12-27T20:01:43","guid":{"rendered":"http:\/\/kralovany.ecavlos.sk\/?page_id=2102"},"modified":"2019-12-27T21:01:43","modified_gmt":"2019-12-27T20:01:43","slug":"koledovanie-2019","status":"publish","type":"page","link":"https:\/\/kralovany.ecavlos.sk\/?page_id=2102","title":{"rendered":"Koledovanie 2019"},"content":{"rendered":"<p>&nbsp;<\/p>\n<p>&nbsp;<\/p>\n<p><span style=\"color: #000000;\">S bl\u00ed\u017eiacim adventn\u00fdm a viano\u010dn\u00fdm obdob\u00edm sa pribl\u00ed\u017eila aj \u00fa\u017easn\u00e1 v\u00f4\u0148a viano\u010dn\u00fdch obl\u00e1tok. Tie upiekla desiatka ochotn\u00fdch sestier na za\u010diatku adventu. V 2. adventn\u00fa nede\u013eu ich s koledou na per\u00e1ch deti a dorast rozdali.\u00a0<\/span><\/p>\n<p>&nbsp;<\/p>\n<p><img loading=\"lazy\" decoding=\"async\" class=\"alignnone size-medium wp-image-2103\" src=\"http:\/\/kralovany.ecavlos.sk\/wp-content\/uploads\/2019\/12\/IMG_20191125_135017-300x225.jpg\" alt=\"\" width=\"300\" height=\"225\" srcset=\"https:\/\/kralovany.ecavlos.sk\/wp-content\/uploads\/2019\/12\/IMG_20191125_135017-300x225.jpg 300w, https:\/\/kralovany.ecavlos.sk\/wp-content\/uploads\/2019\/12\/IMG_20191125_135017-768x576.jpg 768w, https:\/\/kralovany.ecavlos.sk\/wp-content\/uploads\/2019\/12\/IMG_20191125_135017-1024x768.jpg 1024w\" sizes=\"(max-width: 300px) 100vw, 300px\" \/> \u00a0 <img loading=\"lazy\" decoding=\"async\" class=\"alignnone size-medium wp-image-2104\" src=\"http:\/\/kralovany.ecavlos.sk\/wp-content\/uploads\/2019\/12\/IMG_20191125_135049-300x225.jpg\" alt=\"\" width=\"300\" height=\"225\" srcset=\"https:\/\/kralovany.ecavlos.sk\/wp-content\/uploads\/2019\/12\/IMG_20191125_135049-300x225.jpg 300w, https:\/\/kralovany.ecavlos.sk\/wp-content\/uploads\/2019\/12\/IMG_20191125_135049-768x576.jpg 768w, https:\/\/kralovany.ecavlos.sk\/wp-content\/uploads\/2019\/12\/IMG_20191125_135049-1024x768.jpg 1024w\" sizes=\"(max-width: 300px) 100vw, 300px\" \/> \u00a0\u00a0 <img loading=\"lazy\" decoding=\"async\" class=\"alignnone size-medium wp-image-2105\" src=\"http:\/\/kralovany.ecavlos.sk\/wp-content\/uploads\/2019\/12\/IMG_20191125_135107-300x225.jpg\" alt=\"\" width=\"300\" height=\"225\" srcset=\"https:\/\/kralovany.ecavlos.sk\/wp-content\/uploads\/2019\/12\/IMG_20191125_135107-300x225.jpg 300w, https:\/\/kralovany.ecavlos.sk\/wp-content\/uploads\/2019\/12\/IMG_20191125_135107-768x576.jpg 768w, https:\/\/kralovany.ecavlos.sk\/wp-content\/uploads\/2019\/12\/IMG_20191125_135107-1024x768.jpg 1024w\" sizes=\"(max-width: 300px) 100vw, 300px\" \/>\u00a0\u00a0 <img loading=\"lazy\" decoding=\"async\" class=\"alignnone size-medium wp-image-2106\" src=\"http:\/\/kralovany.ecavlos.sk\/wp-content\/uploads\/2019\/12\/IMG_1410-300x225.jpg\" alt=\"\" width=\"300\" height=\"225\" srcset=\"https:\/\/kralovany.ecavlos.sk\/wp-content\/uploads\/2019\/12\/IMG_1410-300x225.jpg 300w, https:\/\/kralovany.ecavlos.sk\/wp-content\/uploads\/2019\/12\/IMG_1410.jpg 640w\" sizes=\"(max-width: 300px) 100vw, 300px\" \/> \u00a0\u00a0 <img loading=\"lazy\" decoding=\"async\" class=\"alignnone size-medium wp-image-2107\" src=\"http:\/\/kralovany.ecavlos.sk\/wp-content\/uploads\/2019\/12\/IMG_1412-300x225.jpg\" alt=\"\" width=\"300\" height=\"225\" srcset=\"https:\/\/kralovany.ecavlos.sk\/wp-content\/uploads\/2019\/12\/IMG_1412-300x225.jpg 300w, https:\/\/kralovany.ecavlos.sk\/wp-content\/uploads\/2019\/12\/IMG_1412.jpg 640w\" sizes=\"(max-width: 300px) 100vw, 300px\" \/>\u00a0\u00a0 <img loading=\"lazy\" decoding=\"async\" class=\"alignnone size-medium wp-image-2108\" src=\"http:\/\/kralovany.ecavlos.sk\/wp-content\/uploads\/2019\/12\/IMG_1415-300x225.jpg\" alt=\"\" width=\"300\" height=\"225\" srcset=\"https:\/\/kralovany.ecavlos.sk\/wp-content\/uploads\/2019\/12\/IMG_1415-300x225.jpg 300w, https:\/\/kralovany.ecavlos.sk\/wp-content\/uploads\/2019\/12\/IMG_1415.jpg 640w\" sizes=\"(max-width: 300px) 100vw, 300px\" \/><\/p>\n","protected":false},"excerpt":{"rendered":"<p>&nbsp; &nbsp; S bl\u00ed\u017eiacim adventn\u00fdm a viano\u010dn\u00fdm obdob\u00edm sa pribl\u00ed\u017eila aj \u00fa\u017easn\u00e1 v\u00f4\u0148a viano\u010dn\u00fdch obl\u00e1tok. Tie upiekla desiatka ochotn\u00fdch sestier na za\u010diatku adventu. V 2. adventn\u00fa nede\u013eu ich s koledou na per\u00e1ch deti a dorast rozdali.\u00a0 &nbsp; \u00a0 \u00a0\u00a0 \u00a0\u00a0 \u00a0\u00a0 \u00a0\u00a0<\/p>\n","protected":false},"author":1,"featured_media":0,"parent":1806,"menu_order":0,"comment_status":"closed","ping_status":"closed","template":"","meta":{"footnotes":""},"class_list":["post-2102","page","type-page","status-publish","hentry"],"_links":{"self":[{"href":"https:\/\/kralovany.ecavlos.sk\/index.php?rest_route=\/wp\/v2\/pages\/2102"}],"collection":[{"href":"https:\/\/kralovany.ecavlos.sk\/index.php?rest_route=\/wp\/v2\/pages"}],"about":[{"href":"https:\/\/kralovany.ecavlos.sk\/index.php?rest_route=\/wp\/v2\/types\/page"}],"author":[{"embeddable":true,"href":"https:\/\/kralovany.ecavlos.sk\/index.php?rest_route=\/wp\/v2\/users\/1"}],"replies":[{"embeddable":true,"href":"https:\/\/kralovany.ecavlos.sk\/index.php?rest_route=%2Fwp%2Fv2%2Fcomments&post=2102"}],"version-history":[{"count":1,"href":"https:\/\/kralovany.ecavlos.sk\/index.php?rest_route=\/wp\/v2\/pages\/2102\/revisions"}],"predecessor-version":[{"id":2109,"href":"https:\/\/kralovany.ecavlos.sk\/index.php?rest_route=\/wp\/v2\/pages\/2102\/revisions\/2109"}],"up":[{"embeddable":true,"href":"https:\/\/kralovany.ecavlos.sk\/index.php?rest_route=\/wp\/v2\/pages\/1806"}],"wp:attachment":[{"href":"https:\/\/kralovany.ecavlos.sk\/index.php?rest_route=%2Fwp%2Fv2%2Fmedia&parent=2102"}],"curies":[{"name":"wp","href":"https:\/\/api.w.org\/{rel}","templated":true}]}}