{"id":2111,"date":"2019-12-27T21:45:11","date_gmt":"2019-12-27T20:45:11","guid":{"rendered":"http:\/\/kralovany.ecavlos.sk\/?page_id=2111"},"modified":"2020-01-01T21:55:34","modified_gmt":"2020-01-01T20:55:34","slug":"vianoce-2019","status":"publish","type":"page","link":"https:\/\/kralovany.ecavlos.sk\/?page_id=2111","title":{"rendered":"Vianoce 2019"},"content":{"rendered":"<p>&nbsp;<\/p>\n<p>&nbsp;<\/p>\n<p><span style=\"color: #000000;\">Po\u010das viano\u010dn\u00fdch sviatkov n\u00e1m na Slu\u017eb\u00e1ch Bo\u017e\u00edch posl\u00fa\u017eili nielen man\u017eelia B\u00e1zlikovci, ktor\u00ed zastupuj\u00fa ses. zborov\u00fa far\u00e1rku po\u010das materskej dovolenky, ale priv\u00edtali sme medzi nami aj ses. Ruth Chme\u013eovsk\u00fa, \u0161tudentku Evanjelickej bohosloveckej fakulty UK v Bratislave. <\/span><\/p>\n<p><img loading=\"lazy\" decoding=\"async\" class=\"alignnone size-medium wp-image-2112\" style=\"color: #000000;\" src=\"http:\/\/kralovany.ecavlos.sk\/wp-content\/uploads\/2019\/12\/IMG_20191224_164518-225x300.jpg\" alt=\"\" width=\"225\" height=\"300\" srcset=\"https:\/\/kralovany.ecavlos.sk\/wp-content\/uploads\/2019\/12\/IMG_20191224_164518-225x300.jpg 225w, https:\/\/kralovany.ecavlos.sk\/wp-content\/uploads\/2019\/12\/IMG_20191224_164518-768x1024.jpg 768w\" sizes=\"(max-width: 225px) 100vw, 225px\" \/>\u00a0 <img loading=\"lazy\" decoding=\"async\" class=\"alignnone size-medium wp-image-2113\" src=\"http:\/\/kralovany.ecavlos.sk\/wp-content\/uploads\/2019\/12\/IMG_20191224_164545-300x225.jpg\" alt=\"\" width=\"300\" height=\"225\" srcset=\"https:\/\/kralovany.ecavlos.sk\/wp-content\/uploads\/2019\/12\/IMG_20191224_164545-300x225.jpg 300w, https:\/\/kralovany.ecavlos.sk\/wp-content\/uploads\/2019\/12\/IMG_20191224_164545-768x576.jpg 768w, https:\/\/kralovany.ecavlos.sk\/wp-content\/uploads\/2019\/12\/IMG_20191224_164545-1024x768.jpg 1024w\" sizes=\"(max-width: 300px) 100vw, 300px\" \/>\u00a0 <img loading=\"lazy\" decoding=\"async\" class=\"alignnone size-medium wp-image-2116\" src=\"http:\/\/kralovany.ecavlos.sk\/wp-content\/uploads\/2019\/12\/IMG_20191225_090015-225x300.jpg\" alt=\"\" width=\"225\" height=\"300\" srcset=\"https:\/\/kralovany.ecavlos.sk\/wp-content\/uploads\/2019\/12\/IMG_20191225_090015-225x300.jpg 225w, https:\/\/kralovany.ecavlos.sk\/wp-content\/uploads\/2019\/12\/IMG_20191225_090015-768x1024.jpg 768w\" sizes=\"(max-width: 225px) 100vw, 225px\" \/>\u00a0 <img loading=\"lazy\" decoding=\"async\" class=\"alignnone size-medium wp-image-2115\" src=\"http:\/\/kralovany.ecavlos.sk\/wp-content\/uploads\/2019\/12\/IMG_20191225_083334-225x300.jpg\" alt=\"\" width=\"225\" height=\"300\" srcset=\"https:\/\/kralovany.ecavlos.sk\/wp-content\/uploads\/2019\/12\/IMG_20191225_083334-225x300.jpg 225w, https:\/\/kralovany.ecavlos.sk\/wp-content\/uploads\/2019\/12\/IMG_20191225_083334-768x1024.jpg 768w\" sizes=\"(max-width: 225px) 100vw, 225px\" \/>\u00a0 <img loading=\"lazy\" decoding=\"async\" class=\"alignnone size-medium wp-image-2118\" src=\"http:\/\/kralovany.ecavlos.sk\/wp-content\/uploads\/2019\/12\/IMG_20191225_091712-225x300.jpg\" alt=\"\" width=\"225\" height=\"300\" srcset=\"https:\/\/kralovany.ecavlos.sk\/wp-content\/uploads\/2019\/12\/IMG_20191225_091712-225x300.jpg 225w, https:\/\/kralovany.ecavlos.sk\/wp-content\/uploads\/2019\/12\/IMG_20191225_091712-768x1024.jpg 768w\" sizes=\"(max-width: 225px) 100vw, 225px\" \/>\u00a0 <img loading=\"lazy\" decoding=\"async\" class=\"alignnone size-medium wp-image-2114\" src=\"http:\/\/kralovany.ecavlos.sk\/wp-content\/uploads\/2019\/12\/IMG_20191224_164554-300x225.jpg\" alt=\"\" width=\"300\" height=\"225\" srcset=\"https:\/\/kralovany.ecavlos.sk\/wp-content\/uploads\/2019\/12\/IMG_20191224_164554-300x225.jpg 300w, https:\/\/kralovany.ecavlos.sk\/wp-content\/uploads\/2019\/12\/IMG_20191224_164554-768x576.jpg 768w, https:\/\/kralovany.ecavlos.sk\/wp-content\/uploads\/2019\/12\/IMG_20191224_164554-1024x768.jpg 1024w\" sizes=\"(max-width: 300px) 100vw, 300px\" \/><\/p>\n<p>&nbsp;<\/p>\n<p><span style=\"color: #000000;\">Program \u0161tedrove\u010dern\u00fdch Slu\u017eieb Bo\u017e\u00edch obohatili deti, ktor\u00e9 svojimi b\u00e1s\u0148ami a pies\u0148ou v\u00edtali naroden\u00e9ho Spasite\u013ea. <\/span><\/p>\n<p><img loading=\"lazy\" decoding=\"async\" class=\"alignnone size-medium wp-image-2119\" src=\"http:\/\/kralovany.ecavlos.sk\/wp-content\/uploads\/2019\/12\/IMG_20191224_162259-225x300.jpg\" alt=\"\" width=\"225\" height=\"300\" srcset=\"https:\/\/kralovany.ecavlos.sk\/wp-content\/uploads\/2019\/12\/IMG_20191224_162259-225x300.jpg 225w, https:\/\/kralovany.ecavlos.sk\/wp-content\/uploads\/2019\/12\/IMG_20191224_162259-768x1024.jpg 768w\" sizes=\"(max-width: 225px) 100vw, 225px\" \/>\u00a0 <img loading=\"lazy\" decoding=\"async\" class=\"alignnone size-medium wp-image-2120\" src=\"http:\/\/kralovany.ecavlos.sk\/wp-content\/uploads\/2019\/12\/IMG_20191224_162303-225x300.jpg\" alt=\"\" width=\"225\" height=\"300\" srcset=\"https:\/\/kralovany.ecavlos.sk\/wp-content\/uploads\/2019\/12\/IMG_20191224_162303-225x300.jpg 225w, https:\/\/kralovany.ecavlos.sk\/wp-content\/uploads\/2019\/12\/IMG_20191224_162303-768x1024.jpg 768w\" sizes=\"(max-width: 225px) 100vw, 225px\" \/>\u00a0 <img loading=\"lazy\" decoding=\"async\" class=\"alignnone size-medium wp-image-2121\" src=\"http:\/\/kralovany.ecavlos.sk\/wp-content\/uploads\/2019\/12\/IMG_20191224_162311-225x300.jpg\" alt=\"\" width=\"225\" height=\"300\" srcset=\"https:\/\/kralovany.ecavlos.sk\/wp-content\/uploads\/2019\/12\/IMG_20191224_162311-225x300.jpg 225w, https:\/\/kralovany.ecavlos.sk\/wp-content\/uploads\/2019\/12\/IMG_20191224_162311-768x1024.jpg 768w\" sizes=\"(max-width: 225px) 100vw, 225px\" \/> <img loading=\"lazy\" decoding=\"async\" class=\"alignnone size-medium wp-image-2122\" src=\"http:\/\/kralovany.ecavlos.sk\/wp-content\/uploads\/2019\/12\/IMG_20191224_162317-225x300.jpg\" alt=\"\" width=\"225\" height=\"300\" srcset=\"https:\/\/kralovany.ecavlos.sk\/wp-content\/uploads\/2019\/12\/IMG_20191224_162317-225x300.jpg 225w, https:\/\/kralovany.ecavlos.sk\/wp-content\/uploads\/2019\/12\/IMG_20191224_162317-768x1024.jpg 768w\" sizes=\"(max-width: 225px) 100vw, 225px\" \/>\u00a0 <img loading=\"lazy\" decoding=\"async\" class=\"alignnone size-medium wp-image-2123\" src=\"http:\/\/kralovany.ecavlos.sk\/wp-content\/uploads\/2019\/12\/IMG_20191224_162340-300x225.jpg\" alt=\"\" width=\"300\" height=\"225\" srcset=\"https:\/\/kralovany.ecavlos.sk\/wp-content\/uploads\/2019\/12\/IMG_20191224_162340-300x225.jpg 300w, https:\/\/kralovany.ecavlos.sk\/wp-content\/uploads\/2019\/12\/IMG_20191224_162340-768x576.jpg 768w, https:\/\/kralovany.ecavlos.sk\/wp-content\/uploads\/2019\/12\/IMG_20191224_162340-1024x768.jpg 1024w\" sizes=\"(max-width: 300px) 100vw, 300px\" \/>\u00a0\u00a0 <img loading=\"lazy\" decoding=\"async\" class=\"alignnone size-medium wp-image-2125\" src=\"http:\/\/kralovany.ecavlos.sk\/wp-content\/uploads\/2019\/12\/IMG_20191224_162409-225x300.jpg\" alt=\"\" width=\"225\" height=\"300\" srcset=\"https:\/\/kralovany.ecavlos.sk\/wp-content\/uploads\/2019\/12\/IMG_20191224_162409-225x300.jpg 225w, https:\/\/kralovany.ecavlos.sk\/wp-content\/uploads\/2019\/12\/IMG_20191224_162409-768x1024.jpg 768w\" sizes=\"(max-width: 225px) 100vw, 225px\" \/>\u00a0 <img loading=\"lazy\" decoding=\"async\" class=\"alignnone size-medium wp-image-2126\" src=\"http:\/\/kralovany.ecavlos.sk\/wp-content\/uploads\/2019\/12\/IMG_20191224_162445-225x300.jpg\" alt=\"\" width=\"225\" height=\"300\" srcset=\"https:\/\/kralovany.ecavlos.sk\/wp-content\/uploads\/2019\/12\/IMG_20191224_162445-225x300.jpg 225w, https:\/\/kralovany.ecavlos.sk\/wp-content\/uploads\/2019\/12\/IMG_20191224_162445-768x1024.jpg 768w\" sizes=\"(max-width: 225px) 100vw, 225px\" \/>\u00a0 <img loading=\"lazy\" decoding=\"async\" class=\"alignnone size-medium wp-image-2127\" src=\"http:\/\/kralovany.ecavlos.sk\/wp-content\/uploads\/2019\/12\/IMG_20191224_162502-225x300.jpg\" alt=\"\" width=\"225\" height=\"300\" srcset=\"https:\/\/kralovany.ecavlos.sk\/wp-content\/uploads\/2019\/12\/IMG_20191224_162502-225x300.jpg 225w, https:\/\/kralovany.ecavlos.sk\/wp-content\/uploads\/2019\/12\/IMG_20191224_162502-768x1024.jpg 768w\" sizes=\"(max-width: 225px) 100vw, 225px\" \/>\u00a0 <img loading=\"lazy\" decoding=\"async\" class=\"alignnone size-medium wp-image-2128\" src=\"http:\/\/kralovany.ecavlos.sk\/wp-content\/uploads\/2019\/12\/IMG_20191224_162511-225x300.jpg\" alt=\"\" width=\"225\" height=\"300\" srcset=\"https:\/\/kralovany.ecavlos.sk\/wp-content\/uploads\/2019\/12\/IMG_20191224_162511-225x300.jpg 225w, https:\/\/kralovany.ecavlos.sk\/wp-content\/uploads\/2019\/12\/IMG_20191224_162511-768x1024.jpg 768w\" sizes=\"(max-width: 225px) 100vw, 225px\" \/>\u00a0 <img loading=\"lazy\" decoding=\"async\" class=\"alignnone size-medium wp-image-2129\" src=\"http:\/\/kralovany.ecavlos.sk\/wp-content\/uploads\/2019\/12\/IMG_20191224_162515-225x300.jpg\" alt=\"\" width=\"225\" height=\"300\" srcset=\"https:\/\/kralovany.ecavlos.sk\/wp-content\/uploads\/2019\/12\/IMG_20191224_162515-225x300.jpg 225w, https:\/\/kralovany.ecavlos.sk\/wp-content\/uploads\/2019\/12\/IMG_20191224_162515-768x1024.jpg 768w\" sizes=\"(max-width: 225px) 100vw, 225px\" \/>\u00a0 <img loading=\"lazy\" decoding=\"async\" class=\"alignnone size-medium wp-image-2130\" src=\"http:\/\/kralovany.ecavlos.sk\/wp-content\/uploads\/2019\/12\/IMG_20191224_162529-225x300.jpg\" alt=\"\" width=\"225\" height=\"300\" srcset=\"https:\/\/kralovany.ecavlos.sk\/wp-content\/uploads\/2019\/12\/IMG_20191224_162529-225x300.jpg 225w, https:\/\/kralovany.ecavlos.sk\/wp-content\/uploads\/2019\/12\/IMG_20191224_162529-768x1024.jpg 768w\" sizes=\"(max-width: 225px) 100vw, 225px\" \/>\u00a0 <img loading=\"lazy\" decoding=\"async\" class=\"alignnone size-medium wp-image-2131\" src=\"http:\/\/kralovany.ecavlos.sk\/wp-content\/uploads\/2019\/12\/IMG_20191224_162536-225x300.jpg\" alt=\"\" width=\"225\" height=\"300\" srcset=\"https:\/\/kralovany.ecavlos.sk\/wp-content\/uploads\/2019\/12\/IMG_20191224_162536-225x300.jpg 225w, https:\/\/kralovany.ecavlos.sk\/wp-content\/uploads\/2019\/12\/IMG_20191224_162536-768x1024.jpg 768w\" sizes=\"(max-width: 225px) 100vw, 225px\" \/>\u00a0 <img loading=\"lazy\" decoding=\"async\" class=\"alignnone size-medium wp-image-2132\" src=\"http:\/\/kralovany.ecavlos.sk\/wp-content\/uploads\/2019\/12\/IMG_20191224_162553-225x300.jpg\" alt=\"\" width=\"225\" height=\"300\" srcset=\"https:\/\/kralovany.ecavlos.sk\/wp-content\/uploads\/2019\/12\/IMG_20191224_162553-225x300.jpg 225w, https:\/\/kralovany.ecavlos.sk\/wp-content\/uploads\/2019\/12\/IMG_20191224_162553-768x1024.jpg 768w\" sizes=\"(max-width: 225px) 100vw, 225px\" \/>\u00a0 <img loading=\"lazy\" decoding=\"async\" class=\"alignnone size-medium wp-image-2133\" src=\"http:\/\/kralovany.ecavlos.sk\/wp-content\/uploads\/2019\/12\/IMG_20191224_162619-225x300.jpg\" alt=\"\" width=\"225\" height=\"300\" srcset=\"https:\/\/kralovany.ecavlos.sk\/wp-content\/uploads\/2019\/12\/IMG_20191224_162619-225x300.jpg 225w, https:\/\/kralovany.ecavlos.sk\/wp-content\/uploads\/2019\/12\/IMG_20191224_162619-768x1024.jpg 768w\" sizes=\"(max-width: 225px) 100vw, 225px\" \/>\u00a0 <img loading=\"lazy\" decoding=\"async\" class=\"alignnone size-medium wp-image-2124\" src=\"http:\/\/kralovany.ecavlos.sk\/wp-content\/uploads\/2019\/12\/IMG_20191224_162359-300x225.jpg\" alt=\"\" width=\"300\" height=\"225\" srcset=\"https:\/\/kralovany.ecavlos.sk\/wp-content\/uploads\/2019\/12\/IMG_20191224_162359-300x225.jpg 300w, https:\/\/kralovany.ecavlos.sk\/wp-content\/uploads\/2019\/12\/IMG_20191224_162359-768x576.jpg 768w, https:\/\/kralovany.ecavlos.sk\/wp-content\/uploads\/2019\/12\/IMG_20191224_162359-1024x768.jpg 1024w\" sizes=\"(max-width: 300px) 100vw, 300px\" \/><\/p>\n","protected":false},"excerpt":{"rendered":"<p>&nbsp; &nbsp; Po\u010das viano\u010dn\u00fdch sviatkov n\u00e1m na Slu\u017eb\u00e1ch Bo\u017e\u00edch posl\u00fa\u017eili nielen man\u017eelia B\u00e1zlikovci, ktor\u00ed zastupuj\u00fa ses. zborov\u00fa far\u00e1rku po\u010das materskej dovolenky, ale priv\u00edtali sme medzi nami aj ses. Ruth Chme\u013eovsk\u00fa, \u0161tudentku Evanjelickej bohosloveckej fakulty UK v Bratislave. \u00a0 \u00a0 \u00a0 \u00a0 \u00a0 &nbsp; Program \u0161tedrove\u010dern\u00fdch Slu\u017eieb Bo\u017e\u00edch obohatili deti, ktor\u00e9 svojimi b\u00e1s\u0148ami a pies\u0148ou v\u00edtali [&hellip;]<\/p>\n","protected":false},"author":1,"featured_media":0,"parent":1806,"menu_order":0,"comment_status":"closed","ping_status":"closed","template":"","meta":{"footnotes":""},"class_list":["post-2111","page","type-page","status-publish","hentry"],"_links":{"self":[{"href":"https:\/\/kralovany.ecavlos.sk\/index.php?rest_route=\/wp\/v2\/pages\/2111"}],"collection":[{"href":"https:\/\/kralovany.ecavlos.sk\/index.php?rest_route=\/wp\/v2\/pages"}],"about":[{"href":"https:\/\/kralovany.ecavlos.sk\/index.php?rest_route=\/wp\/v2\/types\/page"}],"author":[{"embeddable":true,"href":"https:\/\/kralovany.ecavlos.sk\/index.php?rest_route=\/wp\/v2\/users\/1"}],"replies":[{"embeddable":true,"href":"https:\/\/kralovany.ecavlos.sk\/index.php?rest_route=%2Fwp%2Fv2%2Fcomments&post=2111"}],"version-history":[{"count":3,"href":"https:\/\/kralovany.ecavlos.sk\/index.php?rest_route=\/wp\/v2\/pages\/2111\/revisions"}],"predecessor-version":[{"id":2147,"href":"https:\/\/kralovany.ecavlos.sk\/index.php?rest_route=\/wp\/v2\/pages\/2111\/revisions\/2147"}],"up":[{"embeddable":true,"href":"https:\/\/kralovany.ecavlos.sk\/index.php?rest_route=\/wp\/v2\/pages\/1806"}],"wp:attachment":[{"href":"https:\/\/kralovany.ecavlos.sk\/index.php?rest_route=%2Fwp%2Fv2%2Fmedia&parent=2111"}],"curies":[{"name":"wp","href":"https:\/\/api.w.org\/{rel}","templated":true}]}}