{"id":2170,"date":"2020-02-19T09:11:42","date_gmt":"2020-02-19T08:11:42","guid":{"rendered":"http:\/\/kralovany.ecavlos.sk\/?page_id=2170"},"modified":"2020-02-19T10:04:49","modified_gmt":"2020-02-19T09:04:49","slug":"gdpr","status":"publish","type":"page","link":"https:\/\/kralovany.ecavlos.sk\/?page_id=2170","title":{"rendered":"GDPR"},"content":{"rendered":"<p>&nbsp;<\/p>\n<p><span style=\"color: #000000;\">Cirkevn\u00fd zbor ECAV na Slovensku Kra\u013eovany <\/span><\/p>\n<p><span style=\"color: #000000;\">zverej\u0148uje <\/span><\/p>\n<p><span style=\"color: #000000;\">V\u00fdpis z Organiza\u010dnej smernice pre sprac\u00favanie a ochranu osobn\u00fdch \u00fadajov.<\/span><\/p>\n<p>&nbsp;<\/p>\n<p><a href=\"http:\/\/kralovany.ecavlos.sk\/wp-content\/uploads\/2020\/02\/V\u00fdpis-z-Organiza\u010dnej-smernice-na-ochranu-osobn\u00fdch-\u00fadajov.docx\">V\u00fdpis z Organiza\u010dnej smernice na ochranu osobn\u00fdch \u00fadajov<\/a><\/p>\n","protected":false},"excerpt":{"rendered":"<p>&nbsp; Cirkevn\u00fd zbor ECAV na Slovensku Kra\u013eovany zverej\u0148uje V\u00fdpis z Organiza\u010dnej smernice pre sprac\u00favanie a ochranu osobn\u00fdch \u00fadajov. &nbsp; V\u00fdpis z Organiza\u010dnej smernice na ochranu osobn\u00fdch \u00fadajov<\/p>\n","protected":false},"author":1,"featured_media":0,"parent":176,"menu_order":0,"comment_status":"closed","ping_status":"closed","template":"","meta":{"footnotes":""},"class_list":["post-2170","page","type-page","status-publish","hentry"],"_links":{"self":[{"href":"https:\/\/kralovany.ecavlos.sk\/index.php?rest_route=\/wp\/v2\/pages\/2170"}],"collection":[{"href":"https:\/\/kralovany.ecavlos.sk\/index.php?rest_route=\/wp\/v2\/pages"}],"about":[{"href":"https:\/\/kralovany.ecavlos.sk\/index.php?rest_route=\/wp\/v2\/types\/page"}],"author":[{"embeddable":true,"href":"https:\/\/kralovany.ecavlos.sk\/index.php?rest_route=\/wp\/v2\/users\/1"}],"replies":[{"embeddable":true,"href":"https:\/\/kralovany.ecavlos.sk\/index.php?rest_route=%2Fwp%2Fv2%2Fcomments&post=2170"}],"version-history":[{"count":1,"href":"https:\/\/kralovany.ecavlos.sk\/index.php?rest_route=\/wp\/v2\/pages\/2170\/revisions"}],"predecessor-version":[{"id":2172,"href":"https:\/\/kralovany.ecavlos.sk\/index.php?rest_route=\/wp\/v2\/pages\/2170\/revisions\/2172"}],"up":[{"embeddable":true,"href":"https:\/\/kralovany.ecavlos.sk\/index.php?rest_route=\/wp\/v2\/pages\/176"}],"wp:attachment":[{"href":"https:\/\/kralovany.ecavlos.sk\/index.php?rest_route=%2Fwp%2Fv2%2Fmedia&parent=2170"}],"curies":[{"name":"wp","href":"https:\/\/api.w.org\/{rel}","templated":true}]}}