{"id":2293,"date":"2020-09-03T12:36:32","date_gmt":"2020-09-03T10:36:32","guid":{"rendered":"http:\/\/kralovany.ecavlos.sk\/?page_id=2293"},"modified":"2020-09-03T12:42:09","modified_gmt":"2020-09-03T10:42:09","slug":"2020-2","status":"publish","type":"page","link":"https:\/\/kralovany.ecavlos.sk\/?page_id=2293","title":{"rendered":"2020"},"content":{"rendered":"<p><span style=\"color: #000000;\">Poz\u00fdvame v\u00e1s nahliadnu\u0165 na udalosti, ktor\u00e9 sme pre\u017eili v na\u0161om cirkevnom zbore po\u010das r. 2020.<\/span><\/p>\n","protected":false},"excerpt":{"rendered":"<p>Poz\u00fdvame v\u00e1s nahliadnu\u0165 na udalosti, ktor\u00e9 sme pre\u017eili v na\u0161om cirkevnom zbore po\u010das r. 2020.<\/p>\n","protected":false},"author":1,"featured_media":0,"parent":550,"menu_order":0,"comment_status":"closed","ping_status":"closed","template":"","meta":{"footnotes":""},"class_list":["post-2293","page","type-page","status-publish","hentry"],"_links":{"self":[{"href":"https:\/\/kralovany.ecavlos.sk\/index.php?rest_route=\/wp\/v2\/pages\/2293"}],"collection":[{"href":"https:\/\/kralovany.ecavlos.sk\/index.php?rest_route=\/wp\/v2\/pages"}],"about":[{"href":"https:\/\/kralovany.ecavlos.sk\/index.php?rest_route=\/wp\/v2\/types\/page"}],"author":[{"embeddable":true,"href":"https:\/\/kralovany.ecavlos.sk\/index.php?rest_route=\/wp\/v2\/users\/1"}],"replies":[{"embeddable":true,"href":"https:\/\/kralovany.ecavlos.sk\/index.php?rest_route=%2Fwp%2Fv2%2Fcomments&post=2293"}],"version-history":[{"count":2,"href":"https:\/\/kralovany.ecavlos.sk\/index.php?rest_route=\/wp\/v2\/pages\/2293\/revisions"}],"predecessor-version":[{"id":2297,"href":"https:\/\/kralovany.ecavlos.sk\/index.php?rest_route=\/wp\/v2\/pages\/2293\/revisions\/2297"}],"up":[{"embeddable":true,"href":"https:\/\/kralovany.ecavlos.sk\/index.php?rest_route=\/wp\/v2\/pages\/550"}],"wp:attachment":[{"href":"https:\/\/kralovany.ecavlos.sk\/index.php?rest_route=%2Fwp%2Fv2%2Fmedia&parent=2293"}],"curies":[{"name":"wp","href":"https:\/\/api.w.org\/{rel}","templated":true}]}}