{"id":2298,"date":"2020-09-03T13:03:26","date_gmt":"2020-09-03T11:03:26","guid":{"rendered":"http:\/\/kralovany.ecavlos.sk\/?page_id=2298"},"modified":"2020-09-04T18:28:23","modified_gmt":"2020-09-04T16:28:23","slug":"20-vyrocie-vzniku-cirkevneho-zboru-ecav-kralovany","status":"publish","type":"page","link":"https:\/\/kralovany.ecavlos.sk\/?page_id=2298","title":{"rendered":"20. v\u00fdro\u010die vzniku Cirkevn\u00e9ho zboru ECAV Kra\u013eovany"},"content":{"rendered":"<p>&nbsp;<\/p>\n<p><span style=\"color: #000000;\">D\u0148a 1. j\u00fala 2020 uplynulo 20 rokov odvtedy, ako bol di\u0161triktu\u00e1lnym presbyterstvom zriaden\u00fd Cirkevn\u00fd zbor ECAV na Slovensku Kra\u013eovany.<\/span><\/p>\n<p><span style=\"color: #000000;\">Pri tejto pr\u00edle\u017eitosti sa d\u0148a 5. j\u00fala 2020 konali sl\u00e1vnostn\u00e9 slu\u017eby Bo\u017eie, na ktor\u00fdch k\u00e1z\u0148ou slova Bo\u017eieho posl\u00fa\u017eil br. senior Liptovsko-oravsk\u00e9ho senior\u00e1tu Mgr. Stanislav Grega.<\/span><\/p>\n<p><img loading=\"lazy\" decoding=\"async\" class=\"alignnone size-medium wp-image-2299\" src=\"http:\/\/kralovany.ecavlos.sk\/wp-content\/uploads\/2020\/09\/DSC_2136-199x300.jpg\" alt=\"\" width=\"199\" height=\"300\" srcset=\"https:\/\/kralovany.ecavlos.sk\/wp-content\/uploads\/2020\/09\/DSC_2136-199x300.jpg 199w, https:\/\/kralovany.ecavlos.sk\/wp-content\/uploads\/2020\/09\/DSC_2136-768x1158.jpg 768w, https:\/\/kralovany.ecavlos.sk\/wp-content\/uploads\/2020\/09\/DSC_2136-679x1024.jpg 679w\" sizes=\"(max-width: 199px) 100vw, 199px\" \/>\u00a0\u00a0 <img loading=\"lazy\" decoding=\"async\" class=\"alignnone size-medium wp-image-2300\" src=\"http:\/\/kralovany.ecavlos.sk\/wp-content\/uploads\/2020\/09\/DSC_2130-300x199.jpg\" alt=\"\" width=\"300\" height=\"199\" srcset=\"https:\/\/kralovany.ecavlos.sk\/wp-content\/uploads\/2020\/09\/DSC_2130-300x199.jpg 300w, https:\/\/kralovany.ecavlos.sk\/wp-content\/uploads\/2020\/09\/DSC_2130-768x509.jpg 768w, https:\/\/kralovany.ecavlos.sk\/wp-content\/uploads\/2020\/09\/DSC_2130-1024x678.jpg 1024w\" sizes=\"(max-width: 300px) 100vw, 300px\" \/>\u00a0\u00a0 <img loading=\"lazy\" decoding=\"async\" class=\"alignnone size-medium wp-image-2315\" src=\"http:\/\/kralovany.ecavlos.sk\/wp-content\/uploads\/2020\/09\/DSC_2126-300x199.jpg\" alt=\"\" width=\"300\" height=\"199\" srcset=\"https:\/\/kralovany.ecavlos.sk\/wp-content\/uploads\/2020\/09\/DSC_2126-300x199.jpg 300w, https:\/\/kralovany.ecavlos.sk\/wp-content\/uploads\/2020\/09\/DSC_2126-768x509.jpg 768w, https:\/\/kralovany.ecavlos.sk\/wp-content\/uploads\/2020\/09\/DSC_2126-1024x679.jpg 1024w\" sizes=\"(max-width: 300px) 100vw, 300px\" \/><img loading=\"lazy\" decoding=\"async\" class=\"alignnone size-medium wp-image-2316\" src=\"http:\/\/kralovany.ecavlos.sk\/wp-content\/uploads\/2020\/09\/DSC_2138-300x199.jpg\" alt=\"\" width=\"300\" height=\"199\" srcset=\"https:\/\/kralovany.ecavlos.sk\/wp-content\/uploads\/2020\/09\/DSC_2138-300x199.jpg 300w, https:\/\/kralovany.ecavlos.sk\/wp-content\/uploads\/2020\/09\/DSC_2138-768x509.jpg 768w, https:\/\/kralovany.ecavlos.sk\/wp-content\/uploads\/2020\/09\/DSC_2138-1024x678.jpg 1024w\" sizes=\"(max-width: 300px) 100vw, 300px\" \/> \u00a0\u00a0<img loading=\"lazy\" decoding=\"async\" class=\"alignnone size-medium wp-image-2317\" src=\"http:\/\/kralovany.ecavlos.sk\/wp-content\/uploads\/2020\/09\/DSC_2161-300x199.jpg\" alt=\"\" width=\"300\" height=\"199\" srcset=\"https:\/\/kralovany.ecavlos.sk\/wp-content\/uploads\/2020\/09\/DSC_2161-300x199.jpg 300w, https:\/\/kralovany.ecavlos.sk\/wp-content\/uploads\/2020\/09\/DSC_2161-768x509.jpg 768w, https:\/\/kralovany.ecavlos.sk\/wp-content\/uploads\/2020\/09\/DSC_2161-1024x678.jpg 1024w\" sizes=\"(max-width: 300px) 100vw, 300px\" \/> \u00a0 \u00a0<img loading=\"lazy\" decoding=\"async\" class=\"alignnone size-medium wp-image-2318\" src=\"http:\/\/kralovany.ecavlos.sk\/wp-content\/uploads\/2020\/09\/DSC_2172-300x199.jpg\" alt=\"\" width=\"300\" height=\"199\" srcset=\"https:\/\/kralovany.ecavlos.sk\/wp-content\/uploads\/2020\/09\/DSC_2172-300x199.jpg 300w, https:\/\/kralovany.ecavlos.sk\/wp-content\/uploads\/2020\/09\/DSC_2172-768x509.jpg 768w, https:\/\/kralovany.ecavlos.sk\/wp-content\/uploads\/2020\/09\/DSC_2172-1024x678.jpg 1024w\" sizes=\"(max-width: 300px) 100vw, 300px\" \/>\u00a0\u00a0 <img loading=\"lazy\" decoding=\"async\" class=\"alignnone size-medium wp-image-2320\" src=\"http:\/\/kralovany.ecavlos.sk\/wp-content\/uploads\/2020\/09\/DSC_2176-199x300.jpg\" alt=\"\" width=\"199\" height=\"300\" srcset=\"https:\/\/kralovany.ecavlos.sk\/wp-content\/uploads\/2020\/09\/DSC_2176-199x300.jpg 199w, https:\/\/kralovany.ecavlos.sk\/wp-content\/uploads\/2020\/09\/DSC_2176-768x1160.jpg 768w, https:\/\/kralovany.ecavlos.sk\/wp-content\/uploads\/2020\/09\/DSC_2176-678x1024.jpg 678w\" sizes=\"(max-width: 199px) 100vw, 199px\" \/>\u00a0\u00a0 <img loading=\"lazy\" decoding=\"async\" class=\"alignnone size-medium wp-image-2321\" src=\"http:\/\/kralovany.ecavlos.sk\/wp-content\/uploads\/2020\/09\/DSC_2243-300x199.jpg\" alt=\"\" width=\"300\" height=\"199\" srcset=\"https:\/\/kralovany.ecavlos.sk\/wp-content\/uploads\/2020\/09\/DSC_2243-300x199.jpg 300w, https:\/\/kralovany.ecavlos.sk\/wp-content\/uploads\/2020\/09\/DSC_2243-768x509.jpg 768w, https:\/\/kralovany.ecavlos.sk\/wp-content\/uploads\/2020\/09\/DSC_2243-1024x678.jpg 1024w\" sizes=\"(max-width: 300px) 100vw, 300px\" \/> \u00a0<img loading=\"lazy\" decoding=\"async\" class=\"alignnone size-medium wp-image-2322\" src=\"http:\/\/kralovany.ecavlos.sk\/wp-content\/uploads\/2020\/09\/DSC_2152-300x200.jpg\" alt=\"\" width=\"300\" height=\"200\" srcset=\"https:\/\/kralovany.ecavlos.sk\/wp-content\/uploads\/2020\/09\/DSC_2152-300x200.jpg 300w, https:\/\/kralovany.ecavlos.sk\/wp-content\/uploads\/2020\/09\/DSC_2152-768x512.jpg 768w, https:\/\/kralovany.ecavlos.sk\/wp-content\/uploads\/2020\/09\/DSC_2152-1024x682.jpg 1024w\" sizes=\"(max-width: 300px) 100vw, 300px\" \/> \u00a0 <img loading=\"lazy\" decoding=\"async\" class=\"alignnone size-medium wp-image-2323\" src=\"http:\/\/kralovany.ecavlos.sk\/wp-content\/uploads\/2020\/09\/DSC_2260-300x200.jpg\" alt=\"\" width=\"300\" height=\"200\" srcset=\"https:\/\/kralovany.ecavlos.sk\/wp-content\/uploads\/2020\/09\/DSC_2260-300x200.jpg 300w, https:\/\/kralovany.ecavlos.sk\/wp-content\/uploads\/2020\/09\/DSC_2260-768x511.jpg 768w, https:\/\/kralovany.ecavlos.sk\/wp-content\/uploads\/2020\/09\/DSC_2260-1024x682.jpg 1024w\" sizes=\"(max-width: 300px) 100vw, 300px\" \/> \u00a0 <img loading=\"lazy\" decoding=\"async\" class=\"alignnone size-medium wp-image-2324\" src=\"http:\/\/kralovany.ecavlos.sk\/wp-content\/uploads\/2020\/09\/DSC_2268-300x199.jpg\" alt=\"\" width=\"300\" height=\"199\" srcset=\"https:\/\/kralovany.ecavlos.sk\/wp-content\/uploads\/2020\/09\/DSC_2268-300x199.jpg 300w, https:\/\/kralovany.ecavlos.sk\/wp-content\/uploads\/2020\/09\/DSC_2268-768x509.jpg 768w, https:\/\/kralovany.ecavlos.sk\/wp-content\/uploads\/2020\/09\/DSC_2268-1024x678.jpg 1024w\" sizes=\"(max-width: 300px) 100vw, 300px\" \/> \u00a0 <img loading=\"lazy\" decoding=\"async\" class=\"alignnone size-medium wp-image-2325\" src=\"http:\/\/kralovany.ecavlos.sk\/wp-content\/uploads\/2020\/09\/DSC_2273-300x200.jpg\" alt=\"\" width=\"300\" height=\"200\" srcset=\"https:\/\/kralovany.ecavlos.sk\/wp-content\/uploads\/2020\/09\/DSC_2273-300x200.jpg 300w, https:\/\/kralovany.ecavlos.sk\/wp-content\/uploads\/2020\/09\/DSC_2273-768x512.jpg 768w, https:\/\/kralovany.ecavlos.sk\/wp-content\/uploads\/2020\/09\/DSC_2273-1024x682.jpg 1024w\" sizes=\"(max-width: 300px) 100vw, 300px\" \/> \u00a0 <img loading=\"lazy\" decoding=\"async\" class=\"alignnone size-medium wp-image-2326\" src=\"http:\/\/kralovany.ecavlos.sk\/wp-content\/uploads\/2020\/09\/DSC_2307-200x300.jpg\" alt=\"\" width=\"200\" height=\"300\" srcset=\"https:\/\/kralovany.ecavlos.sk\/wp-content\/uploads\/2020\/09\/DSC_2307-200x300.jpg 200w, https:\/\/kralovany.ecavlos.sk\/wp-content\/uploads\/2020\/09\/DSC_2307-768x1152.jpg 768w, https:\/\/kralovany.ecavlos.sk\/wp-content\/uploads\/2020\/09\/DSC_2307-683x1024.jpg 683w\" sizes=\"(max-width: 200px) 100vw, 200px\" \/><\/p>\n","protected":false},"excerpt":{"rendered":"<p>&nbsp; D\u0148a 1. j\u00fala 2020 uplynulo 20 rokov odvtedy, ako bol di\u0161triktu\u00e1lnym presbyterstvom zriaden\u00fd Cirkevn\u00fd zbor ECAV na Slovensku Kra\u013eovany. Pri tejto pr\u00edle\u017eitosti sa d\u0148a 5. j\u00fala 2020 konali sl\u00e1vnostn\u00e9 slu\u017eby Bo\u017eie, na ktor\u00fdch k\u00e1z\u0148ou slova Bo\u017eieho posl\u00fa\u017eil br. senior Liptovsko-oravsk\u00e9ho senior\u00e1tu Mgr. Stanislav Grega. \u00a0\u00a0 \u00a0\u00a0 \u00a0\u00a0 \u00a0 \u00a0\u00a0\u00a0 \u00a0\u00a0 \u00a0 \u00a0 \u00a0 \u00a0 [&hellip;]<\/p>\n","protected":false},"author":1,"featured_media":0,"parent":2293,"menu_order":0,"comment_status":"closed","ping_status":"closed","template":"","meta":{"footnotes":""},"class_list":["post-2298","page","type-page","status-publish","hentry"],"_links":{"self":[{"href":"https:\/\/kralovany.ecavlos.sk\/index.php?rest_route=\/wp\/v2\/pages\/2298"}],"collection":[{"href":"https:\/\/kralovany.ecavlos.sk\/index.php?rest_route=\/wp\/v2\/pages"}],"about":[{"href":"https:\/\/kralovany.ecavlos.sk\/index.php?rest_route=\/wp\/v2\/types\/page"}],"author":[{"embeddable":true,"href":"https:\/\/kralovany.ecavlos.sk\/index.php?rest_route=\/wp\/v2\/users\/1"}],"replies":[{"embeddable":true,"href":"https:\/\/kralovany.ecavlos.sk\/index.php?rest_route=%2Fwp%2Fv2%2Fcomments&post=2298"}],"version-history":[{"count":5,"href":"https:\/\/kralovany.ecavlos.sk\/index.php?rest_route=\/wp\/v2\/pages\/2298\/revisions"}],"predecessor-version":[{"id":2327,"href":"https:\/\/kralovany.ecavlos.sk\/index.php?rest_route=\/wp\/v2\/pages\/2298\/revisions\/2327"}],"up":[{"embeddable":true,"href":"https:\/\/kralovany.ecavlos.sk\/index.php?rest_route=\/wp\/v2\/pages\/2293"}],"wp:attachment":[{"href":"https:\/\/kralovany.ecavlos.sk\/index.php?rest_route=%2Fwp%2Fv2%2Fmedia&parent=2298"}],"curies":[{"name":"wp","href":"https:\/\/api.w.org\/{rel}","templated":true}]}}