{"id":2400,"date":"2020-09-04T20:42:36","date_gmt":"2020-09-04T18:42:36","guid":{"rendered":"http:\/\/kralovany.ecavlos.sk\/?page_id=2400"},"modified":"2020-09-04T20:52:46","modified_gmt":"2020-09-04T18:52:46","slug":"konfirmacna-slavnost-2020","status":"publish","type":"page","link":"https:\/\/kralovany.ecavlos.sk\/?page_id=2400","title":{"rendered":"Konfirma\u010dn\u00e1 sl\u00e1vnos\u0165 2020"},"content":{"rendered":"<p>&nbsp;<\/p>\n<p><span style=\"color: #000000;\">V nede\u013eu, 23. augusta 2020, sa v chr\u00e1me Bo\u017eom o 10.00 hod. konala konfirma\u010dn\u00e1 sl\u00e1vnos\u0165.<\/span><\/p>\n<p><span style=\"color: #000000;\">Po dvojro\u010dnej konfirma\u010dnej pr\u00edprave pred Bo\u017eiu tv\u00e1r predst\u00fapili Kristi\u00e1n Hnilica a Erika Zjarov\u00e1, potvrdili krstn\u00fa zmluvu, vyznali vieru v Trojjedin\u00e9ho Boha a s\u013e\u00fabili vernos\u0165 svojmu Bohu a svojej cirkvi.<\/span><\/p>\n<p><span style=\"color: #000000;\">Prajeme im, aby P\u00e1n Boh sa aj na\u010falej k nim prizn\u00e1val a pomohol im svoje s\u013euby naplni\u0165.<\/span><\/p>\n","protected":false},"excerpt":{"rendered":"<p>&nbsp; V nede\u013eu, 23. augusta 2020, sa v chr\u00e1me Bo\u017eom o 10.00 hod. konala konfirma\u010dn\u00e1 sl\u00e1vnos\u0165. Po dvojro\u010dnej konfirma\u010dnej pr\u00edprave pred Bo\u017eiu tv\u00e1r predst\u00fapili Kristi\u00e1n Hnilica a Erika Zjarov\u00e1, potvrdili krstn\u00fa zmluvu, vyznali vieru v Trojjedin\u00e9ho Boha a s\u013e\u00fabili vernos\u0165 svojmu Bohu a svojej cirkvi. Prajeme im, aby P\u00e1n Boh sa aj na\u010falej k nim [&hellip;]<\/p>\n","protected":false},"author":1,"featured_media":0,"parent":2293,"menu_order":0,"comment_status":"closed","ping_status":"closed","template":"","meta":{"footnotes":""},"class_list":["post-2400","page","type-page","status-publish","hentry"],"_links":{"self":[{"href":"https:\/\/kralovany.ecavlos.sk\/index.php?rest_route=\/wp\/v2\/pages\/2400"}],"collection":[{"href":"https:\/\/kralovany.ecavlos.sk\/index.php?rest_route=\/wp\/v2\/pages"}],"about":[{"href":"https:\/\/kralovany.ecavlos.sk\/index.php?rest_route=\/wp\/v2\/types\/page"}],"author":[{"embeddable":true,"href":"https:\/\/kralovany.ecavlos.sk\/index.php?rest_route=\/wp\/v2\/users\/1"}],"replies":[{"embeddable":true,"href":"https:\/\/kralovany.ecavlos.sk\/index.php?rest_route=%2Fwp%2Fv2%2Fcomments&post=2400"}],"version-history":[{"count":2,"href":"https:\/\/kralovany.ecavlos.sk\/index.php?rest_route=\/wp\/v2\/pages\/2400\/revisions"}],"predecessor-version":[{"id":2403,"href":"https:\/\/kralovany.ecavlos.sk\/index.php?rest_route=\/wp\/v2\/pages\/2400\/revisions\/2403"}],"up":[{"embeddable":true,"href":"https:\/\/kralovany.ecavlos.sk\/index.php?rest_route=\/wp\/v2\/pages\/2293"}],"wp:attachment":[{"href":"https:\/\/kralovany.ecavlos.sk\/index.php?rest_route=%2Fwp%2Fv2%2Fmedia&parent=2400"}],"curies":[{"name":"wp","href":"https:\/\/api.w.org\/{rel}","templated":true}]}}