{"id":2493,"date":"2020-12-29T01:08:44","date_gmt":"2020-12-29T00:08:44","guid":{"rendered":"http:\/\/kralovany.ecavlos.sk\/?page_id=2493"},"modified":"2020-12-29T01:08:44","modified_gmt":"2020-12-29T00:08:44","slug":"zborovy-casopis-2020","status":"publish","type":"page","link":"https:\/\/kralovany.ecavlos.sk\/?page_id=2493","title":{"rendered":"Zborov\u00fd \u010dasopis 2020"},"content":{"rendered":"<p>&nbsp;<\/p>\n<p>&nbsp;<\/p>\n<p><a href=\"http:\/\/kralovany.ecavlos.sk\/wp-content\/uploads\/2020\/12\/zborov\u00fd-\u010dasopis-1_2020.pdf\">zborov\u00fd \u010dasopis 1_2020<\/a><\/p>\n<p><a href=\"http:\/\/kralovany.ecavlos.sk\/wp-content\/uploads\/2017\/04\/zborov\u00fd-\u010dasopis-\u010d.-2_2020.pdf\">zborov\u00fd \u010dasopis \u010d. 2_2020<\/a><\/p>\n<p><a href=\"http:\/\/kralovany.ecavlos.sk\/wp-content\/uploads\/2020\/12\/zborov\u00fd-\u010dasopis-3_2020.pdf\">zborov\u00fd \u010dasopis 3_2020<\/a><\/p>\n","protected":false},"excerpt":{"rendered":"<p>&nbsp; &nbsp; zborov\u00fd \u010dasopis 1_2020 zborov\u00fd \u010dasopis \u010d. 2_2020 zborov\u00fd \u010dasopis 3_2020<\/p>\n","protected":false},"author":1,"featured_media":0,"parent":2,"menu_order":0,"comment_status":"closed","ping_status":"closed","template":"","meta":{"footnotes":""},"class_list":["post-2493","page","type-page","status-publish","hentry"],"_links":{"self":[{"href":"https:\/\/kralovany.ecavlos.sk\/index.php?rest_route=\/wp\/v2\/pages\/2493"}],"collection":[{"href":"https:\/\/kralovany.ecavlos.sk\/index.php?rest_route=\/wp\/v2\/pages"}],"about":[{"href":"https:\/\/kralovany.ecavlos.sk\/index.php?rest_route=\/wp\/v2\/types\/page"}],"author":[{"embeddable":true,"href":"https:\/\/kralovany.ecavlos.sk\/index.php?rest_route=\/wp\/v2\/users\/1"}],"replies":[{"embeddable":true,"href":"https:\/\/kralovany.ecavlos.sk\/index.php?rest_route=%2Fwp%2Fv2%2Fcomments&post=2493"}],"version-history":[{"count":1,"href":"https:\/\/kralovany.ecavlos.sk\/index.php?rest_route=\/wp\/v2\/pages\/2493\/revisions"}],"predecessor-version":[{"id":2496,"href":"https:\/\/kralovany.ecavlos.sk\/index.php?rest_route=\/wp\/v2\/pages\/2493\/revisions\/2496"}],"up":[{"embeddable":true,"href":"https:\/\/kralovany.ecavlos.sk\/index.php?rest_route=\/wp\/v2\/pages\/2"}],"wp:attachment":[{"href":"https:\/\/kralovany.ecavlos.sk\/index.php?rest_route=%2Fwp%2Fv2%2Fmedia&parent=2493"}],"curies":[{"name":"wp","href":"https:\/\/api.w.org\/{rel}","templated":true}]}}