{"id":2836,"date":"2022-04-17T19:42:47","date_gmt":"2022-04-17T17:42:47","guid":{"rendered":"http:\/\/kralovany.ecavlos.sk\/?page_id=2836"},"modified":"2022-04-17T19:42:47","modified_gmt":"2022-04-17T17:42:47","slug":"zborovy-casopis-2022","status":"publish","type":"page","link":"https:\/\/kralovany.ecavlos.sk\/?page_id=2836","title":{"rendered":"Zborov\u00fd \u010dasopis 2022"},"content":{"rendered":"<p>&nbsp;<\/p>\n<p><a href=\"http:\/\/kralovany.ecavlos.sk\/wp-content\/uploads\/2022\/04\/zborov\u00fd-\u010dasopis-1_2022.pdf\">zborov\u00fd \u010dasopis 1_2022<\/a><\/p>\n<p><a href=\"http:\/\/kralovany.ecavlos.sk\/wp-content\/uploads\/2022\/04\/zborov\u00fd-\u010dasopis-2_2022.pdf\">zborov\u00fd \u010dasopis 2_2022<\/a><\/p>\n<p>&nbsp;<\/p>\n","protected":false},"excerpt":{"rendered":"<p>&nbsp; zborov\u00fd \u010dasopis 1_2022 zborov\u00fd \u010dasopis 2_2022 &nbsp;<\/p>\n","protected":false},"author":1,"featured_media":0,"parent":0,"menu_order":0,"comment_status":"closed","ping_status":"closed","template":"","meta":{"footnotes":""},"class_list":["post-2836","page","type-page","status-publish","hentry"],"_links":{"self":[{"href":"https:\/\/kralovany.ecavlos.sk\/index.php?rest_route=\/wp\/v2\/pages\/2836"}],"collection":[{"href":"https:\/\/kralovany.ecavlos.sk\/index.php?rest_route=\/wp\/v2\/pages"}],"about":[{"href":"https:\/\/kralovany.ecavlos.sk\/index.php?rest_route=\/wp\/v2\/types\/page"}],"author":[{"embeddable":true,"href":"https:\/\/kralovany.ecavlos.sk\/index.php?rest_route=\/wp\/v2\/users\/1"}],"replies":[{"embeddable":true,"href":"https:\/\/kralovany.ecavlos.sk\/index.php?rest_route=%2Fwp%2Fv2%2Fcomments&post=2836"}],"version-history":[{"count":1,"href":"https:\/\/kralovany.ecavlos.sk\/index.php?rest_route=\/wp\/v2\/pages\/2836\/revisions"}],"predecessor-version":[{"id":2840,"href":"https:\/\/kralovany.ecavlos.sk\/index.php?rest_route=\/wp\/v2\/pages\/2836\/revisions\/2840"}],"wp:attachment":[{"href":"https:\/\/kralovany.ecavlos.sk\/index.php?rest_route=%2Fwp%2Fv2%2Fmedia&parent=2836"}],"curies":[{"name":"wp","href":"https:\/\/api.w.org\/{rel}","templated":true}]}}