{"id":287,"date":"2017-04-25T12:41:56","date_gmt":"2017-04-25T10:41:56","guid":{"rendered":"http:\/\/kralovany.ecavlos.sk\/?page_id=287"},"modified":"2017-04-25T12:47:16","modified_gmt":"2017-04-25T10:47:16","slug":"ziadost-sobas","status":"publish","type":"page","link":"https:\/\/kralovany.ecavlos.sk\/?page_id=287","title":{"rendered":"\u017diados\u0165 &#8211; sob\u00e1\u0161"},"content":{"rendered":"<p><a href=\"http:\/\/kralovany.ecavlos.sk\/wp-content\/uploads\/2017\/04\/\u017eiados\u0165-sob\u00e1\u0161.pdf\">\u017eiados\u0165 &#8211; sob\u00e1\u0161<\/a><\/p>\n<p><a href=\"http:\/\/kralovany.ecavlos.sk\/wp-content\/uploads\/2017\/04\/\u017eiados\u0165-sob\u00e1\u0161.doc\">\u017eiados\u0165 &#8211; sob\u00e1\u0161<\/a><\/p>\n","protected":false},"excerpt":{"rendered":"<p>\u017eiados\u0165 &#8211; sob\u00e1\u0161 \u017eiados\u0165 &#8211; sob\u00e1\u0161<\/p>\n","protected":false},"author":1,"featured_media":0,"parent":292,"menu_order":0,"comment_status":"closed","ping_status":"closed","template":"","meta":{"footnotes":""},"class_list":["post-287","page","type-page","status-publish","hentry"],"_links":{"self":[{"href":"https:\/\/kralovany.ecavlos.sk\/index.php?rest_route=\/wp\/v2\/pages\/287"}],"collection":[{"href":"https:\/\/kralovany.ecavlos.sk\/index.php?rest_route=\/wp\/v2\/pages"}],"about":[{"href":"https:\/\/kralovany.ecavlos.sk\/index.php?rest_route=\/wp\/v2\/types\/page"}],"author":[{"embeddable":true,"href":"https:\/\/kralovany.ecavlos.sk\/index.php?rest_route=\/wp\/v2\/users\/1"}],"replies":[{"embeddable":true,"href":"https:\/\/kralovany.ecavlos.sk\/index.php?rest_route=%2Fwp%2Fv2%2Fcomments&post=287"}],"version-history":[{"count":1,"href":"https:\/\/kralovany.ecavlos.sk\/index.php?rest_route=\/wp\/v2\/pages\/287\/revisions"}],"predecessor-version":[{"id":289,"href":"https:\/\/kralovany.ecavlos.sk\/index.php?rest_route=\/wp\/v2\/pages\/287\/revisions\/289"}],"up":[{"embeddable":true,"href":"https:\/\/kralovany.ecavlos.sk\/index.php?rest_route=\/wp\/v2\/pages\/292"}],"wp:attachment":[{"href":"https:\/\/kralovany.ecavlos.sk\/index.php?rest_route=%2Fwp%2Fv2%2Fmedia&parent=287"}],"curies":[{"name":"wp","href":"https:\/\/api.w.org\/{rel}","templated":true}]}}