{"id":3041,"date":"2023-10-25T05:52:28","date_gmt":"2023-10-25T03:52:28","guid":{"rendered":"http:\/\/kralovany.ecavlos.sk\/?page_id=3041"},"modified":"2023-10-25T19:58:21","modified_gmt":"2023-10-25T17:58:21","slug":"detsky-denny-tabor-2023","status":"publish","type":"page","link":"https:\/\/kralovany.ecavlos.sk\/?page_id=3041","title":{"rendered":"Detsk\u00fd denn\u00fd t\u00e1bor 2023"},"content":{"rendered":"\n<p><\/p>\n\n\n\n<figure class=\"wp-block-gallery has-nested-images columns-default is-cropped wp-block-gallery-1 is-layout-flex wp-block-gallery-is-layout-flex\">\n<figure class=\"wp-block-image size-large\"><img loading=\"lazy\" decoding=\"async\" width=\"766\" height=\"1024\" data-id=\"3046\" src=\"http:\/\/kralovany.ecavlos.sk\/wp-content\/uploads\/2023\/10\/371021962_1394159641134175_436680869395984764_n-766x1024.jpg\" alt=\"\" class=\"wp-image-3046\" srcset=\"https:\/\/kralovany.ecavlos.sk\/wp-content\/uploads\/2023\/10\/371021962_1394159641134175_436680869395984764_n-766x1024.jpg 766w, https:\/\/kralovany.ecavlos.sk\/wp-content\/uploads\/2023\/10\/371021962_1394159641134175_436680869395984764_n-224x300.jpg 224w, https:\/\/kralovany.ecavlos.sk\/wp-content\/uploads\/2023\/10\/371021962_1394159641134175_436680869395984764_n-768x1027.jpg 768w, https:\/\/kralovany.ecavlos.sk\/wp-content\/uploads\/2023\/10\/371021962_1394159641134175_436680869395984764_n-1149x1536.jpg 1149w, https:\/\/kralovany.ecavlos.sk\/wp-content\/uploads\/2023\/10\/371021962_1394159641134175_436680869395984764_n.jpg 1496w\" sizes=\"(max-width: 766px) 100vw, 766px\" \/><\/figure>\n\n\n\n<figure class=\"wp-block-image size-large\"><img loading=\"lazy\" decoding=\"async\" width=\"287\" height=\"473\" data-id=\"3044\" src=\"http:\/\/kralovany.ecavlos.sk\/wp-content\/uploads\/2023\/10\/371776411_1394626194420853_7494022989865227181_n.jpg\" alt=\"\" class=\"wp-image-3044\" srcset=\"https:\/\/kralovany.ecavlos.sk\/wp-content\/uploads\/2023\/10\/371776411_1394626194420853_7494022989865227181_n.jpg 287w, https:\/\/kralovany.ecavlos.sk\/wp-content\/uploads\/2023\/10\/371776411_1394626194420853_7494022989865227181_n-182x300.jpg 182w\" sizes=\"(max-width: 287px) 100vw, 287px\" \/><\/figure>\n\n\n\n<figure class=\"wp-block-image size-large\"><img loading=\"lazy\" decoding=\"async\" width=\"768\" height=\"1024\" data-id=\"3048\" src=\"http:\/\/kralovany.ecavlos.sk\/wp-content\/uploads\/2023\/10\/371783164_1394625924420880_1045020495023141040_n-768x1024.jpg\" alt=\"\" class=\"wp-image-3048\" srcset=\"https:\/\/kralovany.ecavlos.sk\/wp-content\/uploads\/2023\/10\/371783164_1394625924420880_1045020495023141040_n-768x1024.jpg 768w, https:\/\/kralovany.ecavlos.sk\/wp-content\/uploads\/2023\/10\/371783164_1394625924420880_1045020495023141040_n-225x300.jpg 225w, https:\/\/kralovany.ecavlos.sk\/wp-content\/uploads\/2023\/10\/371783164_1394625924420880_1045020495023141040_n-1152x1536.jpg 1152w, https:\/\/kralovany.ecavlos.sk\/wp-content\/uploads\/2023\/10\/371783164_1394625924420880_1045020495023141040_n.jpg 1500w\" sizes=\"(max-width: 768px) 100vw, 768px\" \/><\/figure>\n\n\n\n<figure class=\"wp-block-image size-large\"><img loading=\"lazy\" decoding=\"async\" width=\"271\" height=\"430\" data-id=\"3045\" src=\"http:\/\/kralovany.ecavlos.sk\/wp-content\/uploads\/2023\/10\/371786640_1394626294420843_5542897536050083574_n.jpg\" alt=\"\" class=\"wp-image-3045\" srcset=\"https:\/\/kralovany.ecavlos.sk\/wp-content\/uploads\/2023\/10\/371786640_1394626294420843_5542897536050083574_n.jpg 271w, https:\/\/kralovany.ecavlos.sk\/wp-content\/uploads\/2023\/10\/371786640_1394626294420843_5542897536050083574_n-189x300.jpg 189w\" sizes=\"(max-width: 271px) 100vw, 271px\" \/><\/figure>\n\n\n\n<figure class=\"wp-block-image size-large\"><img loading=\"lazy\" decoding=\"async\" width=\"1024\" height=\"673\" data-id=\"3049\" src=\"http:\/\/kralovany.ecavlos.sk\/wp-content\/uploads\/2023\/10\/371801807_1394159601134179_1209190716390764381_n-1024x673.jpg\" alt=\"\" class=\"wp-image-3049\" srcset=\"https:\/\/kralovany.ecavlos.sk\/wp-content\/uploads\/2023\/10\/371801807_1394159601134179_1209190716390764381_n-1024x673.jpg 1024w, https:\/\/kralovany.ecavlos.sk\/wp-content\/uploads\/2023\/10\/371801807_1394159601134179_1209190716390764381_n-300x197.jpg 300w, https:\/\/kralovany.ecavlos.sk\/wp-content\/uploads\/2023\/10\/371801807_1394159601134179_1209190716390764381_n-768x505.jpg 768w, https:\/\/kralovany.ecavlos.sk\/wp-content\/uploads\/2023\/10\/371801807_1394159601134179_1209190716390764381_n-1536x1009.jpg 1536w, https:\/\/kralovany.ecavlos.sk\/wp-content\/uploads\/2023\/10\/371801807_1394159601134179_1209190716390764381_n.jpg 1753w\" sizes=\"(max-width: 1024px) 100vw, 1024px\" \/><\/figure>\n\n\n\n<figure class=\"wp-block-image size-large\"><img loading=\"lazy\" decoding=\"async\" width=\"767\" height=\"1024\" data-id=\"3047\" src=\"http:\/\/kralovany.ecavlos.sk\/wp-content\/uploads\/2023\/10\/371831119_1394159794467493_1262222624134228922_n-767x1024.jpg\" alt=\"\" class=\"wp-image-3047\" srcset=\"https:\/\/kralovany.ecavlos.sk\/wp-content\/uploads\/2023\/10\/371831119_1394159794467493_1262222624134228922_n-767x1024.jpg 767w, https:\/\/kralovany.ecavlos.sk\/wp-content\/uploads\/2023\/10\/371831119_1394159794467493_1262222624134228922_n-225x300.jpg 225w, https:\/\/kralovany.ecavlos.sk\/wp-content\/uploads\/2023\/10\/371831119_1394159794467493_1262222624134228922_n-768x1025.jpg 768w, https:\/\/kralovany.ecavlos.sk\/wp-content\/uploads\/2023\/10\/371831119_1394159794467493_1262222624134228922_n-1151x1536.jpg 1151w, https:\/\/kralovany.ecavlos.sk\/wp-content\/uploads\/2023\/10\/371831119_1394159794467493_1262222624134228922_n.jpg 1152w\" sizes=\"(max-width: 767px) 100vw, 767px\" \/><\/figure>\n\n\n\n<figure class=\"wp-block-image size-large\"><img loading=\"lazy\" decoding=\"async\" width=\"640\" height=\"406\" data-id=\"3050\" src=\"http:\/\/kralovany.ecavlos.sk\/wp-content\/uploads\/2023\/10\/371831956_1394626317754174_1266067550007251222_n.jpg\" alt=\"\" class=\"wp-image-3050\" srcset=\"https:\/\/kralovany.ecavlos.sk\/wp-content\/uploads\/2023\/10\/371831956_1394626317754174_1266067550007251222_n.jpg 640w, https:\/\/kralovany.ecavlos.sk\/wp-content\/uploads\/2023\/10\/371831956_1394626317754174_1266067550007251222_n-300x190.jpg 300w\" sizes=\"(max-width: 640px) 100vw, 640px\" \/><\/figure>\n\n\n\n<figure class=\"wp-block-image size-large is-style-default\"><img loading=\"lazy\" decoding=\"async\" width=\"1024\" height=\"404\" data-id=\"3051\" src=\"http:\/\/kralovany.ecavlos.sk\/wp-content\/uploads\/2023\/10\/371858317_1393699647846841_5043315940213576260_n-1024x404.jpg\" alt=\"\" class=\"wp-image-3051\" srcset=\"https:\/\/kralovany.ecavlos.sk\/wp-content\/uploads\/2023\/10\/371858317_1393699647846841_5043315940213576260_n-1024x404.jpg 1024w, https:\/\/kralovany.ecavlos.sk\/wp-content\/uploads\/2023\/10\/371858317_1393699647846841_5043315940213576260_n-300x118.jpg 300w, https:\/\/kralovany.ecavlos.sk\/wp-content\/uploads\/2023\/10\/371858317_1393699647846841_5043315940213576260_n-768x303.jpg 768w, https:\/\/kralovany.ecavlos.sk\/wp-content\/uploads\/2023\/10\/371858317_1393699647846841_5043315940213576260_n-1536x606.jpg 1536w, https:\/\/kralovany.ecavlos.sk\/wp-content\/uploads\/2023\/10\/371858317_1393699647846841_5043315940213576260_n.jpg 1661w\" sizes=\"(max-width: 1024px) 100vw, 1024px\" \/><\/figure>\n\n\n\n<figure class=\"wp-block-image size-large\"><img loading=\"lazy\" decoding=\"async\" width=\"437\" height=\"592\" data-id=\"3052\" src=\"http:\/\/kralovany.ecavlos.sk\/wp-content\/uploads\/2023\/10\/371907773_1395585980991541_3470600744566095354_n.jpg\" alt=\"\" class=\"wp-image-3052\" srcset=\"https:\/\/kralovany.ecavlos.sk\/wp-content\/uploads\/2023\/10\/371907773_1395585980991541_3470600744566095354_n.jpg 437w, https:\/\/kralovany.ecavlos.sk\/wp-content\/uploads\/2023\/10\/371907773_1395585980991541_3470600744566095354_n-221x300.jpg 221w\" sizes=\"(max-width: 437px) 100vw, 437px\" \/><\/figure>\n\n\n\n<figure class=\"wp-block-image size-large\"><img loading=\"lazy\" decoding=\"async\" width=\"509\" height=\"364\" data-id=\"3053\" src=\"http:\/\/kralovany.ecavlos.sk\/wp-content\/uploads\/2023\/10\/371912809_1395585974324875_52516947654311012_n.jpg\" alt=\"\" class=\"wp-image-3053\" srcset=\"https:\/\/kralovany.ecavlos.sk\/wp-content\/uploads\/2023\/10\/371912809_1395585974324875_52516947654311012_n.jpg 509w, https:\/\/kralovany.ecavlos.sk\/wp-content\/uploads\/2023\/10\/371912809_1395585974324875_52516947654311012_n-300x215.jpg 300w\" sizes=\"(max-width: 509px) 100vw, 509px\" \/><\/figure>\n\n\n\n<figure class=\"wp-block-image size-large\"><img loading=\"lazy\" decoding=\"async\" width=\"1024\" height=\"849\" data-id=\"3054\" src=\"http:\/\/kralovany.ecavlos.sk\/wp-content\/uploads\/2023\/10\/373344241_1395281274355345_2780584231059285669_n-1024x849.jpg\" alt=\"\" class=\"wp-image-3054\" srcset=\"https:\/\/kralovany.ecavlos.sk\/wp-content\/uploads\/2023\/10\/373344241_1395281274355345_2780584231059285669_n-1024x849.jpg 1024w, https:\/\/kralovany.ecavlos.sk\/wp-content\/uploads\/2023\/10\/373344241_1395281274355345_2780584231059285669_n-300x249.jpg 300w, https:\/\/kralovany.ecavlos.sk\/wp-content\/uploads\/2023\/10\/373344241_1395281274355345_2780584231059285669_n-768x637.jpg 768w, https:\/\/kralovany.ecavlos.sk\/wp-content\/uploads\/2023\/10\/373344241_1395281274355345_2780584231059285669_n.jpg 1354w\" sizes=\"(max-width: 1024px) 100vw, 1024px\" \/><\/figure>\n\n\n\n<figure class=\"wp-block-image size-large\"><img loading=\"lazy\" decoding=\"async\" width=\"520\" height=\"387\" data-id=\"3055\" src=\"http:\/\/kralovany.ecavlos.sk\/wp-content\/uploads\/2023\/10\/373662459_1395734914309981_7833075969443372983_n.jpg\" alt=\"\" class=\"wp-image-3055\" srcset=\"https:\/\/kralovany.ecavlos.sk\/wp-content\/uploads\/2023\/10\/373662459_1395734914309981_7833075969443372983_n.jpg 520w, https:\/\/kralovany.ecavlos.sk\/wp-content\/uploads\/2023\/10\/373662459_1395734914309981_7833075969443372983_n-300x223.jpg 300w\" sizes=\"(max-width: 520px) 100vw, 520px\" \/><\/figure>\n\n\n\n<figure class=\"wp-block-image size-large\"><img loading=\"lazy\" decoding=\"async\" width=\"1024\" height=\"768\" data-id=\"3056\" src=\"http:\/\/kralovany.ecavlos.sk\/wp-content\/uploads\/2023\/10\/374686909_1396604264223046_7716183838586976642_n-1024x768.jpg\" alt=\"\" class=\"wp-image-3056\" srcset=\"https:\/\/kralovany.ecavlos.sk\/wp-content\/uploads\/2023\/10\/374686909_1396604264223046_7716183838586976642_n-1024x768.jpg 1024w, https:\/\/kralovany.ecavlos.sk\/wp-content\/uploads\/2023\/10\/374686909_1396604264223046_7716183838586976642_n-300x225.jpg 300w, https:\/\/kralovany.ecavlos.sk\/wp-content\/uploads\/2023\/10\/374686909_1396604264223046_7716183838586976642_n-768x576.jpg 768w, https:\/\/kralovany.ecavlos.sk\/wp-content\/uploads\/2023\/10\/374686909_1396604264223046_7716183838586976642_n-1536x1152.jpg 1536w, https:\/\/kralovany.ecavlos.sk\/wp-content\/uploads\/2023\/10\/374686909_1396604264223046_7716183838586976642_n.jpg 2032w\" sizes=\"(max-width: 1024px) 100vw, 1024px\" \/><\/figure>\n<\/figure>\n\n\n\n<p class=\"has-small-font-size\"><mark style=\"background-color:rgba(0, 0, 0, 0)\" class=\"has-inline-color has-black-color\">Posledn\u00fd t\u00fd\u017ede\u0148 letn\u00fdch pr\u00e1zdnin, 28. august &#8211; 1. september 2023, sa konal Detsk\u00fd denn\u00fd t\u00e1bor. T\u00e9ma t\u00e1bora znela &#8222;Kra\u013eovany h\u013eadaj\u00fa svoju superstar&#8220;. T\u00e1bor bol zameran\u00fd na objavovanie hodn\u00f4t \u010dloveka, aby si deti uvedomili, \u017ee s\u00fa v\u00fdnimo\u010dn\u00e9, jedine\u010dn\u00e9, vz\u00e1cne a bohato obdaren\u00e9 duchovn\u00fdmi darmi. A z\u00e1rove\u0148 deti mali pochopi\u0165, \u017ee P\u00e1n Je\u017ei\u0161 je jedin\u00e1 skuto\u010dn\u00e1 superstar, ktor\u00fa sa oplat\u00ed obdivova\u0165 a jej pr\u00edklad nasledova\u0165. T\u00e1bor bol naplnen\u00fd spevom piesn\u00ed, modlitbami, hrami, s\u00fa\u0165a\u017eami, tvoriv\u00fdmi diel\u0148ami. Vyvrcholen\u00edm bolo nede\u013en\u00e9 vyst\u00fapenie v kostole po\u010das slu\u017eieb Bo\u017e\u00edch na za\u010diatku \u0161kolsk\u00e9ho roka, kde deti prijali Bo\u017eie po\u017eehnanie k nast\u00e1vaj\u00facim pr\u00e1cam a povinnostiam.<\/mark><\/p>\n","protected":false},"excerpt":{"rendered":"<p>Posledn\u00fd t\u00fd\u017ede\u0148 letn\u00fdch pr\u00e1zdnin, 28. august &#8211; 1. september 2023, sa konal Detsk\u00fd denn\u00fd t\u00e1bor. T\u00e9ma t\u00e1bora znela &#8222;Kra\u013eovany h\u013eadaj\u00fa svoju superstar&#8220;. T\u00e1bor bol zameran\u00fd na objavovanie hodn\u00f4t \u010dloveka, aby si deti uvedomili, \u017ee s\u00fa v\u00fdnimo\u010dn\u00e9, jedine\u010dn\u00e9, vz\u00e1cne a bohato obdaren\u00e9 duchovn\u00fdmi darmi. A z\u00e1rove\u0148 deti mali pochopi\u0165, \u017ee P\u00e1n Je\u017ei\u0161 je jedin\u00e1 skuto\u010dn\u00e1 superstar, [&hellip;]<\/p>\n","protected":false},"author":1,"featured_media":0,"parent":3039,"menu_order":0,"comment_status":"closed","ping_status":"closed","template":"","meta":{"footnotes":""},"class_list":["post-3041","page","type-page","status-publish","hentry"],"_links":{"self":[{"href":"https:\/\/kralovany.ecavlos.sk\/index.php?rest_route=\/wp\/v2\/pages\/3041"}],"collection":[{"href":"https:\/\/kralovany.ecavlos.sk\/index.php?rest_route=\/wp\/v2\/pages"}],"about":[{"href":"https:\/\/kralovany.ecavlos.sk\/index.php?rest_route=\/wp\/v2\/types\/page"}],"author":[{"embeddable":true,"href":"https:\/\/kralovany.ecavlos.sk\/index.php?rest_route=\/wp\/v2\/users\/1"}],"replies":[{"embeddable":true,"href":"https:\/\/kralovany.ecavlos.sk\/index.php?rest_route=%2Fwp%2Fv2%2Fcomments&post=3041"}],"version-history":[{"count":3,"href":"https:\/\/kralovany.ecavlos.sk\/index.php?rest_route=\/wp\/v2\/pages\/3041\/revisions"}],"predecessor-version":[{"id":3136,"href":"https:\/\/kralovany.ecavlos.sk\/index.php?rest_route=\/wp\/v2\/pages\/3041\/revisions\/3136"}],"up":[{"embeddable":true,"href":"https:\/\/kralovany.ecavlos.sk\/index.php?rest_route=\/wp\/v2\/pages\/3039"}],"wp:attachment":[{"href":"https:\/\/kralovany.ecavlos.sk\/index.php?rest_route=%2Fwp%2Fv2%2Fmedia&parent=3041"}],"curies":[{"name":"wp","href":"https:\/\/api.w.org\/{rel}","templated":true}]}}