{"id":3058,"date":"2023-10-25T05:53:40","date_gmt":"2023-10-25T03:53:40","guid":{"rendered":"http:\/\/kralovany.ecavlos.sk\/?page_id=3058"},"modified":"2023-10-25T06:08:58","modified_gmt":"2023-10-25T04:08:58","slug":"pozehnanie-na-zaciatku-skolskeho-roka","status":"publish","type":"page","link":"https:\/\/kralovany.ecavlos.sk\/?page_id=3058","title":{"rendered":"Po\u017eehnanie na za\u010diatku \u0161kolsk\u00e9ho roka 2023"},"content":{"rendered":"\n<p><\/p>\n\n\n\n<p><mark style=\"background-color:rgba(0, 0, 0, 0)\" class=\"has-inline-color has-black-color\">V nede\u013eu, 3. septembra 2023, sa v chr\u00e1me Bo\u017eom konali slu\u017eby Bo\u017eie, v r\u00e1mci ktor\u00fdch bolo \u017eiakom, \u0161tudentom i pedag\u00f3gom udelen\u00e9 po\u017eehnanie na za\u010diatku nov\u00e9ho \u0161kolsk\u00e9 roka. Program slu\u017eieb Bo\u017e\u00edch obohatili svojim vyst\u00fapen\u00edm deti z detsk\u00e9ho denn\u00e9ho t\u00e1bora.<\/mark><\/p>\n\n\n\n<figure class=\"wp-block-gallery has-nested-images columns-default is-cropped wp-block-gallery-1 is-layout-flex wp-block-gallery-is-layout-flex\">\n<figure class=\"wp-block-image size-large\"><img loading=\"lazy\" decoding=\"async\" width=\"768\" height=\"1024\" data-id=\"3061\" src=\"http:\/\/kralovany.ecavlos.sk\/wp-content\/uploads\/2023\/10\/374691797_1396604330889706_7974980066304939906_n-768x1024.jpg\" alt=\"\" class=\"wp-image-3061\" srcset=\"https:\/\/kralovany.ecavlos.sk\/wp-content\/uploads\/2023\/10\/374691797_1396604330889706_7974980066304939906_n-768x1024.jpg 768w, https:\/\/kralovany.ecavlos.sk\/wp-content\/uploads\/2023\/10\/374691797_1396604330889706_7974980066304939906_n-225x300.jpg 225w, https:\/\/kralovany.ecavlos.sk\/wp-content\/uploads\/2023\/10\/374691797_1396604330889706_7974980066304939906_n-1152x1536.jpg 1152w, https:\/\/kralovany.ecavlos.sk\/wp-content\/uploads\/2023\/10\/374691797_1396604330889706_7974980066304939906_n.jpg 1524w\" sizes=\"(max-width: 768px) 100vw, 768px\" \/><\/figure>\n\n\n\n<figure class=\"wp-block-image size-large\"><img loading=\"lazy\" decoding=\"async\" width=\"768\" height=\"1024\" data-id=\"3062\" src=\"http:\/\/kralovany.ecavlos.sk\/wp-content\/uploads\/2023\/10\/374695289_1396604440889695_5871226068523473721_n-768x1024.jpg\" alt=\"\" class=\"wp-image-3062\" srcset=\"https:\/\/kralovany.ecavlos.sk\/wp-content\/uploads\/2023\/10\/374695289_1396604440889695_5871226068523473721_n-768x1024.jpg 768w, https:\/\/kralovany.ecavlos.sk\/wp-content\/uploads\/2023\/10\/374695289_1396604440889695_5871226068523473721_n-225x300.jpg 225w, https:\/\/kralovany.ecavlos.sk\/wp-content\/uploads\/2023\/10\/374695289_1396604440889695_5871226068523473721_n-1152x1536.jpg 1152w, https:\/\/kralovany.ecavlos.sk\/wp-content\/uploads\/2023\/10\/374695289_1396604440889695_5871226068523473721_n.jpg 1524w\" sizes=\"(max-width: 768px) 100vw, 768px\" \/><\/figure>\n\n\n\n<figure class=\"wp-block-image size-large\"><img loading=\"lazy\" decoding=\"async\" width=\"1024\" height=\"768\" data-id=\"3065\" src=\"http:\/\/kralovany.ecavlos.sk\/wp-content\/uploads\/2023\/10\/374973413_1396604257556380_5614453230985622077_n-1024x768.jpg\" alt=\"\" class=\"wp-image-3065\" srcset=\"https:\/\/kralovany.ecavlos.sk\/wp-content\/uploads\/2023\/10\/374973413_1396604257556380_5614453230985622077_n-1024x768.jpg 1024w, https:\/\/kralovany.ecavlos.sk\/wp-content\/uploads\/2023\/10\/374973413_1396604257556380_5614453230985622077_n-300x225.jpg 300w, https:\/\/kralovany.ecavlos.sk\/wp-content\/uploads\/2023\/10\/374973413_1396604257556380_5614453230985622077_n-768x576.jpg 768w, https:\/\/kralovany.ecavlos.sk\/wp-content\/uploads\/2023\/10\/374973413_1396604257556380_5614453230985622077_n-1536x1152.jpg 1536w, https:\/\/kralovany.ecavlos.sk\/wp-content\/uploads\/2023\/10\/374973413_1396604257556380_5614453230985622077_n.jpg 2032w\" sizes=\"(max-width: 1024px) 100vw, 1024px\" \/><\/figure>\n\n\n\n<figure class=\"wp-block-image size-large\"><img loading=\"lazy\" decoding=\"async\" width=\"768\" height=\"1024\" data-id=\"3064\" src=\"http:\/\/kralovany.ecavlos.sk\/wp-content\/uploads\/2023\/10\/374769952_1396604527556353_1046216084518139505_n-768x1024.jpg\" alt=\"\" class=\"wp-image-3064\" srcset=\"https:\/\/kralovany.ecavlos.sk\/wp-content\/uploads\/2023\/10\/374769952_1396604527556353_1046216084518139505_n-768x1024.jpg 768w, https:\/\/kralovany.ecavlos.sk\/wp-content\/uploads\/2023\/10\/374769952_1396604527556353_1046216084518139505_n-225x300.jpg 225w, https:\/\/kralovany.ecavlos.sk\/wp-content\/uploads\/2023\/10\/374769952_1396604527556353_1046216084518139505_n-1152x1536.jpg 1152w, https:\/\/kralovany.ecavlos.sk\/wp-content\/uploads\/2023\/10\/374769952_1396604527556353_1046216084518139505_n.jpg 1524w\" sizes=\"(max-width: 768px) 100vw, 768px\" \/><\/figure>\n\n\n\n<figure class=\"wp-block-image size-large\"><img loading=\"lazy\" decoding=\"async\" width=\"1024\" height=\"576\" data-id=\"3066\" src=\"http:\/\/kralovany.ecavlos.sk\/wp-content\/uploads\/2023\/10\/374763507_1396604480889691_8663888331335471942_n-1024x576.jpg\" alt=\"\" class=\"wp-image-3066\" srcset=\"https:\/\/kralovany.ecavlos.sk\/wp-content\/uploads\/2023\/10\/374763507_1396604480889691_8663888331335471942_n-1024x576.jpg 1024w, https:\/\/kralovany.ecavlos.sk\/wp-content\/uploads\/2023\/10\/374763507_1396604480889691_8663888331335471942_n-300x169.jpg 300w, https:\/\/kralovany.ecavlos.sk\/wp-content\/uploads\/2023\/10\/374763507_1396604480889691_8663888331335471942_n-768x432.jpg 768w, https:\/\/kralovany.ecavlos.sk\/wp-content\/uploads\/2023\/10\/374763507_1396604480889691_8663888331335471942_n-1536x864.jpg 1536w, https:\/\/kralovany.ecavlos.sk\/wp-content\/uploads\/2023\/10\/374763507_1396604480889691_8663888331335471942_n.jpg 1920w\" sizes=\"(max-width: 1024px) 100vw, 1024px\" \/><\/figure>\n<\/figure>\n","protected":false},"excerpt":{"rendered":"<p>V nede\u013eu, 3. septembra 2023, sa v chr\u00e1me Bo\u017eom konali slu\u017eby Bo\u017eie, v r\u00e1mci ktor\u00fdch bolo \u017eiakom, \u0161tudentom i pedag\u00f3gom udelen\u00e9 po\u017eehnanie na za\u010diatku nov\u00e9ho \u0161kolsk\u00e9 roka. Program slu\u017eieb Bo\u017e\u00edch obohatili svojim vyst\u00fapen\u00edm deti z detsk\u00e9ho denn\u00e9ho t\u00e1bora.<\/p>\n","protected":false},"author":1,"featured_media":0,"parent":550,"menu_order":0,"comment_status":"closed","ping_status":"closed","template":"","meta":{"footnotes":""},"class_list":["post-3058","page","type-page","status-publish","hentry"],"_links":{"self":[{"href":"https:\/\/kralovany.ecavlos.sk\/index.php?rest_route=\/wp\/v2\/pages\/3058"}],"collection":[{"href":"https:\/\/kralovany.ecavlos.sk\/index.php?rest_route=\/wp\/v2\/pages"}],"about":[{"href":"https:\/\/kralovany.ecavlos.sk\/index.php?rest_route=\/wp\/v2\/types\/page"}],"author":[{"embeddable":true,"href":"https:\/\/kralovany.ecavlos.sk\/index.php?rest_route=\/wp\/v2\/users\/1"}],"replies":[{"embeddable":true,"href":"https:\/\/kralovany.ecavlos.sk\/index.php?rest_route=%2Fwp%2Fv2%2Fcomments&post=3058"}],"version-history":[{"count":3,"href":"https:\/\/kralovany.ecavlos.sk\/index.php?rest_route=\/wp\/v2\/pages\/3058\/revisions"}],"predecessor-version":[{"id":3071,"href":"https:\/\/kralovany.ecavlos.sk\/index.php?rest_route=\/wp\/v2\/pages\/3058\/revisions\/3071"}],"up":[{"embeddable":true,"href":"https:\/\/kralovany.ecavlos.sk\/index.php?rest_route=\/wp\/v2\/pages\/550"}],"wp:attachment":[{"href":"https:\/\/kralovany.ecavlos.sk\/index.php?rest_route=%2Fwp%2Fv2%2Fmedia&parent=3058"}],"curies":[{"name":"wp","href":"https:\/\/api.w.org\/{rel}","templated":true}]}}