{"id":3098,"date":"2023-10-25T19:12:52","date_gmt":"2023-10-25T17:12:52","guid":{"rendered":"http:\/\/kralovany.ecavlos.sk\/?page_id=3098"},"modified":"2023-10-25T19:12:52","modified_gmt":"2023-10-25T17:12:52","slug":"konfiprespavacka","status":"publish","type":"page","link":"https:\/\/kralovany.ecavlos.sk\/?page_id=3098","title":{"rendered":"Konfipresp\u00e1va\u010dka"},"content":{"rendered":"\n<p><\/p>\n\n\n\n<p>Z piatka na sobotu, 8.-9. september 2023, na\u0161i konfirmandi svoje postele vymenili za spac\u00e1ky a podlahu farsk\u00e9ho \u00faradu a spolu str\u00e1vili ve\u010der, noc i doobedie. Stretnutie bolo venovan\u00e9 tvorbe a upev\u0148ovaniu vz\u0165ahov medzi nimi, nastaveniu pravidiel pre celoro\u010dn\u00e9 vzdel\u00e1vanie a stret\u00e1vanie a prv\u00fdm ot\u00e1zkam konfirma\u010dnej pr\u00edpravy. <\/p>\n\n\n\n<figure class=\"wp-block-gallery has-nested-images columns-default is-cropped wp-block-gallery-1 is-layout-flex wp-block-gallery-is-layout-flex\">\n<figure class=\"wp-block-image size-large\"><img loading=\"lazy\" decoding=\"async\" width=\"1024\" height=\"766\" data-id=\"3102\" src=\"http:\/\/kralovany.ecavlos.sk\/wp-content\/uploads\/2023\/10\/376580104_1399110270639112_5353690535981866971_n-1-1024x766.jpg\" alt=\"\" class=\"wp-image-3102\" srcset=\"https:\/\/kralovany.ecavlos.sk\/wp-content\/uploads\/2023\/10\/376580104_1399110270639112_5353690535981866971_n-1-1024x766.jpg 1024w, https:\/\/kralovany.ecavlos.sk\/wp-content\/uploads\/2023\/10\/376580104_1399110270639112_5353690535981866971_n-1-300x224.jpg 300w, https:\/\/kralovany.ecavlos.sk\/wp-content\/uploads\/2023\/10\/376580104_1399110270639112_5353690535981866971_n-1-768x574.jpg 768w, https:\/\/kralovany.ecavlos.sk\/wp-content\/uploads\/2023\/10\/376580104_1399110270639112_5353690535981866971_n-1-1536x1149.jpg 1536w, https:\/\/kralovany.ecavlos.sk\/wp-content\/uploads\/2023\/10\/376580104_1399110270639112_5353690535981866971_n-1.jpg 2000w\" sizes=\"(max-width: 1024px) 100vw, 1024px\" \/><\/figure>\n\n\n\n<figure class=\"wp-block-image size-large\"><img loading=\"lazy\" decoding=\"async\" width=\"643\" height=\"1024\" data-id=\"3103\" src=\"http:\/\/kralovany.ecavlos.sk\/wp-content\/uploads\/2023\/10\/376626929_1399110210639118_1737220403000059141_n-1-643x1024.jpg\" alt=\"\" class=\"wp-image-3103\" srcset=\"https:\/\/kralovany.ecavlos.sk\/wp-content\/uploads\/2023\/10\/376626929_1399110210639118_1737220403000059141_n-1-643x1024.jpg 643w, https:\/\/kralovany.ecavlos.sk\/wp-content\/uploads\/2023\/10\/376626929_1399110210639118_1737220403000059141_n-1-188x300.jpg 188w, https:\/\/kralovany.ecavlos.sk\/wp-content\/uploads\/2023\/10\/376626929_1399110210639118_1737220403000059141_n-1-768x1224.jpg 768w, https:\/\/kralovany.ecavlos.sk\/wp-content\/uploads\/2023\/10\/376626929_1399110210639118_1737220403000059141_n-1-964x1536.jpg 964w, https:\/\/kralovany.ecavlos.sk\/wp-content\/uploads\/2023\/10\/376626929_1399110210639118_1737220403000059141_n-1.jpg 1085w\" sizes=\"(max-width: 643px) 100vw, 643px\" \/><\/figure>\n\n\n\n<figure class=\"wp-block-image size-large\"><img loading=\"lazy\" decoding=\"async\" width=\"1024\" height=\"766\" data-id=\"3100\" src=\"http:\/\/kralovany.ecavlos.sk\/wp-content\/uploads\/2023\/10\/376481288_1399110137305792_1264596303506702578_n-1-1024x766.jpg\" alt=\"\" class=\"wp-image-3100\" srcset=\"https:\/\/kralovany.ecavlos.sk\/wp-content\/uploads\/2023\/10\/376481288_1399110137305792_1264596303506702578_n-1-1024x766.jpg 1024w, https:\/\/kralovany.ecavlos.sk\/wp-content\/uploads\/2023\/10\/376481288_1399110137305792_1264596303506702578_n-1-300x224.jpg 300w, https:\/\/kralovany.ecavlos.sk\/wp-content\/uploads\/2023\/10\/376481288_1399110137305792_1264596303506702578_n-1-768x574.jpg 768w, https:\/\/kralovany.ecavlos.sk\/wp-content\/uploads\/2023\/10\/376481288_1399110137305792_1264596303506702578_n-1-1536x1149.jpg 1536w, https:\/\/kralovany.ecavlos.sk\/wp-content\/uploads\/2023\/10\/376481288_1399110137305792_1264596303506702578_n-1.jpg 2000w\" sizes=\"(max-width: 1024px) 100vw, 1024px\" \/><\/figure>\n\n\n\n<figure class=\"wp-block-image size-large\"><img loading=\"lazy\" decoding=\"async\" width=\"1024\" height=\"894\" data-id=\"3101\" src=\"http:\/\/kralovany.ecavlos.sk\/wp-content\/uploads\/2023\/10\/376421108_1399110100639129_2198453880460291190_n-1-1024x894.jpg\" alt=\"\" class=\"wp-image-3101\" srcset=\"https:\/\/kralovany.ecavlos.sk\/wp-content\/uploads\/2023\/10\/376421108_1399110100639129_2198453880460291190_n-1-1024x894.jpg 1024w, https:\/\/kralovany.ecavlos.sk\/wp-content\/uploads\/2023\/10\/376421108_1399110100639129_2198453880460291190_n-1-300x262.jpg 300w, https:\/\/kralovany.ecavlos.sk\/wp-content\/uploads\/2023\/10\/376421108_1399110100639129_2198453880460291190_n-1-768x671.jpg 768w, https:\/\/kralovany.ecavlos.sk\/wp-content\/uploads\/2023\/10\/376421108_1399110100639129_2198453880460291190_n-1-1536x1341.jpg 1536w, https:\/\/kralovany.ecavlos.sk\/wp-content\/uploads\/2023\/10\/376421108_1399110100639129_2198453880460291190_n-1.jpg 1713w\" sizes=\"(max-width: 1024px) 100vw, 1024px\" \/><\/figure>\n\n\n\n<figure class=\"wp-block-image size-large\"><img loading=\"lazy\" decoding=\"async\" width=\"1024\" height=\"710\" data-id=\"3099\" src=\"http:\/\/kralovany.ecavlos.sk\/wp-content\/uploads\/2023\/10\/376724519_1399110053972467_243108014470111324_n-1-1024x710.jpg\" alt=\"\" class=\"wp-image-3099\" srcset=\"https:\/\/kralovany.ecavlos.sk\/wp-content\/uploads\/2023\/10\/376724519_1399110053972467_243108014470111324_n-1-1024x710.jpg 1024w, https:\/\/kralovany.ecavlos.sk\/wp-content\/uploads\/2023\/10\/376724519_1399110053972467_243108014470111324_n-1-300x208.jpg 300w, https:\/\/kralovany.ecavlos.sk\/wp-content\/uploads\/2023\/10\/376724519_1399110053972467_243108014470111324_n-1-768x532.jpg 768w, https:\/\/kralovany.ecavlos.sk\/wp-content\/uploads\/2023\/10\/376724519_1399110053972467_243108014470111324_n-1-1536x1065.jpg 1536w, https:\/\/kralovany.ecavlos.sk\/wp-content\/uploads\/2023\/10\/376724519_1399110053972467_243108014470111324_n-1.jpg 1702w\" sizes=\"(max-width: 1024px) 100vw, 1024px\" \/><\/figure>\n<\/figure>\n","protected":false},"excerpt":{"rendered":"<p>Z piatka na sobotu, 8.-9. september 2023, na\u0161i konfirmandi svoje postele vymenili za spac\u00e1ky a podlahu farsk\u00e9ho \u00faradu a spolu str\u00e1vili ve\u010der, noc i doobedie. Stretnutie bolo venovan\u00e9 tvorbe a upev\u0148ovaniu vz\u0165ahov medzi nimi, nastaveniu pravidiel pre celoro\u010dn\u00e9 vzdel\u00e1vanie a stret\u00e1vanie a prv\u00fdm ot\u00e1zkam konfirma\u010dnej pr\u00edpravy.<\/p>\n","protected":false},"author":1,"featured_media":0,"parent":3039,"menu_order":0,"comment_status":"closed","ping_status":"closed","template":"","meta":{"footnotes":""},"class_list":["post-3098","page","type-page","status-publish","hentry"],"_links":{"self":[{"href":"https:\/\/kralovany.ecavlos.sk\/index.php?rest_route=\/wp\/v2\/pages\/3098"}],"collection":[{"href":"https:\/\/kralovany.ecavlos.sk\/index.php?rest_route=\/wp\/v2\/pages"}],"about":[{"href":"https:\/\/kralovany.ecavlos.sk\/index.php?rest_route=\/wp\/v2\/types\/page"}],"author":[{"embeddable":true,"href":"https:\/\/kralovany.ecavlos.sk\/index.php?rest_route=\/wp\/v2\/users\/1"}],"replies":[{"embeddable":true,"href":"https:\/\/kralovany.ecavlos.sk\/index.php?rest_route=%2Fwp%2Fv2%2Fcomments&post=3098"}],"version-history":[{"count":1,"href":"https:\/\/kralovany.ecavlos.sk\/index.php?rest_route=\/wp\/v2\/pages\/3098\/revisions"}],"predecessor-version":[{"id":3104,"href":"https:\/\/kralovany.ecavlos.sk\/index.php?rest_route=\/wp\/v2\/pages\/3098\/revisions\/3104"}],"up":[{"embeddable":true,"href":"https:\/\/kralovany.ecavlos.sk\/index.php?rest_route=\/wp\/v2\/pages\/3039"}],"wp:attachment":[{"href":"https:\/\/kralovany.ecavlos.sk\/index.php?rest_route=%2Fwp%2Fv2%2Fmedia&parent=3098"}],"curies":[{"name":"wp","href":"https:\/\/api.w.org\/{rel}","templated":true}]}}