{"id":3106,"date":"2023-10-25T19:19:56","date_gmt":"2023-10-25T17:19:56","guid":{"rendered":"http:\/\/kralovany.ecavlos.sk\/?page_id=3106"},"modified":"2023-10-25T19:25:00","modified_gmt":"2023-10-25T17:25:00","slug":"konfivylet","status":"publish","type":"page","link":"https:\/\/kralovany.ecavlos.sk\/?page_id=3106","title":{"rendered":"Konfiv\u00fdlet"},"content":{"rendered":"\n<p><\/p>\n\n\n\n<p><mark style=\"background-color:rgba(0, 0, 0, 0)\" class=\"has-inline-color has-black-color\">V piatok podve\u010der, 22. septembra 2023, sme sa vybrali s na\u0161imi konfirmandi na koloto\u010de, ktor\u00e9 boli s\u00fa\u010das\u0165ou jarmoku mesta Doln\u00fd Kub\u00edn. Niektor\u00e9 koloto\u010de si naozaj vy\u017eadovali aj d\u00e1vku odvahy. <\/mark><\/p>\n\n\n\n<figure class=\"wp-block-gallery has-nested-images columns-default is-cropped wp-block-gallery-1 is-layout-flex wp-block-gallery-is-layout-flex\">\n<figure class=\"wp-block-image size-large\"><img loading=\"lazy\" decoding=\"async\" width=\"1024\" height=\"766\" data-id=\"3108\" src=\"http:\/\/kralovany.ecavlos.sk\/wp-content\/uploads\/2023\/10\/380758411_1406180989932040_7172692905482705190_n-1024x766.jpg\" alt=\"\" class=\"wp-image-3108\" srcset=\"https:\/\/kralovany.ecavlos.sk\/wp-content\/uploads\/2023\/10\/380758411_1406180989932040_7172692905482705190_n-1024x766.jpg 1024w, https:\/\/kralovany.ecavlos.sk\/wp-content\/uploads\/2023\/10\/380758411_1406180989932040_7172692905482705190_n-300x224.jpg 300w, https:\/\/kralovany.ecavlos.sk\/wp-content\/uploads\/2023\/10\/380758411_1406180989932040_7172692905482705190_n-768x574.jpg 768w, https:\/\/kralovany.ecavlos.sk\/wp-content\/uploads\/2023\/10\/380758411_1406180989932040_7172692905482705190_n-1536x1149.jpg 1536w, https:\/\/kralovany.ecavlos.sk\/wp-content\/uploads\/2023\/10\/380758411_1406180989932040_7172692905482705190_n.jpg 2000w\" sizes=\"(max-width: 1024px) 100vw, 1024px\" \/><\/figure>\n\n\n\n<figure class=\"wp-block-image size-large\"><img loading=\"lazy\" decoding=\"async\" width=\"1024\" height=\"766\" data-id=\"3107\" src=\"http:\/\/kralovany.ecavlos.sk\/wp-content\/uploads\/2023\/10\/380757977_1406181066598699_2988877911776659667_n-1-1024x766.jpg\" alt=\"\" class=\"wp-image-3107\" srcset=\"https:\/\/kralovany.ecavlos.sk\/wp-content\/uploads\/2023\/10\/380757977_1406181066598699_2988877911776659667_n-1-1024x766.jpg 1024w, https:\/\/kralovany.ecavlos.sk\/wp-content\/uploads\/2023\/10\/380757977_1406181066598699_2988877911776659667_n-1-300x224.jpg 300w, https:\/\/kralovany.ecavlos.sk\/wp-content\/uploads\/2023\/10\/380757977_1406181066598699_2988877911776659667_n-1-768x574.jpg 768w, https:\/\/kralovany.ecavlos.sk\/wp-content\/uploads\/2023\/10\/380757977_1406181066598699_2988877911776659667_n-1-1536x1149.jpg 1536w, https:\/\/kralovany.ecavlos.sk\/wp-content\/uploads\/2023\/10\/380757977_1406181066598699_2988877911776659667_n-1.jpg 2000w\" sizes=\"(max-width: 1024px) 100vw, 1024px\" \/><\/figure>\n<\/figure>\n","protected":false},"excerpt":{"rendered":"<p>V piatok podve\u010der, 22. septembra 2023, sme sa vybrali s na\u0161imi konfirmandi na koloto\u010de, ktor\u00e9 boli s\u00fa\u010das\u0165ou jarmoku mesta Doln\u00fd Kub\u00edn. Niektor\u00e9 koloto\u010de si naozaj vy\u017eadovali aj d\u00e1vku odvahy.<\/p>\n","protected":false},"author":1,"featured_media":0,"parent":3039,"menu_order":0,"comment_status":"closed","ping_status":"closed","template":"","meta":{"footnotes":""},"class_list":["post-3106","page","type-page","status-publish","hentry"],"_links":{"self":[{"href":"https:\/\/kralovany.ecavlos.sk\/index.php?rest_route=\/wp\/v2\/pages\/3106"}],"collection":[{"href":"https:\/\/kralovany.ecavlos.sk\/index.php?rest_route=\/wp\/v2\/pages"}],"about":[{"href":"https:\/\/kralovany.ecavlos.sk\/index.php?rest_route=\/wp\/v2\/types\/page"}],"author":[{"embeddable":true,"href":"https:\/\/kralovany.ecavlos.sk\/index.php?rest_route=\/wp\/v2\/users\/1"}],"replies":[{"embeddable":true,"href":"https:\/\/kralovany.ecavlos.sk\/index.php?rest_route=%2Fwp%2Fv2%2Fcomments&post=3106"}],"version-history":[{"count":2,"href":"https:\/\/kralovany.ecavlos.sk\/index.php?rest_route=\/wp\/v2\/pages\/3106\/revisions"}],"predecessor-version":[{"id":3112,"href":"https:\/\/kralovany.ecavlos.sk\/index.php?rest_route=\/wp\/v2\/pages\/3106\/revisions\/3112"}],"up":[{"embeddable":true,"href":"https:\/\/kralovany.ecavlos.sk\/index.php?rest_route=\/wp\/v2\/pages\/3039"}],"wp:attachment":[{"href":"https:\/\/kralovany.ecavlos.sk\/index.php?rest_route=%2Fwp%2Fv2%2Fmedia&parent=3106"}],"curies":[{"name":"wp","href":"https:\/\/api.w.org\/{rel}","templated":true}]}}