{"id":3113,"date":"2023-10-25T19:30:33","date_gmt":"2023-10-25T17:30:33","guid":{"rendered":"http:\/\/kralovany.ecavlos.sk\/?page_id=3113"},"modified":"2023-10-25T19:30:34","modified_gmt":"2023-10-25T17:30:34","slug":"podakovanie-za-urody-zeme-2023","status":"publish","type":"page","link":"https:\/\/kralovany.ecavlos.sk\/?page_id=3113","title":{"rendered":"Po\u010fakovanie za \u00farody zeme 2023"},"content":{"rendered":"\n<p><\/p>\n\n\n\n<p><mark style=\"background-color:rgba(0, 0, 0, 0)\" class=\"has-inline-color has-black-color\">V nede\u013eu, 8. okt\u00f3bra 2023, sme na slu\u017eb\u00e1ch Bo\u017e\u00edch \u010fakovali P\u00e1nu Bohu ako n\u00e1\u0161mu \u0161tedr\u00e9mu nebesk\u00e9mu Darcovi za \u00farodu na\u0161ich z\u00e1hrad, sadov a pol\u00ed. V r\u00e1mci slu\u017eieb Bo\u017e\u00edch vyst\u00fapili deti z detskej besiedky. Z\u00e1rove\u0148 tie slu\u017eby Bo\u017eie boli prv\u00e9 konfislu\u017eby, teda slu\u017eby, ktor\u00e9 pripravili na\u0161i konfirmandi. <\/mark><\/p>\n\n\n\n<figure class=\"wp-block-gallery has-nested-images columns-default is-cropped wp-block-gallery-1 is-layout-flex wp-block-gallery-is-layout-flex\">\n<figure class=\"wp-block-image size-large\"><img loading=\"lazy\" decoding=\"async\" width=\"1024\" height=\"766\" data-id=\"3114\" src=\"http:\/\/kralovany.ecavlos.sk\/wp-content\/uploads\/2023\/10\/387214919_1414118522471620_1694093899102194448_n-1-1024x766.jpg\" alt=\"\" class=\"wp-image-3114\" srcset=\"https:\/\/kralovany.ecavlos.sk\/wp-content\/uploads\/2023\/10\/387214919_1414118522471620_1694093899102194448_n-1-1024x766.jpg 1024w, https:\/\/kralovany.ecavlos.sk\/wp-content\/uploads\/2023\/10\/387214919_1414118522471620_1694093899102194448_n-1-300x224.jpg 300w, https:\/\/kralovany.ecavlos.sk\/wp-content\/uploads\/2023\/10\/387214919_1414118522471620_1694093899102194448_n-1-768x574.jpg 768w, https:\/\/kralovany.ecavlos.sk\/wp-content\/uploads\/2023\/10\/387214919_1414118522471620_1694093899102194448_n-1-1536x1149.jpg 1536w, https:\/\/kralovany.ecavlos.sk\/wp-content\/uploads\/2023\/10\/387214919_1414118522471620_1694093899102194448_n-1.jpg 2000w\" sizes=\"(max-width: 1024px) 100vw, 1024px\" \/><\/figure>\n\n\n\n<figure class=\"wp-block-image size-large\"><img loading=\"lazy\" decoding=\"async\" width=\"766\" height=\"1024\" data-id=\"3116\" src=\"http:\/\/kralovany.ecavlos.sk\/wp-content\/uploads\/2023\/10\/387755745_1414118729138266_4550763176736841692_n-766x1024.jpg\" alt=\"\" class=\"wp-image-3116\" srcset=\"https:\/\/kralovany.ecavlos.sk\/wp-content\/uploads\/2023\/10\/387755745_1414118729138266_4550763176736841692_n-766x1024.jpg 766w, https:\/\/kralovany.ecavlos.sk\/wp-content\/uploads\/2023\/10\/387755745_1414118729138266_4550763176736841692_n-224x300.jpg 224w, https:\/\/kralovany.ecavlos.sk\/wp-content\/uploads\/2023\/10\/387755745_1414118729138266_4550763176736841692_n-768x1027.jpg 768w, https:\/\/kralovany.ecavlos.sk\/wp-content\/uploads\/2023\/10\/387755745_1414118729138266_4550763176736841692_n-1149x1536.jpg 1149w, https:\/\/kralovany.ecavlos.sk\/wp-content\/uploads\/2023\/10\/387755745_1414118729138266_4550763176736841692_n.jpg 1496w\" sizes=\"(max-width: 766px) 100vw, 766px\" \/><\/figure>\n\n\n\n<figure class=\"wp-block-image size-large\"><img loading=\"lazy\" decoding=\"async\" width=\"1024\" height=\"766\" data-id=\"3115\" src=\"http:\/\/kralovany.ecavlos.sk\/wp-content\/uploads\/2023\/10\/387830292_1414118425804963_6860560384288461569_n-1-1024x766.jpg\" alt=\"\" class=\"wp-image-3115\" srcset=\"https:\/\/kralovany.ecavlos.sk\/wp-content\/uploads\/2023\/10\/387830292_1414118425804963_6860560384288461569_n-1-1024x766.jpg 1024w, https:\/\/kralovany.ecavlos.sk\/wp-content\/uploads\/2023\/10\/387830292_1414118425804963_6860560384288461569_n-1-300x224.jpg 300w, https:\/\/kralovany.ecavlos.sk\/wp-content\/uploads\/2023\/10\/387830292_1414118425804963_6860560384288461569_n-1-768x574.jpg 768w, https:\/\/kralovany.ecavlos.sk\/wp-content\/uploads\/2023\/10\/387830292_1414118425804963_6860560384288461569_n-1-1536x1149.jpg 1536w, https:\/\/kralovany.ecavlos.sk\/wp-content\/uploads\/2023\/10\/387830292_1414118425804963_6860560384288461569_n-1.jpg 2000w\" sizes=\"(max-width: 1024px) 100vw, 1024px\" \/><\/figure>\n<\/figure>\n","protected":false},"excerpt":{"rendered":"<p>V nede\u013eu, 8. okt\u00f3bra 2023, sme na slu\u017eb\u00e1ch Bo\u017e\u00edch \u010fakovali P\u00e1nu Bohu ako n\u00e1\u0161mu \u0161tedr\u00e9mu nebesk\u00e9mu Darcovi za \u00farodu na\u0161ich z\u00e1hrad, sadov a pol\u00ed. V r\u00e1mci slu\u017eieb Bo\u017e\u00edch vyst\u00fapili deti z detskej besiedky. Z\u00e1rove\u0148 tie slu\u017eby Bo\u017eie boli prv\u00e9 konfislu\u017eby, teda slu\u017eby, ktor\u00e9 pripravili na\u0161i konfirmandi.<\/p>\n","protected":false},"author":1,"featured_media":0,"parent":3039,"menu_order":0,"comment_status":"closed","ping_status":"closed","template":"","meta":{"footnotes":""},"class_list":["post-3113","page","type-page","status-publish","hentry"],"_links":{"self":[{"href":"https:\/\/kralovany.ecavlos.sk\/index.php?rest_route=\/wp\/v2\/pages\/3113"}],"collection":[{"href":"https:\/\/kralovany.ecavlos.sk\/index.php?rest_route=\/wp\/v2\/pages"}],"about":[{"href":"https:\/\/kralovany.ecavlos.sk\/index.php?rest_route=\/wp\/v2\/types\/page"}],"author":[{"embeddable":true,"href":"https:\/\/kralovany.ecavlos.sk\/index.php?rest_route=\/wp\/v2\/users\/1"}],"replies":[{"embeddable":true,"href":"https:\/\/kralovany.ecavlos.sk\/index.php?rest_route=%2Fwp%2Fv2%2Fcomments&post=3113"}],"version-history":[{"count":1,"href":"https:\/\/kralovany.ecavlos.sk\/index.php?rest_route=\/wp\/v2\/pages\/3113\/revisions"}],"predecessor-version":[{"id":3117,"href":"https:\/\/kralovany.ecavlos.sk\/index.php?rest_route=\/wp\/v2\/pages\/3113\/revisions\/3117"}],"up":[{"embeddable":true,"href":"https:\/\/kralovany.ecavlos.sk\/index.php?rest_route=\/wp\/v2\/pages\/3039"}],"wp:attachment":[{"href":"https:\/\/kralovany.ecavlos.sk\/index.php?rest_route=%2Fwp%2Fv2%2Fmedia&parent=3113"}],"curies":[{"name":"wp","href":"https:\/\/api.w.org\/{rel}","templated":true}]}}