{"id":3128,"date":"2023-10-25T19:47:24","date_gmt":"2023-10-25T17:47:24","guid":{"rendered":"http:\/\/kralovany.ecavlos.sk\/?page_id=3128"},"modified":"2023-10-25T19:52:29","modified_gmt":"2023-10-25T17:52:29","slug":"vyucovanie-nabozenstva","status":"publish","type":"page","link":"https:\/\/kralovany.ecavlos.sk\/?page_id=3128","title":{"rendered":"Vyu\u010dovanie n\u00e1bo\u017eenstva"},"content":{"rendered":"\n<p><\/p>\n\n\n\n<p><mark style=\"background-color:rgba(0, 0, 0, 0)\" class=\"has-inline-color has-black-color\">N\u00e1bo\u017eensk\u00e1 v\u00fdchova sa na \u00fazem\u00ed n\u00e1\u0161ho cirkevn\u00e9ho zboru vyu\u010duje na Z\u00e1kladnej \u0161kole s M\u0160 \u013duboch\u0148a. Vyu\u010dovanie prebieha v stredu v dvoch skupin\u00e1ch &#8211; prv\u00fd a druh\u00fd stupe\u0148. <\/mark><\/p>\n\n\n\n<figure class=\"wp-block-gallery has-nested-images columns-default wp-block-gallery-1 is-layout-flex wp-block-gallery-is-layout-flex\">\n<figure class=\"wp-block-image size-large\"><img loading=\"lazy\" decoding=\"async\" width=\"1024\" height=\"766\" data-id=\"3131\" src=\"http:\/\/kralovany.ecavlos.sk\/wp-content\/uploads\/2023\/10\/393409182_1420120678538071_7660930036183466800_n-1024x766.jpg\" alt=\"\" class=\"wp-image-3131\" srcset=\"https:\/\/kralovany.ecavlos.sk\/wp-content\/uploads\/2023\/10\/393409182_1420120678538071_7660930036183466800_n-1024x766.jpg 1024w, https:\/\/kralovany.ecavlos.sk\/wp-content\/uploads\/2023\/10\/393409182_1420120678538071_7660930036183466800_n-300x224.jpg 300w, https:\/\/kralovany.ecavlos.sk\/wp-content\/uploads\/2023\/10\/393409182_1420120678538071_7660930036183466800_n-768x574.jpg 768w, https:\/\/kralovany.ecavlos.sk\/wp-content\/uploads\/2023\/10\/393409182_1420120678538071_7660930036183466800_n-1536x1149.jpg 1536w, https:\/\/kralovany.ecavlos.sk\/wp-content\/uploads\/2023\/10\/393409182_1420120678538071_7660930036183466800_n.jpg 2000w\" sizes=\"(max-width: 1024px) 100vw, 1024px\" \/><\/figure>\n\n\n\n<figure class=\"wp-block-image size-large\"><img loading=\"lazy\" decoding=\"async\" width=\"766\" height=\"1024\" data-id=\"3129\" src=\"http:\/\/kralovany.ecavlos.sk\/wp-content\/uploads\/2023\/10\/393932978_1420120541871418_1674956714401247245_n-766x1024.jpg\" alt=\"\" class=\"wp-image-3129\" srcset=\"https:\/\/kralovany.ecavlos.sk\/wp-content\/uploads\/2023\/10\/393932978_1420120541871418_1674956714401247245_n-766x1024.jpg 766w, https:\/\/kralovany.ecavlos.sk\/wp-content\/uploads\/2023\/10\/393932978_1420120541871418_1674956714401247245_n-224x300.jpg 224w, https:\/\/kralovany.ecavlos.sk\/wp-content\/uploads\/2023\/10\/393932978_1420120541871418_1674956714401247245_n-768x1027.jpg 768w, https:\/\/kralovany.ecavlos.sk\/wp-content\/uploads\/2023\/10\/393932978_1420120541871418_1674956714401247245_n-1149x1536.jpg 1149w, https:\/\/kralovany.ecavlos.sk\/wp-content\/uploads\/2023\/10\/393932978_1420120541871418_1674956714401247245_n.jpg 1496w\" sizes=\"(max-width: 766px) 100vw, 766px\" \/><\/figure>\n\n\n\n<figure class=\"wp-block-image size-large\"><img loading=\"lazy\" decoding=\"async\" width=\"766\" height=\"1024\" data-id=\"3130\" src=\"http:\/\/kralovany.ecavlos.sk\/wp-content\/uploads\/2023\/10\/393946739_1420120601871412_6706992909662975715_n-766x1024.jpg\" alt=\"\" class=\"wp-image-3130\" srcset=\"https:\/\/kralovany.ecavlos.sk\/wp-content\/uploads\/2023\/10\/393946739_1420120601871412_6706992909662975715_n-766x1024.jpg 766w, https:\/\/kralovany.ecavlos.sk\/wp-content\/uploads\/2023\/10\/393946739_1420120601871412_6706992909662975715_n-224x300.jpg 224w, https:\/\/kralovany.ecavlos.sk\/wp-content\/uploads\/2023\/10\/393946739_1420120601871412_6706992909662975715_n-768x1027.jpg 768w, https:\/\/kralovany.ecavlos.sk\/wp-content\/uploads\/2023\/10\/393946739_1420120601871412_6706992909662975715_n-1149x1536.jpg 1149w, https:\/\/kralovany.ecavlos.sk\/wp-content\/uploads\/2023\/10\/393946739_1420120601871412_6706992909662975715_n.jpg 1496w\" sizes=\"(max-width: 766px) 100vw, 766px\" \/><\/figure>\n<\/figure>\n","protected":false},"excerpt":{"rendered":"<p>N\u00e1bo\u017eensk\u00e1 v\u00fdchova sa na \u00fazem\u00ed n\u00e1\u0161ho cirkevn\u00e9ho zboru vyu\u010duje na Z\u00e1kladnej \u0161kole s M\u0160 \u013duboch\u0148a. Vyu\u010dovanie prebieha v stredu v dvoch skupin\u00e1ch &#8211; prv\u00fd a druh\u00fd stupe\u0148.<\/p>\n","protected":false},"author":1,"featured_media":0,"parent":2,"menu_order":0,"comment_status":"closed","ping_status":"closed","template":"","meta":{"footnotes":""},"class_list":["post-3128","page","type-page","status-publish","hentry"],"_links":{"self":[{"href":"https:\/\/kralovany.ecavlos.sk\/index.php?rest_route=\/wp\/v2\/pages\/3128"}],"collection":[{"href":"https:\/\/kralovany.ecavlos.sk\/index.php?rest_route=\/wp\/v2\/pages"}],"about":[{"href":"https:\/\/kralovany.ecavlos.sk\/index.php?rest_route=\/wp\/v2\/types\/page"}],"author":[{"embeddable":true,"href":"https:\/\/kralovany.ecavlos.sk\/index.php?rest_route=\/wp\/v2\/users\/1"}],"replies":[{"embeddable":true,"href":"https:\/\/kralovany.ecavlos.sk\/index.php?rest_route=%2Fwp%2Fv2%2Fcomments&post=3128"}],"version-history":[{"count":2,"href":"https:\/\/kralovany.ecavlos.sk\/index.php?rest_route=\/wp\/v2\/pages\/3128\/revisions"}],"predecessor-version":[{"id":3134,"href":"https:\/\/kralovany.ecavlos.sk\/index.php?rest_route=\/wp\/v2\/pages\/3128\/revisions\/3134"}],"up":[{"embeddable":true,"href":"https:\/\/kralovany.ecavlos.sk\/index.php?rest_route=\/wp\/v2\/pages\/2"}],"wp:attachment":[{"href":"https:\/\/kralovany.ecavlos.sk\/index.php?rest_route=%2Fwp%2Fv2%2Fmedia&parent=3128"}],"curies":[{"name":"wp","href":"https:\/\/api.w.org\/{rel}","templated":true}]}}