{"id":3266,"date":"2024-02-01T22:54:41","date_gmt":"2024-02-01T21:54:41","guid":{"rendered":"http:\/\/kralovany.ecavlos.sk\/?page_id=3266"},"modified":"2025-04-15T19:37:11","modified_gmt":"2025-04-15T17:37:11","slug":"zborovy-casopis-2024","status":"publish","type":"page","link":"https:\/\/kralovany.ecavlos.sk\/?page_id=3266","title":{"rendered":"Zborov\u00fd \u010dasopis 2024"},"content":{"rendered":"\n<div data-wp-interactive=\"core\/file\" class=\"wp-block-file\"><object data-wp-bind--hidden=\"!state.hasPdfPreview\"  class=\"wp-block-file__embed\" data=\"http:\/\/kralovany.ecavlos.sk\/wp-content\/uploads\/2024\/12\/zborovy-casopis-3_2024-1.pdf\" type=\"application\/pdf\" style=\"width:100%;height:600px\" aria-label=\"Vlo\u017ei\u0165 zborov\u00fd \u010dasopis 3_2024.\"><\/object><a id=\"wp-block-file--media-5795238c-2ed3-45d1-a2ef-cf33797c3d5e\" href=\"http:\/\/kralovany.ecavlos.sk\/wp-content\/uploads\/2024\/12\/zborovy-casopis-3_2024-1.pdf\">zborov\u00fd \u010dasopis 3_2024<\/a><a href=\"http:\/\/kralovany.ecavlos.sk\/wp-content\/uploads\/2024\/12\/zborovy-casopis-3_2024-1.pdf\" class=\"wp-block-file__button wp-element-button\" download aria-describedby=\"wp-block-file--media-5795238c-2ed3-45d1-a2ef-cf33797c3d5e\">Stiahnu\u0165<\/a><\/div>\n\n\n\n<p><\/p>\n","protected":false},"excerpt":{"rendered":"","protected":false},"author":1,"featured_media":0,"parent":0,"menu_order":0,"comment_status":"closed","ping_status":"closed","template":"","meta":{"footnotes":""},"class_list":["post-3266","page","type-page","status-publish","hentry"],"_links":{"self":[{"href":"https:\/\/kralovany.ecavlos.sk\/index.php?rest_route=\/wp\/v2\/pages\/3266"}],"collection":[{"href":"https:\/\/kralovany.ecavlos.sk\/index.php?rest_route=\/wp\/v2\/pages"}],"about":[{"href":"https:\/\/kralovany.ecavlos.sk\/index.php?rest_route=\/wp\/v2\/types\/page"}],"author":[{"embeddable":true,"href":"https:\/\/kralovany.ecavlos.sk\/index.php?rest_route=\/wp\/v2\/users\/1"}],"replies":[{"embeddable":true,"href":"https:\/\/kralovany.ecavlos.sk\/index.php?rest_route=%2Fwp%2Fv2%2Fcomments&post=3266"}],"version-history":[{"count":3,"href":"https:\/\/kralovany.ecavlos.sk\/index.php?rest_route=\/wp\/v2\/pages\/3266\/revisions"}],"predecessor-version":[{"id":3448,"href":"https:\/\/kralovany.ecavlos.sk\/index.php?rest_route=\/wp\/v2\/pages\/3266\/revisions\/3448"}],"wp:attachment":[{"href":"https:\/\/kralovany.ecavlos.sk\/index.php?rest_route=%2Fwp%2Fv2%2Fmedia&parent=3266"}],"curies":[{"name":"wp","href":"https:\/\/api.w.org\/{rel}","templated":true}]}}