{"id":519,"date":"2017-07-16T17:53:48","date_gmt":"2017-07-16T15:53:48","guid":{"rendered":"http:\/\/kralovany.ecavlos.sk\/?page_id=519"},"modified":"2020-02-19T10:10:41","modified_gmt":"2020-02-19T09:10:41","slug":"struktura-zboru","status":"publish","type":"page","link":"https:\/\/kralovany.ecavlos.sk\/?page_id=519","title":{"rendered":"\u0160trukt\u00fara zboru"},"content":{"rendered":"<p>&nbsp;<\/p>\n<p><span style=\"color: #000000;\"><strong>Predsedn\u00edctvo cirkevn\u00e9ho zboru<\/strong><\/span><\/p>\n<p><span style=\"color: #000000;\">Brdiarov\u00e1 Zuzana &#8211; zborov\u00e1 far\u00e1rka<\/span><\/p>\n<p><span style=\"color: #000000;\">Ku\u0161nierik Bohuslav &#8211; zborov\u00fd dozorca<\/span><\/p>\n<p>&nbsp;<\/p>\n<p><span style=\"color: #000000;\"><strong>\u010clenovia zborov\u00e9ho presbyterstva<\/strong><\/span><\/p>\n<p><span style=\"color: #000000;\">Babu\u0161iakov\u00e1 Elena<\/span><\/p>\n<p><span style=\"color: #000000;\">Had J\u00e1n ml.<\/span><\/p>\n<p><span style=\"color: #000000;\">Had J\u00e1n st.<\/span><\/p>\n<p><span style=\"color: #000000;\">Hadov\u00e1 Adriana<\/span><\/p>\n<p><span style=\"color: #000000;\">Kme\u0165ov\u00e1 Jarmila<\/span><\/p>\n<p><span style=\"color: #000000;\">Kra\u013eovansk\u00e1 M\u00e1ria<\/span><\/p>\n<p><span style=\"color: #000000;\">Kubinda Peter<\/span><\/p>\n<p><span style=\"color: #000000;\">Kubindov\u00e1 Eva<\/span><\/p>\n<p><span style=\"color: #000000;\">Ku\u0161nierikov\u00e1 \u013dubica<\/span><\/p>\n<p><span style=\"color: #000000;\">Lepeta Du\u0161an<\/span><\/p>\n<p><span style=\"color: #000000;\">Okoli\u010d\u00e1niov\u00e1 Katar\u00edna<\/span><\/p>\n<p><span style=\"color: #000000;\">\u00a0<\/span><\/p>\n<p>&nbsp;<\/p>\n<p><span style=\"color: #000000;\"><strong>V\u00fdbory<\/strong><\/span><\/p>\n<p><span style=\"color: #000000;\">Hospod\u00e1rsky v\u00fdbor<\/span><\/p>\n<p><span style=\"color: #000000;\">Rev\u00edzna komisia<\/span><\/p>\n<p>&nbsp;<\/p>\n<p><span style=\"color: #000000;\"><strong>Kantorsk\u00e1 slu\u017eba<\/strong><\/span><\/p>\n<p><span style=\"color: #000000;\">Hadov\u00e1 Ag\u00e1ta<\/span><\/p>\n<p><span style=\"color: #000000;\">Hadov\u00e1 Ter\u00e9zia<\/span><\/p>\n<p><span style=\"color: #000000;\">Kov\u00e1\u010dov\u00e1 Krist\u00edna<\/span><\/p>\n<p><span style=\"color: #000000;\">Schmidtov\u00e1 Katar\u00edna<\/span><\/p>\n","protected":false},"excerpt":{"rendered":"<p>&nbsp; Predsedn\u00edctvo cirkevn\u00e9ho zboru Brdiarov\u00e1 Zuzana &#8211; zborov\u00e1 far\u00e1rka Ku\u0161nierik Bohuslav &#8211; zborov\u00fd dozorca &nbsp; \u010clenovia zborov\u00e9ho presbyterstva Babu\u0161iakov\u00e1 Elena Had J\u00e1n ml. Had J\u00e1n st. Hadov\u00e1 Adriana Kme\u0165ov\u00e1 Jarmila Kra\u013eovansk\u00e1 M\u00e1ria Kubinda Peter Kubindov\u00e1 Eva Ku\u0161nierikov\u00e1 \u013dubica Lepeta Du\u0161an Okoli\u010d\u00e1niov\u00e1 Katar\u00edna \u00a0 &nbsp; V\u00fdbory Hospod\u00e1rsky v\u00fdbor Rev\u00edzna komisia &nbsp; Kantorsk\u00e1 slu\u017eba Hadov\u00e1 Ag\u00e1ta Hadov\u00e1 [&hellip;]<\/p>\n","protected":false},"author":1,"featured_media":0,"parent":72,"menu_order":4,"comment_status":"closed","ping_status":"closed","template":"","meta":{"footnotes":""},"class_list":["post-519","page","type-page","status-publish","hentry"],"_links":{"self":[{"href":"https:\/\/kralovany.ecavlos.sk\/index.php?rest_route=\/wp\/v2\/pages\/519"}],"collection":[{"href":"https:\/\/kralovany.ecavlos.sk\/index.php?rest_route=\/wp\/v2\/pages"}],"about":[{"href":"https:\/\/kralovany.ecavlos.sk\/index.php?rest_route=\/wp\/v2\/types\/page"}],"author":[{"embeddable":true,"href":"https:\/\/kralovany.ecavlos.sk\/index.php?rest_route=\/wp\/v2\/users\/1"}],"replies":[{"embeddable":true,"href":"https:\/\/kralovany.ecavlos.sk\/index.php?rest_route=%2Fwp%2Fv2%2Fcomments&post=519"}],"version-history":[{"count":5,"href":"https:\/\/kralovany.ecavlos.sk\/index.php?rest_route=\/wp\/v2\/pages\/519\/revisions"}],"predecessor-version":[{"id":2175,"href":"https:\/\/kralovany.ecavlos.sk\/index.php?rest_route=\/wp\/v2\/pages\/519\/revisions\/2175"}],"up":[{"embeddable":true,"href":"https:\/\/kralovany.ecavlos.sk\/index.php?rest_route=\/wp\/v2\/pages\/72"}],"wp:attachment":[{"href":"https:\/\/kralovany.ecavlos.sk\/index.php?rest_route=%2Fwp%2Fv2%2Fmedia&parent=519"}],"curies":[{"name":"wp","href":"https:\/\/api.w.org\/{rel}","templated":true}]}}