{"id":521,"date":"2017-07-16T17:55:50","date_gmt":"2017-07-16T15:55:50","guid":{"rendered":"http:\/\/kralovany.ecavlos.sk\/?page_id=521"},"modified":"2017-07-17T18:04:42","modified_gmt":"2017-07-17T16:04:42","slug":"podpora-zboru","status":"publish","type":"page","link":"https:\/\/kralovany.ecavlos.sk\/?page_id=521","title":{"rendered":"Podpora zboru"},"content":{"rendered":"<p>&nbsp;<\/p>\n<p><span style=\"color: #000000;\">\u010eakujeme v\u00e1m, \u017ee si nielen prezer\u00e1te na\u0161u web str\u00e1nku, ale sa za n\u00e1s aj modl\u00edte. Potrebuj\u00fa to na\u0161e deti, n\u00e1\u0161 dorast, ml\u00e1de\u017e, na\u0161i otcovia a\u00a0matky, krstn\u00ed i\u00a0star\u00ed rodi\u010dia. Va\u0161e modlitby potrebuje na\u0161a detsk\u00e1 besiedka, dorast, biblick\u00e9 hodiny, n\u00e1\u0161 spevokol i\u00a0spolo\u010denstvo veriacich, ktor\u00e9 sa stret\u00e1va k\u00a0slu\u017eb\u00e1m Bo\u017e\u00edm. Potrebujeme to v\u0161etci, modlite sa za n\u00e1s.<\/span><\/p>\n<p>&nbsp;<\/p>\n<p><span style=\"color: #000000;\">A\u00a0ak by v\u00e1s P\u00e1n Boh naplnil \u0161tedros\u0165ou a\u00a0obetavos\u0165ou, m\u00f4\u017eete n\u00e1s podpori\u0165 aj finan\u010dne.<\/span><\/p>\n<p><span style=\"color: #000000;\">N\u00e1\u0161 IBAN je SK 5509000000000321415303.<\/span><\/p>\n<p>&nbsp;<\/p>\n<p><span style=\"color: #000000;\">Za v\u0161etko v\u00e1m \u010fakujeme a\u00a0vyprosujeme pre v\u00e1s Bo\u017eie po\u017eehnanie.<\/span><\/p>\n<p>&nbsp;<\/p>\n<p><img loading=\"lazy\" decoding=\"async\" class=\"size-medium wp-image-641 aligncenter\" src=\"http:\/\/kralovany.ecavlos.sk\/wp-content\/uploads\/2017\/07\/dakujeme-300x225.jpg\" alt=\"\" width=\"300\" height=\"225\" srcset=\"https:\/\/kralovany.ecavlos.sk\/wp-content\/uploads\/2017\/07\/dakujeme-300x225.jpg 300w, https:\/\/kralovany.ecavlos.sk\/wp-content\/uploads\/2017\/07\/dakujeme-768x576.jpg 768w, https:\/\/kralovany.ecavlos.sk\/wp-content\/uploads\/2017\/07\/dakujeme-1024x767.jpg 1024w, https:\/\/kralovany.ecavlos.sk\/wp-content\/uploads\/2017\/07\/dakujeme.jpg 1305w\" sizes=\"(max-width: 300px) 100vw, 300px\" \/><\/p>\n","protected":false},"excerpt":{"rendered":"<p>&nbsp; \u010eakujeme v\u00e1m, \u017ee si nielen prezer\u00e1te na\u0161u web str\u00e1nku, ale sa za n\u00e1s aj modl\u00edte. Potrebuj\u00fa to na\u0161e deti, n\u00e1\u0161 dorast, ml\u00e1de\u017e, na\u0161i otcovia a\u00a0matky, krstn\u00ed i\u00a0star\u00ed rodi\u010dia. Va\u0161e modlitby potrebuje na\u0161a detsk\u00e1 besiedka, dorast, biblick\u00e9 hodiny, n\u00e1\u0161 spevokol i\u00a0spolo\u010denstvo veriacich, ktor\u00e9 sa stret\u00e1va k\u00a0slu\u017eb\u00e1m Bo\u017e\u00edm. Potrebujeme to v\u0161etci, modlite sa za n\u00e1s. &nbsp; [&hellip;]<\/p>\n","protected":false},"author":1,"featured_media":0,"parent":72,"menu_order":5,"comment_status":"closed","ping_status":"closed","template":"","meta":{"footnotes":""},"class_list":["post-521","page","type-page","status-publish","hentry"],"_links":{"self":[{"href":"https:\/\/kralovany.ecavlos.sk\/index.php?rest_route=\/wp\/v2\/pages\/521"}],"collection":[{"href":"https:\/\/kralovany.ecavlos.sk\/index.php?rest_route=\/wp\/v2\/pages"}],"about":[{"href":"https:\/\/kralovany.ecavlos.sk\/index.php?rest_route=\/wp\/v2\/types\/page"}],"author":[{"embeddable":true,"href":"https:\/\/kralovany.ecavlos.sk\/index.php?rest_route=\/wp\/v2\/users\/1"}],"replies":[{"embeddable":true,"href":"https:\/\/kralovany.ecavlos.sk\/index.php?rest_route=%2Fwp%2Fv2%2Fcomments&post=521"}],"version-history":[{"count":3,"href":"https:\/\/kralovany.ecavlos.sk\/index.php?rest_route=\/wp\/v2\/pages\/521\/revisions"}],"predecessor-version":[{"id":642,"href":"https:\/\/kralovany.ecavlos.sk\/index.php?rest_route=\/wp\/v2\/pages\/521\/revisions\/642"}],"up":[{"embeddable":true,"href":"https:\/\/kralovany.ecavlos.sk\/index.php?rest_route=\/wp\/v2\/pages\/72"}],"wp:attachment":[{"href":"https:\/\/kralovany.ecavlos.sk\/index.php?rest_route=%2Fwp%2Fv2%2Fmedia&parent=521"}],"curies":[{"name":"wp","href":"https:\/\/api.w.org\/{rel}","templated":true}]}}