{"id":523,"date":"2017-07-16T17:57:37","date_gmt":"2017-07-16T15:57:37","guid":{"rendered":"http:\/\/kralovany.ecavlos.sk\/?page_id=523"},"modified":"2017-07-17T15:03:28","modified_gmt":"2017-07-17T13:03:28","slug":"odporucane-linky","status":"publish","type":"page","link":"https:\/\/kralovany.ecavlos.sk\/?page_id=523","title":{"rendered":"Odpor\u00fa\u010dan\u00e9 linky"},"content":{"rendered":"<p>&nbsp;<\/p>\n<p><span style=\"color: #000000;\">Biblia\u00a0 <a style=\"color: #000000;\" href=\"http:\/\/www.biblia.sk\">www.biblia.sk<\/a><\/span><\/p>\n<p><span style=\"color: #000000;\">Evanjelick\u00e1 cirkev a. v. na Slovensku\u00a0\u00a0 <a style=\"color: #000000;\" href=\"http:\/\/www.ecav.sk\"><em>www.ecav.sk<\/em><\/a><\/span><\/p>\n<p><span style=\"color: #000000;\">V\u00fdchodn\u00fd di\u0161trikt\u00a0 <a style=\"color: #000000;\" href=\"http:\/\/www.vdecav.sk\">www.vdecav.sk<\/a><\/span><\/p>\n<p><span style=\"color: #000000;\">Liptovsko-oravsk\u00fd senior\u00e1t\u00a0\u00a0 <a style=\"color: #000000;\" href=\"http:\/\/www.ecavlos.sk\"><em>www.ecavlos.sk<\/em><\/a><\/span><\/p>\n<p><span style=\"color: #000000;\">Vydavate\u013estvo Tranoscius, a.s.\u00a0\u00a0 <a style=\"color: #000000;\" href=\"http:\/\/www.tranoscius.sk\">www.tranoscius.sk<\/a><\/span><\/p>\n<p><span style=\"color: #000000;\">Vydavate\u013estvo Vivit, s.r.o.\u00a0\u00a0 <a style=\"color: #000000;\" href=\"http:\/\/www.krestanska-literatura.sk\">www.krestanska-literatura.sk<\/a><\/span><\/p>\n<p>&nbsp;<\/p>\n<p>&nbsp;<\/p>\n<p>&nbsp;<\/p>\n","protected":false},"excerpt":{"rendered":"<p>&nbsp; Biblia\u00a0 www.biblia.sk Evanjelick\u00e1 cirkev a. v. na Slovensku\u00a0\u00a0 www.ecav.sk V\u00fdchodn\u00fd di\u0161trikt\u00a0 www.vdecav.sk Liptovsko-oravsk\u00fd senior\u00e1t\u00a0\u00a0 www.ecavlos.sk Vydavate\u013estvo Tranoscius, a.s.\u00a0\u00a0 www.tranoscius.sk Vydavate\u013estvo Vivit, s.r.o.\u00a0\u00a0 www.krestanska-literatura.sk &nbsp; &nbsp; &nbsp;<\/p>\n","protected":false},"author":1,"featured_media":0,"parent":173,"menu_order":0,"comment_status":"closed","ping_status":"closed","template":"","meta":{"footnotes":""},"class_list":["post-523","page","type-page","status-publish","hentry"],"_links":{"self":[{"href":"https:\/\/kralovany.ecavlos.sk\/index.php?rest_route=\/wp\/v2\/pages\/523"}],"collection":[{"href":"https:\/\/kralovany.ecavlos.sk\/index.php?rest_route=\/wp\/v2\/pages"}],"about":[{"href":"https:\/\/kralovany.ecavlos.sk\/index.php?rest_route=\/wp\/v2\/types\/page"}],"author":[{"embeddable":true,"href":"https:\/\/kralovany.ecavlos.sk\/index.php?rest_route=\/wp\/v2\/users\/1"}],"replies":[{"embeddable":true,"href":"https:\/\/kralovany.ecavlos.sk\/index.php?rest_route=%2Fwp%2Fv2%2Fcomments&post=523"}],"version-history":[{"count":3,"href":"https:\/\/kralovany.ecavlos.sk\/index.php?rest_route=\/wp\/v2\/pages\/523\/revisions"}],"predecessor-version":[{"id":621,"href":"https:\/\/kralovany.ecavlos.sk\/index.php?rest_route=\/wp\/v2\/pages\/523\/revisions\/621"}],"up":[{"embeddable":true,"href":"https:\/\/kralovany.ecavlos.sk\/index.php?rest_route=\/wp\/v2\/pages\/173"}],"wp:attachment":[{"href":"https:\/\/kralovany.ecavlos.sk\/index.php?rest_route=%2Fwp%2Fv2%2Fmedia&parent=523"}],"curies":[{"name":"wp","href":"https:\/\/api.w.org\/{rel}","templated":true}]}}