{"id":555,"date":"2017-07-17T14:23:04","date_gmt":"2017-07-17T12:23:04","guid":{"rendered":"http:\/\/kralovany.ecavlos.sk\/?page_id=555"},"modified":"2017-07-17T22:49:39","modified_gmt":"2017-07-17T20:49:39","slug":"den-matiek-2017","status":"publish","type":"page","link":"https:\/\/kralovany.ecavlos.sk\/?page_id=555","title":{"rendered":"De\u0148 matiek 2017"},"content":{"rendered":"<p>&nbsp;<\/p>\n<p><span style=\"color: #000000;\">V\u00a0druh\u00fa m\u00e1jov\u00fa nede\u013eu, 14. m\u00e1ja 2017, deti v\u00a0chr\u00e1me Bo\u017eom \u010fakovali P\u00e1nu Bohu za svoje mamy. \u010eakovali aj svojim mam\u00e1m za ich l\u00e1sku a\u00a0starostlivos\u0165. Na z\u00e1ver svojho vyst\u00fapenia deti obdarili svoje mamy mal\u00fdm dar\u010dekom. A\u00a0my prosme, aby P\u00e1n Boh po\u017eehn\u00e1val mamy a\u00a0aj ich deti.<\/span><\/p>\n<p>&nbsp;<\/p>\n<p><img loading=\"lazy\" decoding=\"async\" class=\"alignnone size-medium wp-image-559\" src=\"http:\/\/kralovany.ecavlos.sk\/wp-content\/uploads\/2017\/07\/IMG_8192-300x225.jpg\" alt=\"\" width=\"300\" height=\"225\" srcset=\"https:\/\/kralovany.ecavlos.sk\/wp-content\/uploads\/2017\/07\/IMG_8192-300x225.jpg 300w, https:\/\/kralovany.ecavlos.sk\/wp-content\/uploads\/2017\/07\/IMG_8192-768x576.jpg 768w, https:\/\/kralovany.ecavlos.sk\/wp-content\/uploads\/2017\/07\/IMG_8192-1024x768.jpg 1024w, https:\/\/kralovany.ecavlos.sk\/wp-content\/uploads\/2017\/07\/IMG_8192.jpg 2048w\" sizes=\"(max-width: 300px) 100vw, 300px\" \/> <img loading=\"lazy\" decoding=\"async\" class=\"alignnone size-medium wp-image-560\" src=\"http:\/\/kralovany.ecavlos.sk\/wp-content\/uploads\/2017\/07\/IMG_8197-300x225.jpg\" alt=\"\" width=\"300\" height=\"225\" srcset=\"https:\/\/kralovany.ecavlos.sk\/wp-content\/uploads\/2017\/07\/IMG_8197-300x225.jpg 300w, https:\/\/kralovany.ecavlos.sk\/wp-content\/uploads\/2017\/07\/IMG_8197-768x576.jpg 768w, https:\/\/kralovany.ecavlos.sk\/wp-content\/uploads\/2017\/07\/IMG_8197-1024x768.jpg 1024w, https:\/\/kralovany.ecavlos.sk\/wp-content\/uploads\/2017\/07\/IMG_8197.jpg 2048w\" sizes=\"(max-width: 300px) 100vw, 300px\" \/> <img loading=\"lazy\" decoding=\"async\" class=\"alignnone size-medium wp-image-561\" src=\"http:\/\/kralovany.ecavlos.sk\/wp-content\/uploads\/2017\/07\/IMG_8199-300x225.jpg\" alt=\"\" width=\"300\" height=\"225\" srcset=\"https:\/\/kralovany.ecavlos.sk\/wp-content\/uploads\/2017\/07\/IMG_8199-300x225.jpg 300w, https:\/\/kralovany.ecavlos.sk\/wp-content\/uploads\/2017\/07\/IMG_8199-768x576.jpg 768w, https:\/\/kralovany.ecavlos.sk\/wp-content\/uploads\/2017\/07\/IMG_8199-1024x768.jpg 1024w, https:\/\/kralovany.ecavlos.sk\/wp-content\/uploads\/2017\/07\/IMG_8199.jpg 2048w\" sizes=\"(max-width: 300px) 100vw, 300px\" \/> <img loading=\"lazy\" decoding=\"async\" class=\"alignnone size-medium wp-image-562\" src=\"http:\/\/kralovany.ecavlos.sk\/wp-content\/uploads\/2017\/07\/IMG_8201-300x225.jpg\" alt=\"\" width=\"300\" height=\"225\" srcset=\"https:\/\/kralovany.ecavlos.sk\/wp-content\/uploads\/2017\/07\/IMG_8201-300x225.jpg 300w, https:\/\/kralovany.ecavlos.sk\/wp-content\/uploads\/2017\/07\/IMG_8201-768x576.jpg 768w, https:\/\/kralovany.ecavlos.sk\/wp-content\/uploads\/2017\/07\/IMG_8201-1024x768.jpg 1024w, https:\/\/kralovany.ecavlos.sk\/wp-content\/uploads\/2017\/07\/IMG_8201.jpg 2048w\" sizes=\"(max-width: 300px) 100vw, 300px\" \/> <img loading=\"lazy\" decoding=\"async\" class=\"alignnone size-medium wp-image-563\" src=\"http:\/\/kralovany.ecavlos.sk\/wp-content\/uploads\/2017\/07\/IMG_8202-300x225.jpg\" alt=\"\" width=\"300\" height=\"225\" srcset=\"https:\/\/kralovany.ecavlos.sk\/wp-content\/uploads\/2017\/07\/IMG_8202-300x225.jpg 300w, https:\/\/kralovany.ecavlos.sk\/wp-content\/uploads\/2017\/07\/IMG_8202-768x576.jpg 768w, https:\/\/kralovany.ecavlos.sk\/wp-content\/uploads\/2017\/07\/IMG_8202-1024x768.jpg 1024w, https:\/\/kralovany.ecavlos.sk\/wp-content\/uploads\/2017\/07\/IMG_8202.jpg 2048w\" sizes=\"(max-width: 300px) 100vw, 300px\" \/>\u00a0 <img loading=\"lazy\" decoding=\"async\" class=\"alignnone size-medium wp-image-564\" src=\"http:\/\/kralovany.ecavlos.sk\/wp-content\/uploads\/2017\/07\/IMG_8209-300x225.jpg\" alt=\"\" width=\"300\" height=\"225\" srcset=\"https:\/\/kralovany.ecavlos.sk\/wp-content\/uploads\/2017\/07\/IMG_8209-300x225.jpg 300w, https:\/\/kralovany.ecavlos.sk\/wp-content\/uploads\/2017\/07\/IMG_8209-768x576.jpg 768w, https:\/\/kralovany.ecavlos.sk\/wp-content\/uploads\/2017\/07\/IMG_8209-1024x768.jpg 1024w, https:\/\/kralovany.ecavlos.sk\/wp-content\/uploads\/2017\/07\/IMG_8209.jpg 2048w\" sizes=\"(max-width: 300px) 100vw, 300px\" \/> <img loading=\"lazy\" decoding=\"async\" class=\"alignnone size-medium wp-image-565\" src=\"http:\/\/kralovany.ecavlos.sk\/wp-content\/uploads\/2017\/07\/IMG_8211-300x225.jpg\" alt=\"\" width=\"300\" height=\"225\" srcset=\"https:\/\/kralovany.ecavlos.sk\/wp-content\/uploads\/2017\/07\/IMG_8211-300x225.jpg 300w, https:\/\/kralovany.ecavlos.sk\/wp-content\/uploads\/2017\/07\/IMG_8211-768x576.jpg 768w, https:\/\/kralovany.ecavlos.sk\/wp-content\/uploads\/2017\/07\/IMG_8211-1024x768.jpg 1024w, https:\/\/kralovany.ecavlos.sk\/wp-content\/uploads\/2017\/07\/IMG_8211.jpg 2048w\" sizes=\"(max-width: 300px) 100vw, 300px\" \/> <img loading=\"lazy\" decoding=\"async\" class=\"alignnone size-medium wp-image-566\" src=\"http:\/\/kralovany.ecavlos.sk\/wp-content\/uploads\/2017\/07\/IMG_8212-300x225.jpg\" alt=\"\" width=\"300\" height=\"225\" srcset=\"https:\/\/kralovany.ecavlos.sk\/wp-content\/uploads\/2017\/07\/IMG_8212-300x225.jpg 300w, https:\/\/kralovany.ecavlos.sk\/wp-content\/uploads\/2017\/07\/IMG_8212-768x576.jpg 768w, https:\/\/kralovany.ecavlos.sk\/wp-content\/uploads\/2017\/07\/IMG_8212-1024x768.jpg 1024w, https:\/\/kralovany.ecavlos.sk\/wp-content\/uploads\/2017\/07\/IMG_8212.jpg 2048w\" sizes=\"(max-width: 300px) 100vw, 300px\" \/> <img loading=\"lazy\" decoding=\"async\" class=\"alignnone size-medium wp-image-567\" src=\"http:\/\/kralovany.ecavlos.sk\/wp-content\/uploads\/2017\/07\/IMG_8217-300x225.jpg\" alt=\"\" width=\"300\" height=\"225\" srcset=\"https:\/\/kralovany.ecavlos.sk\/wp-content\/uploads\/2017\/07\/IMG_8217-300x225.jpg 300w, https:\/\/kralovany.ecavlos.sk\/wp-content\/uploads\/2017\/07\/IMG_8217-768x576.jpg 768w, https:\/\/kralovany.ecavlos.sk\/wp-content\/uploads\/2017\/07\/IMG_8217-1024x768.jpg 1024w, https:\/\/kralovany.ecavlos.sk\/wp-content\/uploads\/2017\/07\/IMG_8217.jpg 2048w\" sizes=\"(max-width: 300px) 100vw, 300px\" \/> <img loading=\"lazy\" decoding=\"async\" class=\"alignnone size-medium wp-image-568\" src=\"http:\/\/kralovany.ecavlos.sk\/wp-content\/uploads\/2017\/07\/IMG_8219-300x225.jpg\" alt=\"\" width=\"300\" height=\"225\" srcset=\"https:\/\/kralovany.ecavlos.sk\/wp-content\/uploads\/2017\/07\/IMG_8219-300x225.jpg 300w, https:\/\/kralovany.ecavlos.sk\/wp-content\/uploads\/2017\/07\/IMG_8219-768x576.jpg 768w, https:\/\/kralovany.ecavlos.sk\/wp-content\/uploads\/2017\/07\/IMG_8219-1024x768.jpg 1024w, https:\/\/kralovany.ecavlos.sk\/wp-content\/uploads\/2017\/07\/IMG_8219.jpg 2048w\" sizes=\"(max-width: 300px) 100vw, 300px\" \/> <img loading=\"lazy\" decoding=\"async\" class=\"alignnone size-medium wp-image-569\" src=\"http:\/\/kralovany.ecavlos.sk\/wp-content\/uploads\/2017\/07\/IMG_8220-300x225.jpg\" alt=\"\" width=\"300\" height=\"225\" srcset=\"https:\/\/kralovany.ecavlos.sk\/wp-content\/uploads\/2017\/07\/IMG_8220-300x225.jpg 300w, https:\/\/kralovany.ecavlos.sk\/wp-content\/uploads\/2017\/07\/IMG_8220-768x576.jpg 768w, https:\/\/kralovany.ecavlos.sk\/wp-content\/uploads\/2017\/07\/IMG_8220-1024x768.jpg 1024w, https:\/\/kralovany.ecavlos.sk\/wp-content\/uploads\/2017\/07\/IMG_8220.jpg 2048w\" sizes=\"(max-width: 300px) 100vw, 300px\" \/> <img loading=\"lazy\" decoding=\"async\" class=\"alignnone size-medium wp-image-570\" src=\"http:\/\/kralovany.ecavlos.sk\/wp-content\/uploads\/2017\/07\/IMG_8225-300x225.jpg\" alt=\"\" width=\"300\" height=\"225\" srcset=\"https:\/\/kralovany.ecavlos.sk\/wp-content\/uploads\/2017\/07\/IMG_8225-300x225.jpg 300w, https:\/\/kralovany.ecavlos.sk\/wp-content\/uploads\/2017\/07\/IMG_8225-768x576.jpg 768w, https:\/\/kralovany.ecavlos.sk\/wp-content\/uploads\/2017\/07\/IMG_8225-1024x768.jpg 1024w, https:\/\/kralovany.ecavlos.sk\/wp-content\/uploads\/2017\/07\/IMG_8225.jpg 2048w\" sizes=\"(max-width: 300px) 100vw, 300px\" \/> <img loading=\"lazy\" decoding=\"async\" class=\"alignnone size-medium wp-image-571\" src=\"http:\/\/kralovany.ecavlos.sk\/wp-content\/uploads\/2017\/07\/IMG_8227-300x225.jpg\" alt=\"\" width=\"300\" height=\"225\" srcset=\"https:\/\/kralovany.ecavlos.sk\/wp-content\/uploads\/2017\/07\/IMG_8227-300x225.jpg 300w, https:\/\/kralovany.ecavlos.sk\/wp-content\/uploads\/2017\/07\/IMG_8227-768x576.jpg 768w, https:\/\/kralovany.ecavlos.sk\/wp-content\/uploads\/2017\/07\/IMG_8227-1024x768.jpg 1024w, https:\/\/kralovany.ecavlos.sk\/wp-content\/uploads\/2017\/07\/IMG_8227.jpg 2048w\" sizes=\"(max-width: 300px) 100vw, 300px\" \/> <img loading=\"lazy\" decoding=\"async\" class=\"alignnone size-medium wp-image-572\" src=\"http:\/\/kralovany.ecavlos.sk\/wp-content\/uploads\/2017\/07\/IMG_8229-300x225.jpg\" alt=\"\" width=\"300\" height=\"225\" srcset=\"https:\/\/kralovany.ecavlos.sk\/wp-content\/uploads\/2017\/07\/IMG_8229-300x225.jpg 300w, https:\/\/kralovany.ecavlos.sk\/wp-content\/uploads\/2017\/07\/IMG_8229-768x576.jpg 768w, https:\/\/kralovany.ecavlos.sk\/wp-content\/uploads\/2017\/07\/IMG_8229-1024x768.jpg 1024w, https:\/\/kralovany.ecavlos.sk\/wp-content\/uploads\/2017\/07\/IMG_8229.jpg 2048w\" sizes=\"(max-width: 300px) 100vw, 300px\" \/><\/p>\n","protected":false},"excerpt":{"rendered":"<p>&nbsp; V\u00a0druh\u00fa m\u00e1jov\u00fa nede\u013eu, 14. m\u00e1ja 2017, deti v\u00a0chr\u00e1me Bo\u017eom \u010fakovali P\u00e1nu Bohu za svoje mamy. \u010eakovali aj svojim mam\u00e1m za ich l\u00e1sku a\u00a0starostlivos\u0165. Na z\u00e1ver svojho vyst\u00fapenia deti obdarili svoje mamy mal\u00fdm dar\u010dekom. A\u00a0my prosme, aby P\u00e1n Boh po\u017eehn\u00e1val mamy a\u00a0aj ich deti. &nbsp; \u00a0<\/p>\n","protected":false},"author":1,"featured_media":0,"parent":550,"menu_order":0,"comment_status":"closed","ping_status":"closed","template":"","meta":{"footnotes":""},"class_list":["post-555","page","type-page","status-publish","hentry"],"_links":{"self":[{"href":"https:\/\/kralovany.ecavlos.sk\/index.php?rest_route=\/wp\/v2\/pages\/555"}],"collection":[{"href":"https:\/\/kralovany.ecavlos.sk\/index.php?rest_route=\/wp\/v2\/pages"}],"about":[{"href":"https:\/\/kralovany.ecavlos.sk\/index.php?rest_route=\/wp\/v2\/types\/page"}],"author":[{"embeddable":true,"href":"https:\/\/kralovany.ecavlos.sk\/index.php?rest_route=\/wp\/v2\/users\/1"}],"replies":[{"embeddable":true,"href":"https:\/\/kralovany.ecavlos.sk\/index.php?rest_route=%2Fwp%2Fv2%2Fcomments&post=555"}],"version-history":[{"count":4,"href":"https:\/\/kralovany.ecavlos.sk\/index.php?rest_route=\/wp\/v2\/pages\/555\/revisions"}],"predecessor-version":[{"id":713,"href":"https:\/\/kralovany.ecavlos.sk\/index.php?rest_route=\/wp\/v2\/pages\/555\/revisions\/713"}],"up":[{"embeddable":true,"href":"https:\/\/kralovany.ecavlos.sk\/index.php?rest_route=\/wp\/v2\/pages\/550"}],"wp:attachment":[{"href":"https:\/\/kralovany.ecavlos.sk\/index.php?rest_route=%2Fwp%2Fv2%2Fmedia&parent=555"}],"curies":[{"name":"wp","href":"https:\/\/api.w.org\/{rel}","templated":true}]}}