{"id":574,"date":"2017-07-17T14:35:33","date_gmt":"2017-07-17T12:35:33","guid":{"rendered":"http:\/\/kralovany.ecavlos.sk\/?page_id=574"},"modified":"2017-07-17T22:49:15","modified_gmt":"2017-07-17T20:49:15","slug":"biblicka-olympiada-2017","status":"publish","type":"page","link":"https:\/\/kralovany.ecavlos.sk\/?page_id=574","title":{"rendered":"Biblick\u00e1 olympi\u00e1da 2017"},"content":{"rendered":"<p>&nbsp;<\/p>\n<p><span style=\"color: #000000;\">D\u0148a 31. marca 2017 sa Ter\u00e9zia Hadov\u00e1 a\u00a0Samuel Taba\u010d\u00e1k, \u017eiaci 6.A triedy, z\u00fa\u010dastnili senior\u00e1lneho kola Biblickej olympi\u00e1dy v\u00a0Liptovskom Mikul\u00e1\u0161i, kde si overili svoje vedomosti z\u00a0poznania Biblie. V\u00a0ich kateg\u00f3rii s\u00fa\u0165a\u017eilo 23 \u017eiakov;\u00a0Terezka obsadila 6. miesto a\u00a0Samko 10. miesto. Blaho\u017eel\u00e1me.<\/span><\/p>\n<p>&nbsp;<\/p>\n<p><img loading=\"lazy\" decoding=\"async\" class=\"alignnone size-medium wp-image-575\" src=\"http:\/\/kralovany.ecavlos.sk\/wp-content\/uploads\/2017\/07\/18620077_1212269852235709_5105568887069117744_n-300x225.jpg\" alt=\"\" width=\"300\" height=\"225\" srcset=\"https:\/\/kralovany.ecavlos.sk\/wp-content\/uploads\/2017\/07\/18620077_1212269852235709_5105568887069117744_n-300x225.jpg 300w, https:\/\/kralovany.ecavlos.sk\/wp-content\/uploads\/2017\/07\/18620077_1212269852235709_5105568887069117744_n-768x576.jpg 768w, https:\/\/kralovany.ecavlos.sk\/wp-content\/uploads\/2017\/07\/18620077_1212269852235709_5105568887069117744_n.jpg 960w\" sizes=\"(max-width: 300px) 100vw, 300px\" \/> <img loading=\"lazy\" decoding=\"async\" class=\"alignnone size-medium wp-image-576\" src=\"http:\/\/kralovany.ecavlos.sk\/wp-content\/uploads\/2017\/07\/18622387_1212271665568861_5152307598879875809_n-300x225.jpg\" alt=\"\" width=\"300\" height=\"225\" srcset=\"https:\/\/kralovany.ecavlos.sk\/wp-content\/uploads\/2017\/07\/18622387_1212271665568861_5152307598879875809_n-300x225.jpg 300w, https:\/\/kralovany.ecavlos.sk\/wp-content\/uploads\/2017\/07\/18622387_1212271665568861_5152307598879875809_n-768x576.jpg 768w, https:\/\/kralovany.ecavlos.sk\/wp-content\/uploads\/2017\/07\/18622387_1212271665568861_5152307598879875809_n.jpg 960w\" sizes=\"(max-width: 300px) 100vw, 300px\" \/><\/p>\n","protected":false},"excerpt":{"rendered":"<p>&nbsp; D\u0148a 31. marca 2017 sa Ter\u00e9zia Hadov\u00e1 a\u00a0Samuel Taba\u010d\u00e1k, \u017eiaci 6.A triedy, z\u00fa\u010dastnili senior\u00e1lneho kola Biblickej olympi\u00e1dy v\u00a0Liptovskom Mikul\u00e1\u0161i, kde si overili svoje vedomosti z\u00a0poznania Biblie. V\u00a0ich kateg\u00f3rii s\u00fa\u0165a\u017eilo 23 \u017eiakov;\u00a0Terezka obsadila 6. miesto a\u00a0Samko 10. miesto. Blaho\u017eel\u00e1me. &nbsp;<\/p>\n","protected":false},"author":1,"featured_media":0,"parent":550,"menu_order":0,"comment_status":"closed","ping_status":"closed","template":"","meta":{"footnotes":""},"class_list":["post-574","page","type-page","status-publish","hentry"],"_links":{"self":[{"href":"https:\/\/kralovany.ecavlos.sk\/index.php?rest_route=\/wp\/v2\/pages\/574"}],"collection":[{"href":"https:\/\/kralovany.ecavlos.sk\/index.php?rest_route=\/wp\/v2\/pages"}],"about":[{"href":"https:\/\/kralovany.ecavlos.sk\/index.php?rest_route=\/wp\/v2\/types\/page"}],"author":[{"embeddable":true,"href":"https:\/\/kralovany.ecavlos.sk\/index.php?rest_route=\/wp\/v2\/users\/1"}],"replies":[{"embeddable":true,"href":"https:\/\/kralovany.ecavlos.sk\/index.php?rest_route=%2Fwp%2Fv2%2Fcomments&post=574"}],"version-history":[{"count":2,"href":"https:\/\/kralovany.ecavlos.sk\/index.php?rest_route=\/wp\/v2\/pages\/574\/revisions"}],"predecessor-version":[{"id":712,"href":"https:\/\/kralovany.ecavlos.sk\/index.php?rest_route=\/wp\/v2\/pages\/574\/revisions\/712"}],"up":[{"embeddable":true,"href":"https:\/\/kralovany.ecavlos.sk\/index.php?rest_route=\/wp\/v2\/pages\/550"}],"wp:attachment":[{"href":"https:\/\/kralovany.ecavlos.sk\/index.php?rest_route=%2Fwp%2Fv2%2Fmedia&parent=574"}],"curies":[{"name":"wp","href":"https:\/\/api.w.org\/{rel}","templated":true}]}}