{"id":648,"date":"2017-07-17T21:16:15","date_gmt":"2017-07-17T19:16:15","guid":{"rendered":"http:\/\/kralovany.ecavlos.sk\/?page_id=648"},"modified":"2017-07-17T21:16:15","modified_gmt":"2017-07-17T19:16:15","slug":"zborovy-vylet-2016","status":"publish","type":"page","link":"https:\/\/kralovany.ecavlos.sk\/?page_id=648","title":{"rendered":"Zborov\u00fd v\u00fdlet 2016"},"content":{"rendered":"<p>&nbsp;<\/p>\n<p><span style=\"color: #000000;\">D\u0148a 25. septembra 2016 sa niektor\u00ed z\u00a0n\u00e1s vybrali na v\u00fdlet po Liptove.<\/span><\/p>\n<p><span style=\"color: #000000;\">Za\u010dali sme ho Slu\u017ebami Bo\u017e\u00edmi v\u00a0kr\u00e1snom artikul\u00e1rnom kostole v\u00a0Sv\u00e4tom Kr\u00ed\u017ei \u2013 Lazisku a\u00a0videli sme tam kr\u00e1su zanechan\u00fa predkami. Potom sme uvideli nie\u010do modern\u00e9 \u2013 dom postaven\u00fd naopak, nie\u010do kr\u00e1sne pr\u00edrodn\u00e9 \u2013 vstup do Prosieckej doliny a\u00a0ke\u010f sme za\u010duli hra\u0165 mal\u00fdch muzikantoch v\u00a0na\u0161om vn\u00fatri, zjedli sme nie\u010do chutn\u00e9. <\/span><\/p>\n<p><span style=\"color: #000000;\">Popoludn\u00ed sme sa z\u00fa\u010dastnili D\u0148a Liptovsko-oravsk\u00e9ho senior\u00e1tu v\u00a0Liptovskom Petre a\u00a0ve\u010der sme sa spokojn\u00ed vr\u00e1tili domov.<\/span><\/p>\n<p>&nbsp;<\/p>\n<p><img loading=\"lazy\" decoding=\"async\" class=\"alignnone size-medium wp-image-649\" src=\"http:\/\/kralovany.ecavlos.sk\/wp-content\/uploads\/2017\/07\/IMG_5473-225x300.jpg\" alt=\"\" width=\"225\" height=\"300\" srcset=\"https:\/\/kralovany.ecavlos.sk\/wp-content\/uploads\/2017\/07\/IMG_5473-225x300.jpg 225w, https:\/\/kralovany.ecavlos.sk\/wp-content\/uploads\/2017\/07\/IMG_5473-768x1024.jpg 768w, https:\/\/kralovany.ecavlos.sk\/wp-content\/uploads\/2017\/07\/IMG_5473.jpg 1536w\" sizes=\"(max-width: 225px) 100vw, 225px\" \/>\u00a0\u00a0 <img loading=\"lazy\" decoding=\"async\" class=\"alignnone size-medium wp-image-650\" src=\"http:\/\/kralovany.ecavlos.sk\/wp-content\/uploads\/2017\/07\/IMG_5389-225x300.jpg\" alt=\"\" width=\"225\" height=\"300\" srcset=\"https:\/\/kralovany.ecavlos.sk\/wp-content\/uploads\/2017\/07\/IMG_5389-225x300.jpg 225w, https:\/\/kralovany.ecavlos.sk\/wp-content\/uploads\/2017\/07\/IMG_5389-768x1024.jpg 768w, https:\/\/kralovany.ecavlos.sk\/wp-content\/uploads\/2017\/07\/IMG_5389.jpg 1536w\" sizes=\"(max-width: 225px) 100vw, 225px\" \/>\u00a0\u00a0 <img loading=\"lazy\" decoding=\"async\" class=\"alignnone size-medium wp-image-651\" src=\"http:\/\/kralovany.ecavlos.sk\/wp-content\/uploads\/2017\/07\/IMG_5402-300x225.jpg\" alt=\"\" width=\"300\" height=\"225\" srcset=\"https:\/\/kralovany.ecavlos.sk\/wp-content\/uploads\/2017\/07\/IMG_5402-300x225.jpg 300w, https:\/\/kralovany.ecavlos.sk\/wp-content\/uploads\/2017\/07\/IMG_5402-768x576.jpg 768w, https:\/\/kralovany.ecavlos.sk\/wp-content\/uploads\/2017\/07\/IMG_5402-1024x768.jpg 1024w, https:\/\/kralovany.ecavlos.sk\/wp-content\/uploads\/2017\/07\/IMG_5402.jpg 2048w\" sizes=\"(max-width: 300px) 100vw, 300px\" \/>\u00a0\u00a0 <img loading=\"lazy\" decoding=\"async\" class=\"alignnone size-medium wp-image-652\" src=\"http:\/\/kralovany.ecavlos.sk\/wp-content\/uploads\/2017\/07\/IMG_5479-225x300.jpg\" alt=\"\" width=\"225\" height=\"300\" srcset=\"https:\/\/kralovany.ecavlos.sk\/wp-content\/uploads\/2017\/07\/IMG_5479-225x300.jpg 225w, https:\/\/kralovany.ecavlos.sk\/wp-content\/uploads\/2017\/07\/IMG_5479-768x1024.jpg 768w, https:\/\/kralovany.ecavlos.sk\/wp-content\/uploads\/2017\/07\/IMG_5479.jpg 1536w\" sizes=\"(max-width: 225px) 100vw, 225px\" \/>\u00a0\u00a0 <img loading=\"lazy\" decoding=\"async\" class=\"alignnone size-medium wp-image-653\" src=\"http:\/\/kralovany.ecavlos.sk\/wp-content\/uploads\/2017\/07\/IMG_5495-225x300.jpg\" alt=\"\" width=\"225\" height=\"300\" srcset=\"https:\/\/kralovany.ecavlos.sk\/wp-content\/uploads\/2017\/07\/IMG_5495-225x300.jpg 225w, https:\/\/kralovany.ecavlos.sk\/wp-content\/uploads\/2017\/07\/IMG_5495-768x1024.jpg 768w, https:\/\/kralovany.ecavlos.sk\/wp-content\/uploads\/2017\/07\/IMG_5495.jpg 1536w\" sizes=\"(max-width: 225px) 100vw, 225px\" \/>\u00a0\u00a0 <img loading=\"lazy\" decoding=\"async\" class=\"alignnone size-medium wp-image-654\" src=\"http:\/\/kralovany.ecavlos.sk\/wp-content\/uploads\/2017\/07\/IMG_5503-300x225.jpg\" alt=\"\" width=\"300\" height=\"225\" srcset=\"https:\/\/kralovany.ecavlos.sk\/wp-content\/uploads\/2017\/07\/IMG_5503-300x225.jpg 300w, https:\/\/kralovany.ecavlos.sk\/wp-content\/uploads\/2017\/07\/IMG_5503-768x576.jpg 768w, https:\/\/kralovany.ecavlos.sk\/wp-content\/uploads\/2017\/07\/IMG_5503-1024x768.jpg 1024w, https:\/\/kralovany.ecavlos.sk\/wp-content\/uploads\/2017\/07\/IMG_5503.jpg 2048w\" sizes=\"(max-width: 300px) 100vw, 300px\" \/> \u00a0\u00a0 <img loading=\"lazy\" decoding=\"async\" class=\"alignnone size-medium wp-image-655\" src=\"http:\/\/kralovany.ecavlos.sk\/wp-content\/uploads\/2017\/07\/IMG_5507-300x225.jpg\" alt=\"\" width=\"300\" height=\"225\" srcset=\"https:\/\/kralovany.ecavlos.sk\/wp-content\/uploads\/2017\/07\/IMG_5507-300x225.jpg 300w, https:\/\/kralovany.ecavlos.sk\/wp-content\/uploads\/2017\/07\/IMG_5507-768x576.jpg 768w, https:\/\/kralovany.ecavlos.sk\/wp-content\/uploads\/2017\/07\/IMG_5507-1024x768.jpg 1024w, https:\/\/kralovany.ecavlos.sk\/wp-content\/uploads\/2017\/07\/IMG_5507.jpg 2048w\" sizes=\"(max-width: 300px) 100vw, 300px\" \/> \u00a0\u00a0 <img loading=\"lazy\" decoding=\"async\" class=\"alignnone size-medium wp-image-656\" src=\"http:\/\/kralovany.ecavlos.sk\/wp-content\/uploads\/2017\/07\/IMG_5509-225x300.jpg\" alt=\"\" width=\"225\" height=\"300\" srcset=\"https:\/\/kralovany.ecavlos.sk\/wp-content\/uploads\/2017\/07\/IMG_5509-225x300.jpg 225w, https:\/\/kralovany.ecavlos.sk\/wp-content\/uploads\/2017\/07\/IMG_5509-768x1024.jpg 768w, https:\/\/kralovany.ecavlos.sk\/wp-content\/uploads\/2017\/07\/IMG_5509.jpg 1536w\" sizes=\"(max-width: 225px) 100vw, 225px\" \/> \u00a0\u00a0 <img loading=\"lazy\" decoding=\"async\" class=\"alignnone size-medium wp-image-657\" src=\"http:\/\/kralovany.ecavlos.sk\/wp-content\/uploads\/2017\/07\/IMG_5511-300x225.jpg\" alt=\"\" width=\"300\" height=\"225\" srcset=\"https:\/\/kralovany.ecavlos.sk\/wp-content\/uploads\/2017\/07\/IMG_5511-300x225.jpg 300w, https:\/\/kralovany.ecavlos.sk\/wp-content\/uploads\/2017\/07\/IMG_5511-768x576.jpg 768w, https:\/\/kralovany.ecavlos.sk\/wp-content\/uploads\/2017\/07\/IMG_5511-1024x768.jpg 1024w, https:\/\/kralovany.ecavlos.sk\/wp-content\/uploads\/2017\/07\/IMG_5511.jpg 2048w\" sizes=\"(max-width: 300px) 100vw, 300px\" \/> \u00a0\u00a0 <img loading=\"lazy\" decoding=\"async\" class=\"alignnone size-medium wp-image-658\" src=\"http:\/\/kralovany.ecavlos.sk\/wp-content\/uploads\/2017\/07\/IMG_5515-225x300.jpg\" alt=\"\" width=\"225\" height=\"300\" srcset=\"https:\/\/kralovany.ecavlos.sk\/wp-content\/uploads\/2017\/07\/IMG_5515-225x300.jpg 225w, https:\/\/kralovany.ecavlos.sk\/wp-content\/uploads\/2017\/07\/IMG_5515-768x1024.jpg 768w, https:\/\/kralovany.ecavlos.sk\/wp-content\/uploads\/2017\/07\/IMG_5515.jpg 1536w\" sizes=\"(max-width: 225px) 100vw, 225px\" \/>\u00a0\u00a0 <img loading=\"lazy\" decoding=\"async\" class=\"alignnone size-medium wp-image-659\" src=\"http:\/\/kralovany.ecavlos.sk\/wp-content\/uploads\/2017\/07\/DSC_0170-200x300.jpg\" alt=\"\" width=\"200\" height=\"300\" srcset=\"https:\/\/kralovany.ecavlos.sk\/wp-content\/uploads\/2017\/07\/DSC_0170-200x300.jpg 200w, https:\/\/kralovany.ecavlos.sk\/wp-content\/uploads\/2017\/07\/DSC_0170-768x1155.jpg 768w, https:\/\/kralovany.ecavlos.sk\/wp-content\/uploads\/2017\/07\/DSC_0170-681x1024.jpg 681w, https:\/\/kralovany.ecavlos.sk\/wp-content\/uploads\/2017\/07\/DSC_0170.jpg 798w\" sizes=\"(max-width: 200px) 100vw, 200px\" \/>\u00a0\u00a0 <img loading=\"lazy\" decoding=\"async\" class=\"alignnone size-medium wp-image-660\" src=\"http:\/\/kralovany.ecavlos.sk\/wp-content\/uploads\/2017\/07\/DSC_0313-300x200.jpg\" alt=\"\" width=\"300\" height=\"200\" srcset=\"https:\/\/kralovany.ecavlos.sk\/wp-content\/uploads\/2017\/07\/DSC_0313-300x200.jpg 300w, https:\/\/kralovany.ecavlos.sk\/wp-content\/uploads\/2017\/07\/DSC_0313-768x511.jpg 768w, https:\/\/kralovany.ecavlos.sk\/wp-content\/uploads\/2017\/07\/DSC_0313-1024x681.jpg 1024w, https:\/\/kralovany.ecavlos.sk\/wp-content\/uploads\/2017\/07\/DSC_0313.jpg 1200w\" sizes=\"(max-width: 300px) 100vw, 300px\" \/>\u00a0\u00a0 <img loading=\"lazy\" decoding=\"async\" class=\"alignnone size-medium wp-image-661\" src=\"http:\/\/kralovany.ecavlos.sk\/wp-content\/uploads\/2017\/07\/DSC_0186-300x200.jpg\" alt=\"\" width=\"300\" height=\"200\" srcset=\"https:\/\/kralovany.ecavlos.sk\/wp-content\/uploads\/2017\/07\/DSC_0186-300x200.jpg 300w, https:\/\/kralovany.ecavlos.sk\/wp-content\/uploads\/2017\/07\/DSC_0186-768x511.jpg 768w, https:\/\/kralovany.ecavlos.sk\/wp-content\/uploads\/2017\/07\/DSC_0186-1024x681.jpg 1024w, https:\/\/kralovany.ecavlos.sk\/wp-content\/uploads\/2017\/07\/DSC_0186.jpg 1200w\" sizes=\"(max-width: 300px) 100vw, 300px\" \/>\u00a0\u00a0 <img loading=\"lazy\" decoding=\"async\" class=\"alignnone size-medium wp-image-664\" src=\"http:\/\/kralovany.ecavlos.sk\/wp-content\/uploads\/2017\/07\/DSC_0013-1-1-200x300.jpg\" alt=\"\" width=\"200\" height=\"300\" srcset=\"https:\/\/kralovany.ecavlos.sk\/wp-content\/uploads\/2017\/07\/DSC_0013-1-1-200x300.jpg 200w, https:\/\/kralovany.ecavlos.sk\/wp-content\/uploads\/2017\/07\/DSC_0013-1-1-768x1155.jpg 768w, https:\/\/kralovany.ecavlos.sk\/wp-content\/uploads\/2017\/07\/DSC_0013-1-1-681x1024.jpg 681w, https:\/\/kralovany.ecavlos.sk\/wp-content\/uploads\/2017\/07\/DSC_0013-1-1.jpg 798w\" sizes=\"(max-width: 200px) 100vw, 200px\" \/>\u00a0\u00a0 <img loading=\"lazy\" decoding=\"async\" class=\"alignnone size-medium wp-image-663\" src=\"http:\/\/kralovany.ecavlos.sk\/wp-content\/uploads\/2017\/07\/DSC_0030-1-300x200.jpg\" alt=\"\" width=\"300\" height=\"200\" srcset=\"https:\/\/kralovany.ecavlos.sk\/wp-content\/uploads\/2017\/07\/DSC_0030-1-300x200.jpg 300w, https:\/\/kralovany.ecavlos.sk\/wp-content\/uploads\/2017\/07\/DSC_0030-1-768x511.jpg 768w, https:\/\/kralovany.ecavlos.sk\/wp-content\/uploads\/2017\/07\/DSC_0030-1-1024x681.jpg 1024w, https:\/\/kralovany.ecavlos.sk\/wp-content\/uploads\/2017\/07\/DSC_0030-1.jpg 1200w\" sizes=\"(max-width: 300px) 100vw, 300px\" \/><\/p>\n","protected":false},"excerpt":{"rendered":"<p>&nbsp; D\u0148a 25. septembra 2016 sa niektor\u00ed z\u00a0n\u00e1s vybrali na v\u00fdlet po Liptove. Za\u010dali sme ho Slu\u017ebami Bo\u017e\u00edmi v\u00a0kr\u00e1snom artikul\u00e1rnom kostole v\u00a0Sv\u00e4tom Kr\u00ed\u017ei \u2013 Lazisku a\u00a0videli sme tam kr\u00e1su zanechan\u00fa predkami. Potom sme uvideli nie\u010do modern\u00e9 \u2013 dom postaven\u00fd naopak, nie\u010do kr\u00e1sne pr\u00edrodn\u00e9 \u2013 vstup do Prosieckej doliny a\u00a0ke\u010f sme za\u010duli hra\u0165 mal\u00fdch muzikantoch v\u00a0na\u0161om [&hellip;]<\/p>\n","protected":false},"author":1,"featured_media":0,"parent":550,"menu_order":0,"comment_status":"closed","ping_status":"closed","template":"","meta":{"footnotes":""},"class_list":["post-648","page","type-page","status-publish","hentry"],"_links":{"self":[{"href":"https:\/\/kralovany.ecavlos.sk\/index.php?rest_route=\/wp\/v2\/pages\/648"}],"collection":[{"href":"https:\/\/kralovany.ecavlos.sk\/index.php?rest_route=\/wp\/v2\/pages"}],"about":[{"href":"https:\/\/kralovany.ecavlos.sk\/index.php?rest_route=\/wp\/v2\/types\/page"}],"author":[{"embeddable":true,"href":"https:\/\/kralovany.ecavlos.sk\/index.php?rest_route=\/wp\/v2\/users\/1"}],"replies":[{"embeddable":true,"href":"https:\/\/kralovany.ecavlos.sk\/index.php?rest_route=%2Fwp%2Fv2%2Fcomments&post=648"}],"version-history":[{"count":1,"href":"https:\/\/kralovany.ecavlos.sk\/index.php?rest_route=\/wp\/v2\/pages\/648\/revisions"}],"predecessor-version":[{"id":665,"href":"https:\/\/kralovany.ecavlos.sk\/index.php?rest_route=\/wp\/v2\/pages\/648\/revisions\/665"}],"up":[{"embeddable":true,"href":"https:\/\/kralovany.ecavlos.sk\/index.php?rest_route=\/wp\/v2\/pages\/550"}],"wp:attachment":[{"href":"https:\/\/kralovany.ecavlos.sk\/index.php?rest_route=%2Fwp%2Fv2%2Fmedia&parent=648"}],"curies":[{"name":"wp","href":"https:\/\/api.w.org\/{rel}","templated":true}]}}