{"id":698,"date":"2017-07-17T22:26:11","date_gmt":"2017-07-17T20:26:11","guid":{"rendered":"http:\/\/kralovany.ecavlos.sk\/?page_id=698"},"modified":"2017-07-17T22:52:03","modified_gmt":"2017-07-17T20:52:03","slug":"senioralna-pastoralna-konferencia-2017","status":"publish","type":"page","link":"https:\/\/kralovany.ecavlos.sk\/?page_id=698","title":{"rendered":"Senior\u00e1lna pastor\u00e1lna konferencia 2017"},"content":{"rendered":"<p>&nbsp;<\/p>\n<p><span style=\"color: #000000;\">D\u0148a 15. m\u00e1ja 2017 do n\u00e1\u0161ho cirkevn\u00e9ho zboru zav\u00edtali duchovn\u00ed Liptova a\u00a0Oravy na senior\u00e1lnu pastor\u00e1lnu konferenciu, ktor\u00e1 sa kon\u00e1 jeden kr\u00e1t v\u00a0mesiaci (zvy\u010dajne 2. pondelok) v\u017edy v\u00a0inom cirkevnom zbore.<\/span><\/p>\n<p><span style=\"color: #000000;\">Najsk\u00f4r bola v\u00a0chr\u00e1me Bo\u017eom \u00favodn\u00e1 pobo\u017enos\u0165 a\u00a0potom zasadnutie prebiehalo v\u00a0zasadacej miestnosti Obecn\u00e9ho \u00faradu.<\/span><\/p>\n<p>&nbsp;<\/p>\n<p><img loading=\"lazy\" decoding=\"async\" class=\"alignnone size-medium wp-image-699\" src=\"http:\/\/kralovany.ecavlos.sk\/wp-content\/uploads\/2017\/07\/IMG_8248-300x225.jpg\" alt=\"\" width=\"300\" height=\"225\" srcset=\"https:\/\/kralovany.ecavlos.sk\/wp-content\/uploads\/2017\/07\/IMG_8248-300x225.jpg 300w, https:\/\/kralovany.ecavlos.sk\/wp-content\/uploads\/2017\/07\/IMG_8248-768x576.jpg 768w, https:\/\/kralovany.ecavlos.sk\/wp-content\/uploads\/2017\/07\/IMG_8248-1024x768.jpg 1024w, https:\/\/kralovany.ecavlos.sk\/wp-content\/uploads\/2017\/07\/IMG_8248.jpg 2048w\" sizes=\"(max-width: 300px) 100vw, 300px\" \/>\u00a0\u00a0 <img loading=\"lazy\" decoding=\"async\" class=\"alignnone size-medium wp-image-700\" src=\"http:\/\/kralovany.ecavlos.sk\/wp-content\/uploads\/2017\/07\/IMG_8252-300x225.jpg\" alt=\"\" width=\"300\" height=\"225\" srcset=\"https:\/\/kralovany.ecavlos.sk\/wp-content\/uploads\/2017\/07\/IMG_8252-300x225.jpg 300w, https:\/\/kralovany.ecavlos.sk\/wp-content\/uploads\/2017\/07\/IMG_8252-768x576.jpg 768w, https:\/\/kralovany.ecavlos.sk\/wp-content\/uploads\/2017\/07\/IMG_8252-1024x768.jpg 1024w, https:\/\/kralovany.ecavlos.sk\/wp-content\/uploads\/2017\/07\/IMG_8252.jpg 2048w\" sizes=\"(max-width: 300px) 100vw, 300px\" \/> \u00a0\u00a0 <img loading=\"lazy\" decoding=\"async\" class=\"alignnone size-medium wp-image-701\" src=\"http:\/\/kralovany.ecavlos.sk\/wp-content\/uploads\/2017\/07\/IMG_8254-300x225.jpg\" alt=\"\" width=\"300\" height=\"225\" srcset=\"https:\/\/kralovany.ecavlos.sk\/wp-content\/uploads\/2017\/07\/IMG_8254-300x225.jpg 300w, https:\/\/kralovany.ecavlos.sk\/wp-content\/uploads\/2017\/07\/IMG_8254-768x576.jpg 768w, https:\/\/kralovany.ecavlos.sk\/wp-content\/uploads\/2017\/07\/IMG_8254-1024x768.jpg 1024w, https:\/\/kralovany.ecavlos.sk\/wp-content\/uploads\/2017\/07\/IMG_8254.jpg 2048w\" sizes=\"(max-width: 300px) 100vw, 300px\" \/>\u00a0\u00a0 <img loading=\"lazy\" decoding=\"async\" class=\"alignnone size-medium wp-image-702\" src=\"http:\/\/kralovany.ecavlos.sk\/wp-content\/uploads\/2017\/07\/IMG_8266-300x225.jpg\" alt=\"\" width=\"300\" height=\"225\" srcset=\"https:\/\/kralovany.ecavlos.sk\/wp-content\/uploads\/2017\/07\/IMG_8266-300x225.jpg 300w, https:\/\/kralovany.ecavlos.sk\/wp-content\/uploads\/2017\/07\/IMG_8266-768x576.jpg 768w, https:\/\/kralovany.ecavlos.sk\/wp-content\/uploads\/2017\/07\/IMG_8266-1024x768.jpg 1024w, https:\/\/kralovany.ecavlos.sk\/wp-content\/uploads\/2017\/07\/IMG_8266.jpg 2048w\" sizes=\"(max-width: 300px) 100vw, 300px\" \/><\/p>\n","protected":false},"excerpt":{"rendered":"<p>&nbsp; D\u0148a 15. m\u00e1ja 2017 do n\u00e1\u0161ho cirkevn\u00e9ho zboru zav\u00edtali duchovn\u00ed Liptova a\u00a0Oravy na senior\u00e1lnu pastor\u00e1lnu konferenciu, ktor\u00e1 sa kon\u00e1 jeden kr\u00e1t v\u00a0mesiaci (zvy\u010dajne 2. pondelok) v\u017edy v\u00a0inom cirkevnom zbore. Najsk\u00f4r bola v\u00a0chr\u00e1me Bo\u017eom \u00favodn\u00e1 pobo\u017enos\u0165 a\u00a0potom zasadnutie prebiehalo v\u00a0zasadacej miestnosti Obecn\u00e9ho \u00faradu. &nbsp; \u00a0\u00a0 \u00a0\u00a0 \u00a0\u00a0<\/p>\n","protected":false},"author":1,"featured_media":0,"parent":550,"menu_order":0,"comment_status":"closed","ping_status":"closed","template":"","meta":{"footnotes":""},"class_list":["post-698","page","type-page","status-publish","hentry"],"_links":{"self":[{"href":"https:\/\/kralovany.ecavlos.sk\/index.php?rest_route=\/wp\/v2\/pages\/698"}],"collection":[{"href":"https:\/\/kralovany.ecavlos.sk\/index.php?rest_route=\/wp\/v2\/pages"}],"about":[{"href":"https:\/\/kralovany.ecavlos.sk\/index.php?rest_route=\/wp\/v2\/types\/page"}],"author":[{"embeddable":true,"href":"https:\/\/kralovany.ecavlos.sk\/index.php?rest_route=\/wp\/v2\/users\/1"}],"replies":[{"embeddable":true,"href":"https:\/\/kralovany.ecavlos.sk\/index.php?rest_route=%2Fwp%2Fv2%2Fcomments&post=698"}],"version-history":[{"count":2,"href":"https:\/\/kralovany.ecavlos.sk\/index.php?rest_route=\/wp\/v2\/pages\/698\/revisions"}],"predecessor-version":[{"id":705,"href":"https:\/\/kralovany.ecavlos.sk\/index.php?rest_route=\/wp\/v2\/pages\/698\/revisions\/705"}],"up":[{"embeddable":true,"href":"https:\/\/kralovany.ecavlos.sk\/index.php?rest_route=\/wp\/v2\/pages\/550"}],"wp:attachment":[{"href":"https:\/\/kralovany.ecavlos.sk\/index.php?rest_route=%2Fwp%2Fv2%2Fmedia&parent=698"}],"curies":[{"name":"wp","href":"https:\/\/api.w.org\/{rel}","templated":true}]}}