{"id":72,"date":"2017-04-08T10:30:42","date_gmt":"2017-04-08T08:30:42","guid":{"rendered":"http:\/\/kralovany.ecavlos.sk\/?page_id=72"},"modified":"2017-07-17T11:12:25","modified_gmt":"2017-07-17T09:12:25","slug":"o-cirkevnom-zbore","status":"publish","type":"page","link":"https:\/\/kralovany.ecavlos.sk\/?page_id=72","title":{"rendered":"O cirkevnom zbore"},"content":{"rendered":"<p>&nbsp;<\/p>\n<p><strong><span style=\"color: #000000;\">PRIN\u00c1\u0160AME V\u00c1M <\/span><\/strong><\/p>\n<ul>\n<li><span style=\"color: #000000;\">charakteristiku zboru<\/span><\/li>\n<li><span style=\"color: #000000;\">hist\u00f3riu zboru<\/span><\/li>\n<li><span style=\"color: #000000;\">s\u00fa\u010dasnos\u0165 zboru<\/span><\/li>\n<li><span style=\"color: #000000;\">\u0161trukt\u00faru zboru<\/span><\/li>\n<li><span style=\"color: #000000;\">predstavenie mo\u017enosti podpori\u0165 zbor<\/span><\/li>\n<\/ul>\n","protected":false},"excerpt":{"rendered":"<p>&nbsp; PRIN\u00c1\u0160AME V\u00c1M charakteristiku zboru hist\u00f3riu zboru s\u00fa\u010dasnos\u0165 zboru \u0161trukt\u00faru zboru predstavenie mo\u017enosti podpori\u0165 zbor<\/p>\n","protected":false},"author":1,"featured_media":0,"parent":0,"menu_order":0,"comment_status":"closed","ping_status":"closed","template":"","meta":{"footnotes":""},"class_list":["post-72","page","type-page","status-publish","hentry"],"_links":{"self":[{"href":"https:\/\/kralovany.ecavlos.sk\/index.php?rest_route=\/wp\/v2\/pages\/72"}],"collection":[{"href":"https:\/\/kralovany.ecavlos.sk\/index.php?rest_route=\/wp\/v2\/pages"}],"about":[{"href":"https:\/\/kralovany.ecavlos.sk\/index.php?rest_route=\/wp\/v2\/types\/page"}],"author":[{"embeddable":true,"href":"https:\/\/kralovany.ecavlos.sk\/index.php?rest_route=\/wp\/v2\/users\/1"}],"replies":[{"embeddable":true,"href":"https:\/\/kralovany.ecavlos.sk\/index.php?rest_route=%2Fwp%2Fv2%2Fcomments&post=72"}],"version-history":[{"count":4,"href":"https:\/\/kralovany.ecavlos.sk\/index.php?rest_route=\/wp\/v2\/pages\/72\/revisions"}],"predecessor-version":[{"id":547,"href":"https:\/\/kralovany.ecavlos.sk\/index.php?rest_route=\/wp\/v2\/pages\/72\/revisions\/547"}],"wp:attachment":[{"href":"https:\/\/kralovany.ecavlos.sk\/index.php?rest_route=%2Fwp%2Fv2%2Fmedia&parent=72"}],"curies":[{"name":"wp","href":"https:\/\/api.w.org\/{rel}","templated":true}]}}