{"id":771,"date":"2017-09-07T21:23:50","date_gmt":"2017-09-07T19:23:50","guid":{"rendered":"http:\/\/kralovany.ecavlos.sk\/?page_id=771"},"modified":"2017-09-07T21:23:50","modified_gmt":"2017-09-07T19:23:50","slug":"detsky-pobytovy-tabor-2017","status":"publish","type":"page","link":"https:\/\/kralovany.ecavlos.sk\/?page_id=771","title":{"rendered":"Detsk\u00fd pobytov\u00fd t\u00e1bor 2017"},"content":{"rendered":"<p>&nbsp;<\/p>\n<p>U\u017e skoro na konci pr\u00e1zdnin (21. &#8211; 25. augusta 2017) sa konal detsk\u00fd pobytov\u00fd t\u00e1bor v Oravskom centre ml\u00e1de\u017ee R\u00edmsko-katol\u00edckej cirkvi v \u00dast\u00ed nad Priehradou.<\/p>\n<p>Na\u0161e deti pre\u017eili \u010das hier, s\u00fa\u0165a\u017e\u00ed, sk\u00fa\u0161ok odvahy, tvorivosti, \u010das po\u010d\u00favania i rozpr\u00e1vania, modlitieb a spevu s de\u0165mi z Istebn\u00e9ho, Veli\u010dnej a Le\u0161t\u00edn.\u00a0 Okrem svojich rovesn\u00edkov mali mo\u017enos\u0165 spozna\u0165 \u010dlenov J\u00e1kobovej rodiny.<\/p>\n<p>Dokonca \u010fakuj\u00fac P\u00e1nu Bohu za Jeho ochranu a po\u017eehnanie vyst\u00fapili s pies\u0148ou nasleduj\u00facu nede\u013eu v na\u0161om chr\u00e1me Bo\u017eom, ako aj v chr\u00e1me v Istebnom a vo Veli\u010dnej.<\/p>\n<p>A u\u017e teraz vyjadrili t\u00fa\u017ebu stretn\u00fa\u0165 sa op\u00e4\u0165 o rok.<\/p>\n<p>&nbsp;<\/p>\n<p><img loading=\"lazy\" decoding=\"async\" class=\"alignnone size-medium wp-image-773\" src=\"http:\/\/kralovany.ecavlos.sk\/wp-content\/uploads\/2017\/09\/IMG_1994-300x225.jpg\" alt=\"\" width=\"300\" height=\"225\" srcset=\"https:\/\/kralovany.ecavlos.sk\/wp-content\/uploads\/2017\/09\/IMG_1994-300x225.jpg 300w, https:\/\/kralovany.ecavlos.sk\/wp-content\/uploads\/2017\/09\/IMG_1994-768x576.jpg 768w, https:\/\/kralovany.ecavlos.sk\/wp-content\/uploads\/2017\/09\/IMG_1994-1024x768.jpg 1024w, https:\/\/kralovany.ecavlos.sk\/wp-content\/uploads\/2017\/09\/IMG_1994.jpg 2048w\" sizes=\"(max-width: 300px) 100vw, 300px\" \/>\u00a0 <img loading=\"lazy\" decoding=\"async\" class=\"alignnone size-medium wp-image-774\" src=\"http:\/\/kralovany.ecavlos.sk\/wp-content\/uploads\/2017\/09\/IMG_2204-300x225.jpg\" alt=\"\" width=\"300\" height=\"225\" srcset=\"https:\/\/kralovany.ecavlos.sk\/wp-content\/uploads\/2017\/09\/IMG_2204-300x225.jpg 300w, https:\/\/kralovany.ecavlos.sk\/wp-content\/uploads\/2017\/09\/IMG_2204-768x576.jpg 768w, https:\/\/kralovany.ecavlos.sk\/wp-content\/uploads\/2017\/09\/IMG_2204-1024x768.jpg 1024w, https:\/\/kralovany.ecavlos.sk\/wp-content\/uploads\/2017\/09\/IMG_2204.jpg 2048w\" sizes=\"(max-width: 300px) 100vw, 300px\" \/><img loading=\"lazy\" decoding=\"async\" class=\"alignnone size-medium wp-image-775\" src=\"http:\/\/kralovany.ecavlos.sk\/wp-content\/uploads\/2017\/09\/IMG_2216-300x225.jpg\" alt=\"\" width=\"300\" height=\"225\" srcset=\"https:\/\/kralovany.ecavlos.sk\/wp-content\/uploads\/2017\/09\/IMG_2216-300x225.jpg 300w, https:\/\/kralovany.ecavlos.sk\/wp-content\/uploads\/2017\/09\/IMG_2216-768x576.jpg 768w, https:\/\/kralovany.ecavlos.sk\/wp-content\/uploads\/2017\/09\/IMG_2216-1024x768.jpg 1024w, https:\/\/kralovany.ecavlos.sk\/wp-content\/uploads\/2017\/09\/IMG_2216.jpg 2048w\" sizes=\"(max-width: 300px) 100vw, 300px\" \/>\u00a0 <img loading=\"lazy\" decoding=\"async\" class=\"alignnone size-medium wp-image-776\" src=\"http:\/\/kralovany.ecavlos.sk\/wp-content\/uploads\/2017\/09\/IMG_2534-300x225.jpg\" alt=\"\" width=\"300\" height=\"225\" srcset=\"https:\/\/kralovany.ecavlos.sk\/wp-content\/uploads\/2017\/09\/IMG_2534-300x225.jpg 300w, https:\/\/kralovany.ecavlos.sk\/wp-content\/uploads\/2017\/09\/IMG_2534-768x576.jpg 768w, https:\/\/kralovany.ecavlos.sk\/wp-content\/uploads\/2017\/09\/IMG_2534-1024x768.jpg 1024w, https:\/\/kralovany.ecavlos.sk\/wp-content\/uploads\/2017\/09\/IMG_2534.jpg 2048w\" sizes=\"(max-width: 300px) 100vw, 300px\" \/><img loading=\"lazy\" decoding=\"async\" class=\"alignnone size-medium wp-image-777\" src=\"http:\/\/kralovany.ecavlos.sk\/wp-content\/uploads\/2017\/09\/IMG_3127-300x225.jpg\" alt=\"\" width=\"300\" height=\"225\" srcset=\"https:\/\/kralovany.ecavlos.sk\/wp-content\/uploads\/2017\/09\/IMG_3127-300x225.jpg 300w, https:\/\/kralovany.ecavlos.sk\/wp-content\/uploads\/2017\/09\/IMG_3127-768x576.jpg 768w, https:\/\/kralovany.ecavlos.sk\/wp-content\/uploads\/2017\/09\/IMG_3127-1024x768.jpg 1024w, https:\/\/kralovany.ecavlos.sk\/wp-content\/uploads\/2017\/09\/IMG_3127.jpg 2048w\" sizes=\"(max-width: 300px) 100vw, 300px\" \/>\u00a0 <img loading=\"lazy\" decoding=\"async\" class=\"alignnone size-medium wp-image-778\" src=\"http:\/\/kralovany.ecavlos.sk\/wp-content\/uploads\/2017\/09\/IMG_3165-225x300.jpg\" alt=\"\" width=\"225\" height=\"300\" srcset=\"https:\/\/kralovany.ecavlos.sk\/wp-content\/uploads\/2017\/09\/IMG_3165-225x300.jpg 225w, https:\/\/kralovany.ecavlos.sk\/wp-content\/uploads\/2017\/09\/IMG_3165-768x1024.jpg 768w, https:\/\/kralovany.ecavlos.sk\/wp-content\/uploads\/2017\/09\/IMG_3165.jpg 1536w\" sizes=\"(max-width: 225px) 100vw, 225px\" \/><img loading=\"lazy\" decoding=\"async\" class=\"alignnone size-medium wp-image-779\" src=\"http:\/\/kralovany.ecavlos.sk\/wp-content\/uploads\/2017\/09\/IMG_3749-300x225.jpg\" alt=\"\" width=\"300\" height=\"225\" srcset=\"https:\/\/kralovany.ecavlos.sk\/wp-content\/uploads\/2017\/09\/IMG_3749-300x225.jpg 300w, https:\/\/kralovany.ecavlos.sk\/wp-content\/uploads\/2017\/09\/IMG_3749-768x576.jpg 768w, https:\/\/kralovany.ecavlos.sk\/wp-content\/uploads\/2017\/09\/IMG_3749-1024x768.jpg 1024w, https:\/\/kralovany.ecavlos.sk\/wp-content\/uploads\/2017\/09\/IMG_3749.jpg 2048w\" sizes=\"(max-width: 300px) 100vw, 300px\" \/><\/p>\n","protected":false},"excerpt":{"rendered":"<p>&nbsp; U\u017e skoro na konci pr\u00e1zdnin (21. &#8211; 25. augusta 2017) sa konal detsk\u00fd pobytov\u00fd t\u00e1bor v Oravskom centre ml\u00e1de\u017ee R\u00edmsko-katol\u00edckej cirkvi v \u00dast\u00ed nad Priehradou. Na\u0161e deti pre\u017eili \u010das hier, s\u00fa\u0165a\u017e\u00ed, sk\u00fa\u0161ok odvahy, tvorivosti, \u010das po\u010d\u00favania i rozpr\u00e1vania, modlitieb a spevu s de\u0165mi z Istebn\u00e9ho, Veli\u010dnej a Le\u0161t\u00edn.\u00a0 Okrem svojich rovesn\u00edkov mali mo\u017enos\u0165 spozna\u0165 [&hellip;]<\/p>\n","protected":false},"author":1,"featured_media":0,"parent":550,"menu_order":0,"comment_status":"closed","ping_status":"closed","template":"","meta":{"footnotes":""},"class_list":["post-771","page","type-page","status-publish","hentry"],"_links":{"self":[{"href":"https:\/\/kralovany.ecavlos.sk\/index.php?rest_route=\/wp\/v2\/pages\/771"}],"collection":[{"href":"https:\/\/kralovany.ecavlos.sk\/index.php?rest_route=\/wp\/v2\/pages"}],"about":[{"href":"https:\/\/kralovany.ecavlos.sk\/index.php?rest_route=\/wp\/v2\/types\/page"}],"author":[{"embeddable":true,"href":"https:\/\/kralovany.ecavlos.sk\/index.php?rest_route=\/wp\/v2\/users\/1"}],"replies":[{"embeddable":true,"href":"https:\/\/kralovany.ecavlos.sk\/index.php?rest_route=%2Fwp%2Fv2%2Fcomments&post=771"}],"version-history":[{"count":1,"href":"https:\/\/kralovany.ecavlos.sk\/index.php?rest_route=\/wp\/v2\/pages\/771\/revisions"}],"predecessor-version":[{"id":780,"href":"https:\/\/kralovany.ecavlos.sk\/index.php?rest_route=\/wp\/v2\/pages\/771\/revisions\/780"}],"up":[{"embeddable":true,"href":"https:\/\/kralovany.ecavlos.sk\/index.php?rest_route=\/wp\/v2\/pages\/550"}],"wp:attachment":[{"href":"https:\/\/kralovany.ecavlos.sk\/index.php?rest_route=%2Fwp%2Fv2%2Fmedia&parent=771"}],"curies":[{"name":"wp","href":"https:\/\/api.w.org\/{rel}","templated":true}]}}