{"id":965,"date":"2018-01-22T23:36:46","date_gmt":"2018-01-22T22:36:46","guid":{"rendered":"http:\/\/kralovany.ecavlos.sk\/?page_id=965"},"modified":"2018-12-17T20:02:38","modified_gmt":"2018-12-17T19:02:38","slug":"zborovy-casopis-2018","status":"publish","type":"page","link":"https:\/\/kralovany.ecavlos.sk\/?page_id=965","title":{"rendered":"Zborov\u00fd \u010dasopis 2018"},"content":{"rendered":"<p>&nbsp;<\/p>\n<p><a href=\"http:\/\/kralovany.ecavlos.sk\/wp-content\/uploads\/2018\/01\/zborov\u00fd-\u010dasopis-\u010d.-1_2018.pdf\">zborov\u00fd \u010dasopis \u010d. 1_2018<\/a><\/p>\n<p><a href=\"http:\/\/kralovany.ecavlos.sk\/wp-content\/uploads\/2018\/01\/zborov\u00fd-\u010dasopis-\u010d.-2_2018.pdf\">zborov\u00fd \u010dasopis \u010d. 2_2018<\/a><\/p>\n<p><a href=\"http:\/\/kralovany.ecavlos.sk\/wp-content\/uploads\/2018\/01\/zborov\u00fd-\u010dasopis-\u010d.-3_2018.pdf\">zborov\u00fd \u010dasopis \u010d. 3_2018<\/a><\/p>\n<p><a href=\"http:\/\/kralovany.ecavlos.sk\/wp-content\/uploads\/2018\/01\/zborov\u00fd-\u010dasopis-\u010d.-4_2018.pdf\">zborov\u00fd \u010dasopis \u010d. 4_2018<\/a><\/p>\n<p><a href=\"http:\/\/kralovany.ecavlos.sk\/wp-content\/uploads\/2018\/01\/zborov\u00fd-\u010dasopis-\u010d.-5_2018.pdf\">zborov\u00fd \u010dasopis \u010d. 5_2018<\/a><\/p>\n<p>&nbsp;<\/p>\n<p>&nbsp;<\/p>\n","protected":false},"excerpt":{"rendered":"<p>&nbsp; zborov\u00fd \u010dasopis \u010d. 1_2018 zborov\u00fd \u010dasopis \u010d. 2_2018 zborov\u00fd \u010dasopis \u010d. 3_2018 zborov\u00fd \u010dasopis \u010d. 4_2018 zborov\u00fd \u010dasopis \u010d. 5_2018 &nbsp; &nbsp;<\/p>\n","protected":false},"author":1,"featured_media":0,"parent":2,"menu_order":0,"comment_status":"closed","ping_status":"closed","template":"","meta":{"footnotes":""},"class_list":["post-965","page","type-page","status-publish","hentry"],"_links":{"self":[{"href":"https:\/\/kralovany.ecavlos.sk\/index.php?rest_route=\/wp\/v2\/pages\/965"}],"collection":[{"href":"https:\/\/kralovany.ecavlos.sk\/index.php?rest_route=\/wp\/v2\/pages"}],"about":[{"href":"https:\/\/kralovany.ecavlos.sk\/index.php?rest_route=\/wp\/v2\/types\/page"}],"author":[{"embeddable":true,"href":"https:\/\/kralovany.ecavlos.sk\/index.php?rest_route=\/wp\/v2\/users\/1"}],"replies":[{"embeddable":true,"href":"https:\/\/kralovany.ecavlos.sk\/index.php?rest_route=%2Fwp%2Fv2%2Fcomments&post=965"}],"version-history":[{"count":6,"href":"https:\/\/kralovany.ecavlos.sk\/index.php?rest_route=\/wp\/v2\/pages\/965\/revisions"}],"predecessor-version":[{"id":1443,"href":"https:\/\/kralovany.ecavlos.sk\/index.php?rest_route=\/wp\/v2\/pages\/965\/revisions\/1443"}],"up":[{"embeddable":true,"href":"https:\/\/kralovany.ecavlos.sk\/index.php?rest_route=\/wp\/v2\/pages\/2"}],"wp:attachment":[{"href":"https:\/\/kralovany.ecavlos.sk\/index.php?rest_route=%2Fwp%2Fv2%2Fmedia&parent=965"}],"curies":[{"name":"wp","href":"https:\/\/api.w.org\/{rel}","templated":true}]}}